{"id":995,"date":"2021-11-25T21:22:29","date_gmt":"2021-11-25T21:22:29","guid":{"rendered":"http:\/\/fkbv2.um.si\/?page_id=995"},"modified":"2023-12-09T17:10:23","modified_gmt":"2023-12-09T17:10:23","slug":"matematika-informatika","status":"publish","type":"page","link":"https:\/\/www.fkbv.um.si\/?page_id=995","title":{"rendered":"Matematika, informatika, &#8230;"},"content":{"rendered":"\t\t<div data-elementor-type=\"wp-page\" data-elementor-id=\"995\" class=\"elementor elementor-995\" data-elementor-post-type=\"page\">\n\t\t\t\t\t\t<section class=\"elementor-section elementor-top-section elementor-element elementor-element-2e0d4abc elementor-section-boxed elementor-section-height-default elementor-section-height-default\" data-id=\"2e0d4abc\" data-element_type=\"section\" data-e-type=\"section\" data-settings=\"{&quot;background_background&quot;:&quot;classic&quot;}\">\n\t\t\t\t\t\t<div class=\"elementor-container elementor-column-gap-default\">\n\t\t\t\t\t<div class=\"elementor-column elementor-col-100 elementor-top-column elementor-element elementor-element-318cfb06 elementor-invisible\" data-id=\"318cfb06\" data-element_type=\"column\" data-e-type=\"column\" data-settings=\"{&quot;animation&quot;:&quot;fadeIn&quot;}\">\n\t\t\t<div class=\"elementor-widget-wrap elementor-element-populated\">\n\t\t\t\t\t\t<div class=\"elementor-element elementor-element-1d82533a elementor-invisible elementor-widget elementor-widget-heading\" data-id=\"1d82533a\" data-element_type=\"widget\" data-e-type=\"widget\" id=\"katedre\" data-settings=\"{&quot;_animation&quot;:&quot;fadeIn&quot;}\" data-widget_type=\"heading.default\">\n\t\t\t\t<div class=\"elementor-widget-container\">\n\t\t\t\t\t<h2 class=\"elementor-heading-title elementor-size-default\">KATEDRa za matemati\u010dne metode, informatiko in statistiko v kmetijstvu<\/h2>\t\t\t\t<\/div>\n\t\t\t\t<\/div>\n\t\t\t\t<div class=\"elementor-element elementor-element-7cd2f9da elementor-invisible elementor-widget elementor-widget-toggle\" data-id=\"7cd2f9da\" data-element_type=\"widget\" data-e-type=\"widget\" data-settings=\"{&quot;_animation&quot;:&quot;fadeIn&quot;,&quot;_animation_delay&quot;:100}\" data-widget_type=\"toggle.default\">\n\t\t\t\t<div class=\"elementor-widget-container\">\n\t\t\t\t\t\t\t<div class=\"elementor-toggle\">\n\t\t\t\t\t\t\t<div class=\"elementor-toggle-item\">\n\t\t\t\t\t<h3 id=\"elementor-tab-title-2091\" class=\"elementor-tab-title\" data-tab=\"1\" role=\"button\" aria-controls=\"elementor-tab-content-2091\" aria-expanded=\"false\">\n\t\t\t\t\t\t\t\t\t\t\t\t<span class=\"elementor-toggle-icon elementor-toggle-icon-right\" aria-hidden=\"true\">\n\t\t\t\t\t\t\t\t\t\t\t\t\t\t\t<span class=\"elementor-toggle-icon-closed\"><i class=\"fas fa-angle-down\"><\/i><\/span>\n\t\t\t\t\t\t\t\t<span class=\"elementor-toggle-icon-opened\"><i class=\"elementor-toggle-icon-opened fas fa-angle-up\"><\/i><\/span>\n\t\t\t\t\t\t\t\t\t\t\t\t\t<\/span>\n\t\t\t\t\t\t\t\t\t\t\t\t<a class=\"elementor-toggle-title\" tabindex=\"0\">Katedra za matemati\u010dne metode, informatiko in statistiko v kmetijstvu<\/a>\n\t\t\t\t\t<\/h3>\n\n\t\t\t\t\t<div id=\"elementor-tab-content-2091\" class=\"elementor-tab-content elementor-clearfix\" data-tab=\"1\" role=\"region\" aria-labelledby=\"elementor-tab-title-2091\"><h3><strong>\u010clani katedre:<\/strong><\/h3><div><strong>Doc. dr.\u00a0Tadeja Kraner \u0160umenjak, predstojnica<\/strong><\/div><ul><li><strong>Habilitacijsko podro\u010dje:<\/strong> Matematika<\/li><li><strong>Izobrazba<\/strong>: doktorat znanosti Univerza v Mariboru, Fakulteta za naravoslovje in matematiko (2009)<\/li><li><strong>Kontakt:<\/strong>\u00a0+386 2 320 90 17<\/li><li><strong>E-mail:<\/strong> tadeja.kraner@um.si<\/li><li><strong>Pisarna:<\/strong>\u00a0G003<\/li><li><strong>Govorilne ure:<\/strong>\u00a0po predhodnem dogovoru<\/li><li><strong>\u010clanstvo:<\/strong> IMFM<\/li><li><strong>Dru\u017ebena omre\u017eja:<\/strong>\u00a0<a href=\"https:\/\/www.researchgate.net\/profile\/Janja_Kristl\">ResearchGate<\/a><\/li><\/ul><div>\u00a0<\/div><div><strong>Doc. dr. Vilma Sem, asistentka<\/strong><\/div><div><ul><li><strong>Habilitacijsko podro\u010dje:<\/strong> Matematika<\/li><li><strong>Izobrazba<\/strong>: doktorat znanosti Univerza v Ljubljani, Interdisciplinarni \u0161tudij statistike (2017)<\/li><li><strong>Kontakt:<\/strong>\u00a0+386 2 320 90 17<\/li><li><strong>E-mail:<\/strong> vilma.sem@um.si<\/li><li><strong>Pisarna:<\/strong>\u00a0G003<\/li><li><strong>Govorilne ure: https:\/\/aips.um.si\/GovorilneUre.aspx<\/strong><\/li><\/ul><\/div><div>\u00a0<\/div><div>\u00a0<\/div><\/div>\n\t\t\t\t<\/div>\n\t\t\t\t\t\t\t<div class=\"elementor-toggle-item\">\n\t\t\t\t\t<h3 id=\"elementor-tab-title-2092\" class=\"elementor-tab-title\" data-tab=\"2\" role=\"button\" aria-controls=\"elementor-tab-content-2092\" aria-expanded=\"false\">\n\t\t\t\t\t\t\t\t\t\t\t\t<span class=\"elementor-toggle-icon elementor-toggle-icon-right\" aria-hidden=\"true\">\n\t\t\t\t\t\t\t\t\t\t\t\t\t\t\t<span class=\"elementor-toggle-icon-closed\"><i class=\"fas fa-angle-down\"><\/i><\/span>\n\t\t\t\t\t\t\t\t<span class=\"elementor-toggle-icon-opened\"><i class=\"elementor-toggle-icon-opened fas fa-angle-up\"><\/i><\/span>\n\t\t\t\t\t\t\t\t\t\t\t\t\t<\/span>\n\t\t\t\t\t\t\t\t\t\t\t\t<a class=\"elementor-toggle-title\" tabindex=\"0\">Pedago\u0161ka dejavnost<\/a>\n\t\t\t\t\t<\/h3>\n\n\t\t\t\t\t<div id=\"elementor-tab-content-2092\" class=\"elementor-tab-content elementor-clearfix\" data-tab=\"2\" role=\"region\" aria-labelledby=\"elementor-tab-title-2092\"><table border=\"0\" cellspacing=\"0\" cellpadding=\"0\"><tbody><tr><td><p>Predmet<\/p><\/td><td valign=\"top\"><strong>I. STOPNJA<\/strong><\/td><\/tr><tr><td valign=\"top\">Uporabna matematika<\/td><td valign=\"top\">Agrikultura in okolje\u00a0\u2013 univerzitetni \u0161tudijski program<\/td><\/tr><tr><td valign=\"top\">Matematika<\/td><td valign=\"top\">Biosistemsko in\u017eenirstvo<\/td><\/tr><tr><td valign=\"top\">Matematika in statistika<\/td><td valign=\"top\"><ul><li>\u017divinoreja<\/li><li>Vinogradni\u0161tvo, vinarstvo in sadjarstvo<\/li><li>Agrarna ekonomika in razvoj pode\u017eelja<\/li><li>Ekolo\u0161ko kmetijstvo<\/li><li>Agronomija<\/li><\/ul><\/td><\/tr><tr><td valign=\"top\"><p>Biometrika<\/p><p>Statistika II<\/p><\/td><td valign=\"top\"><p>Agrikultura in okolje\u00a0\u2013 univerzitetni \u0161tudijski program<\/p><p><strong>II. STOPNJA<\/strong><\/p><p>\u00a0Kmetijstvo-podiplomski magistrski \u0161tudijski program<\/p><\/td><\/tr><\/tbody><\/table><\/div>\n\t\t\t\t<\/div>\n\t\t\t\t\t\t\t<div class=\"elementor-toggle-item\">\n\t\t\t\t\t<h3 id=\"elementor-tab-title-2093\" class=\"elementor-tab-title\" data-tab=\"3\" role=\"button\" aria-controls=\"elementor-tab-content-2093\" aria-expanded=\"false\">\n\t\t\t\t\t\t\t\t\t\t\t\t<span class=\"elementor-toggle-icon elementor-toggle-icon-right\" aria-hidden=\"true\">\n\t\t\t\t\t\t\t\t\t\t\t\t\t\t\t<span class=\"elementor-toggle-icon-closed\"><i class=\"fas fa-angle-down\"><\/i><\/span>\n\t\t\t\t\t\t\t\t<span class=\"elementor-toggle-icon-opened\"><i class=\"elementor-toggle-icon-opened fas fa-angle-up\"><\/i><\/span>\n\t\t\t\t\t\t\t\t\t\t\t\t\t<\/span>\n\t\t\t\t\t\t\t\t\t\t\t\t<a class=\"elementor-toggle-title\" tabindex=\"0\">Raziskovalna dejavnost<\/a>\n\t\t\t\t\t<\/h3>\n\n\t\t\t\t\t<div id=\"elementor-tab-content-2093\" class=\"elementor-tab-content elementor-clearfix\" data-tab=\"3\" role=\"region\" aria-labelledby=\"elementor-tab-title-2093\"><p><strong><span style=\"text-decoration: underline;\">DOC. DR. TADEJA KRANER \u0160UMENJAK<\/span><br \/><\/strong><\/p><p><strong>Raziskovalno podro\u010dje:<\/strong><br \/>teorija grafov (grafovske invariante, grafovski produkti, metri\u010dna teorija grafov), napredne statisti\u010dne metode (aplikacija v naravoslovnih znanostih)<\/p><p><strong>Raziskovalna dejavnost, publikacije in mentorstva: <\/strong><a href=\"https:\/\/cris.cobiss.net\/ecris\/si\/sl\/researcher\/15676\">https:\/\/cris.cobiss.net\/ecris\/si\/sl\/researcher\/15676<\/a><\/p><p><span style=\"text-decoration: underline;\"><strong>DOC. DR. VILMA SEM<\/strong><\/span><\/p><p><strong>Raziskovalno podro\u010dje:<\/strong><br \/>kemometrija, biostatistika, statistika<\/p><p><strong>Raziskovalna dejavnost, publikacije in mentorstva:<\/strong> <a href=\"https:\/\/www.sicris.si\/public\/jqm\/search_basic.aspx?lang=slv&amp;opt=2&amp;subopt=1&amp;opdescr=search&amp;code1=cmn&amp;code2=auto&amp;search_term=vilma%20sem\">https:\/\/www.sicris.si\/public\/jqm\/search_basic.aspx?lang=slv&amp;opt=2&amp;subopt=1&amp;opdescr=search&amp;code1=cmn&amp;code2=auto&amp;search_term=vilma%20sem<\/a><\/p><\/div>\n\t\t\t\t<\/div>\n\t\t\t\t\t\t\t\t<\/div>\n\t\t\t\t\t\t<\/div>\n\t\t\t\t<\/div>\n\t\t\t\t\t<\/div>\n\t\t<\/div>\n\t\t\t\t\t<\/div>\n\t\t<\/section>\n\t\t\t\t<section class=\"elementor-section elementor-top-section elementor-element elementor-element-db7a39d elementor-section-boxed elementor-section-height-default elementor-section-height-default\" data-id=\"db7a39d\" data-element_type=\"section\" data-e-type=\"section\" data-settings=\"{&quot;background_background&quot;:&quot;classic&quot;}\">\n\t\t\t\t\t\t<div class=\"elementor-container elementor-column-gap-default\">\n\t\t\t\t\t<div class=\"elementor-column elementor-col-100 elementor-top-column elementor-element elementor-element-8aee16c\" data-id=\"8aee16c\" data-element_type=\"column\" data-e-type=\"column\">\n\t\t\t<div class=\"elementor-widget-wrap elementor-element-populated\">\n\t\t\t\t\t\t<div class=\"elementor-element elementor-element-c5418cd elementor-widget elementor-widget-spacer\" data-id=\"c5418cd\" data-element_type=\"widget\" data-e-type=\"widget\" data-widget_type=\"spacer.default\">\n\t\t\t\t<div class=\"elementor-widget-container\">\n\t\t\t\t\t\t\t<div class=\"elementor-spacer\">\n\t\t\t<div class=\"elementor-spacer-inner\"><\/div>\n\t\t<\/div>\n\t\t\t\t\t\t<\/div>\n\t\t\t\t<\/div>\n\t\t\t\t\t<\/div>\n\t\t<\/div>\n\t\t\t\t\t<\/div>\n\t\t<\/section>\n\t\t\t\t<\/div>\n\t\t","protected":false},"excerpt":{"rendered":"<p>KATEDRa za matemati\u010dne metode, informatiko in statistiko v kmetijstvu Katedra za matemati\u010dne metode, informatiko in statistiko v kmetijstvu \u010clani katedre: Doc. dr.\u00a0Tadeja Kraner \u0160umenjak, predstojnica Habilitacijsko podro\u010dje: Matematika Izobrazba: doktorat znanosti Univerza v Mariboru, Fakulteta za naravoslovje in matematiko (2009) Kontakt:\u00a0+386 2 320 90 17 E-mail: tadeja.kraner@um.si Pisarna:\u00a0G003 Govorilne ure:\u00a0po predhodnem dogovoru \u010clanstvo: IMFM Dru\u017ebena [&hellip;]<\/p>\n","protected":false},"author":1,"featured_media":0,"parent":0,"menu_order":0,"comment_status":"closed","ping_status":"closed","template":"elementor_header_footer","meta":{"ocean_post_layout":"","ocean_both_sidebars_style":"","ocean_both_sidebars_content_width":0,"ocean_both_sidebars_sidebars_width":0,"ocean_sidebar":"0","ocean_second_sidebar":"0","ocean_disable_margins":"enable","ocean_add_body_class":"","ocean_shortcode_before_top_bar":"","ocean_shortcode_after_top_bar":"","ocean_shortcode_before_header":"","ocean_shortcode_after_header":"","ocean_has_shortcode":"","ocean_shortcode_after_title":"","ocean_shortcode_before_footer_widgets":"","ocean_shortcode_after_footer_widgets":"","ocean_shortcode_before_footer_bottom":"","ocean_shortcode_after_footer_bottom":"","ocean_display_top_bar":"default","ocean_display_header":"default","ocean_header_style":"","ocean_center_header_left_menu":"0","ocean_custom_header_template":"0","ocean_custom_logo":0,"ocean_custom_retina_logo":0,"ocean_custom_logo_max_width":0,"ocean_custom_logo_tablet_max_width":0,"ocean_custom_logo_mobile_max_width":0,"ocean_custom_logo_max_height":0,"ocean_custom_logo_tablet_max_height":0,"ocean_custom_logo_mobile_max_height":0,"ocean_header_custom_menu":"0","ocean_menu_typo_font_family":"0","ocean_menu_typo_font_subset":"","ocean_menu_typo_font_size":0,"ocean_menu_typo_font_size_tablet":0,"ocean_menu_typo_font_size_mobile":0,"ocean_menu_typo_font_size_unit":"px","ocean_menu_typo_font_weight":"","ocean_menu_typo_font_weight_tablet":"","ocean_menu_typo_font_weight_mobile":"","ocean_menu_typo_transform":"","ocean_menu_typo_transform_tablet":"","ocean_menu_typo_transform_mobile":"","ocean_menu_typo_line_height":0,"ocean_menu_typo_line_height_tablet":0,"ocean_menu_typo_line_height_mobile":0,"ocean_menu_typo_line_height_unit":"","ocean_menu_typo_spacing":0,"ocean_menu_typo_spacing_tablet":0,"ocean_menu_typo_spacing_mobile":0,"ocean_menu_typo_spacing_unit":"","ocean_menu_link_color":"","ocean_menu_link_color_hover":"","ocean_menu_link_color_active":"","ocean_menu_link_background":"","ocean_menu_link_hover_background":"","ocean_menu_link_active_background":"","ocean_menu_social_links_bg":"","ocean_menu_social_hover_links_bg":"","ocean_menu_social_links_color":"","ocean_menu_social_hover_links_color":"","ocean_disable_title":"default","ocean_disable_heading":"default","ocean_post_title":"","ocean_post_subheading":"","ocean_post_title_style":"","ocean_post_title_background_color":"","ocean_post_title_background":0,"ocean_post_title_bg_image_position":"","ocean_post_title_bg_image_attachment":"","ocean_post_title_bg_image_repeat":"","ocean_post_title_bg_image_size":"","ocean_post_title_height":0,"ocean_post_title_bg_overlay":0.5,"ocean_post_title_bg_overlay_color":"","ocean_disable_breadcrumbs":"default","ocean_breadcrumbs_color":"","ocean_breadcrumbs_separator_color":"","ocean_breadcrumbs_links_color":"","ocean_breadcrumbs_links_hover_color":"","ocean_display_footer_widgets":"default","ocean_display_footer_bottom":"default","ocean_custom_footer_template":"0","footnotes":""},"folder":[],"class_list":["post-995","page","type-page","status-publish","hentry","entry"],"publishpress_future_action":{"enabled":false,"date":"2026-05-07 18:28:27","action":"change-status","newStatus":"draft","terms":[],"taxonomy":"folder","extraData":[]},"publishpress_future_workflow_manual_trigger":{"enabledWorkflows":[]},"_links":{"self":[{"href":"https:\/\/www.fkbv.um.si\/index.php?rest_route=\/wp\/v2\/pages\/995","targetHints":{"allow":["GET"]}}],"collection":[{"href":"https:\/\/www.fkbv.um.si\/index.php?rest_route=\/wp\/v2\/pages"}],"about":[{"href":"https:\/\/www.fkbv.um.si\/index.php?rest_route=\/wp\/v2\/types\/page"}],"author":[{"embeddable":true,"href":"https:\/\/www.fkbv.um.si\/index.php?rest_route=\/wp\/v2\/users\/1"}],"replies":[{"embeddable":true,"href":"https:\/\/www.fkbv.um.si\/index.php?rest_route=%2Fwp%2Fv2%2Fcomments&post=995"}],"version-history":[{"count":50,"href":"https:\/\/www.fkbv.um.si\/index.php?rest_route=\/wp\/v2\/pages\/995\/revisions"}],"predecessor-version":[{"id":30939,"href":"https:\/\/www.fkbv.um.si\/index.php?rest_route=\/wp\/v2\/pages\/995\/revisions\/30939"}],"wp:attachment":[{"href":"https:\/\/www.fkbv.um.si\/index.php?rest_route=%2Fwp%2Fv2%2Fmedia&parent=995"}],"wp:term":[{"taxonomy":"folder","embeddable":true,"href":"https:\/\/www.fkbv.um.si\/index.php?rest_route=%2Fwp%2Fv2%2Ffolder&post=995"}],"curies":[{"name":"wp","href":"https:\/\/api.w.org\/{rel}","templated":true}]}}