{"id":38,"date":"2021-02-27T14:17:27","date_gmt":"2021-02-27T14:17:27","guid":{"rendered":"http:\/\/fkbv2.um.si\/?page_id=38"},"modified":"2025-04-10T08:35:46","modified_gmt":"2025-04-10T08:35:46","slug":"kakovost","status":"publish","type":"page","link":"https:\/\/www.fkbv.um.si\/?page_id=38","title":{"rendered":"Kakovost"},"content":{"rendered":"\t\t<div data-elementor-type=\"wp-page\" data-elementor-id=\"38\" class=\"elementor elementor-38\" data-elementor-post-type=\"page\">\n\t\t\t\t\t\t<header class=\"elementor-section elementor-top-section elementor-element elementor-element-a82dd17 elementor-section-full_width elementor-section-height-min-height elementor-section-items-bottom elementor-section-height-default elementor-invisible\" data-id=\"a82dd17\" data-element_type=\"section\" data-e-type=\"section\" data-settings=\"{&quot;background_background&quot;:&quot;classic&quot;,&quot;animation&quot;:&quot;fadeIn&quot;,&quot;animation_delay&quot;:50}\">\n\t\t\t\t\t\t\t<div class=\"elementor-background-overlay\"><\/div>\n\t\t\t\t\t\t\t<div class=\"elementor-container elementor-column-gap-no\">\n\t\t\t\t\t<div class=\"elementor-column elementor-col-100 elementor-top-column elementor-element elementor-element-be41b83\" data-id=\"be41b83\" data-element_type=\"column\" data-e-type=\"column\">\n\t\t\t<div class=\"elementor-widget-wrap elementor-element-populated\">\n\t\t\t\t\t\t<section class=\"elementor-section elementor-inner-section elementor-element elementor-element-bacd3d5 elementor-section-content-bottom elementor-section-boxed elementor-section-height-default elementor-section-height-default\" data-id=\"bacd3d5\" data-element_type=\"section\" data-e-type=\"section\">\n\t\t\t\t\t\t<div class=\"elementor-container elementor-column-gap-default\">\n\t\t\t\t\t<div class=\"elementor-column elementor-col-100 elementor-inner-column elementor-element elementor-element-0250c60\" data-id=\"0250c60\" data-element_type=\"column\" data-e-type=\"column\">\n\t\t\t<div class=\"elementor-widget-wrap elementor-element-populated\">\n\t\t\t\t\t\t<div class=\"elementor-element elementor-element-0005a77 elementor-invisible elementor-widget elementor-widget-heading\" data-id=\"0005a77\" data-element_type=\"widget\" data-e-type=\"widget\" data-settings=\"{&quot;_animation&quot;:&quot;fadeIn&quot;,&quot;_animation_delay&quot;:100}\" data-widget_type=\"heading.default\">\n\t\t\t\t<div class=\"elementor-widget-container\">\n\t\t\t\t\t<h1 class=\"elementor-heading-title elementor-size-default\">kAKOVOST NA FKBV<\/h1>\t\t\t\t<\/div>\n\t\t\t\t<\/div>\n\t\t\t\t\t<\/div>\n\t\t<\/div>\n\t\t\t\t\t<\/div>\n\t\t<\/section>\n\t\t\t\t\t<\/div>\n\t\t<\/div>\n\t\t\t\t\t<\/div>\n\t\t<\/header>\n\t\t\t\t<section class=\"elementor-section elementor-top-section elementor-element elementor-element-6902ba0 elementor-section-boxed elementor-section-height-default elementor-section-height-default\" data-id=\"6902ba0\" data-element_type=\"section\" data-e-type=\"section\">\n\t\t\t\t\t\t<div class=\"elementor-container elementor-column-gap-default\">\n\t\t\t\t\t<div class=\"elementor-column elementor-col-100 elementor-top-column elementor-element elementor-element-fc4a044\" data-id=\"fc4a044\" data-element_type=\"column\" data-e-type=\"column\">\n\t\t\t<div class=\"elementor-widget-wrap elementor-element-populated\">\n\t\t\t\t\t\t<div class=\"elementor-element elementor-element-7571806 elementor-widget elementor-widget-text-editor\" data-id=\"7571806\" data-element_type=\"widget\" data-e-type=\"widget\" data-widget_type=\"text-editor.default\">\n\t\t\t\t<div class=\"elementor-widget-container\">\n\t\t\t\t\t\t\t\t\t<p class=\"MsoNormal\" style=\"margin: 0cm 0cm 8pt; text-align: justify; line-height: 15.693334px; font-size: 11pt; font-family: Calibri, sans-serif; caret-color: #000000; color: #000000; font-style: normal; font-variant-caps: normal;\"><span lang=\"SL\">Delovanje sistema zagotavljanja kakovosti na fakulteti je organizirano na ve\u010d nivojih. Komisija za ocenjevanje kakovosti uporablja pristope za izbolj\u0161evanje organizacije in vrednotenja nivoja odli\u010dnosti, ki vklju\u010duje PDCA-krog (Plan-Do-Check-Act). Komisija pri svojem delu za vrednotenje delovanja fakultete upo\u0161teva aktivnosti, ki vklju\u010dujejo na\u010drtovanje in izvedbo dejavnosti, ocenjevanje (evalvacija) in ukrepanje oz. uvajanje izbolj\u0161av. V okviru ugotavljanja zadovoljstva zaposlenih kot klju\u010dnega pokazatelja nivoja odli\u010dnosti ter mo\u017enosti izbolj\u0161evanja organizacije izvedemo letno v mesecu januarju anketo o zadovoljstvu zaposlenih. Poznavanje kazalnikov nam pomaga pri zaznavanju organizacijske klime, mo\u017enosti vklju\u010devanja sodelavcev v razli\u010dne projektne aktivnosti.<\/span><\/p><p class=\"MsoNormal\" style=\"margin: 0cm 0cm 8pt; text-align: justify; line-height: 15.693334px; font-size: 11pt; font-family: Calibri, sans-serif; caret-color: #000000; color: #000000; font-style: normal; font-variant-caps: normal;\"><span lang=\"SL\">Komisija za kakovost skupaj z vodstvom fakultete izbere in po potrebi dopolni kazalnike, ki odra\u017eajo cilje, ki si jih je organizacija zastavila. Pripravi se seznam vseh aktivnosti, ki se bodo izvajale, ter \u010dasovno se opredeli izvajanje. Rezultate se predstavijo zaposlenim in ostalim dele\u017enikom ter pripravi se na\u010drt nadaljnjih aktivnosti. V sodelovanju komisije in vodstva fakultete se pripravi tudi na\u010drt za uvajanje izbolj\u0161av, ki vklju\u010duje na\u010drtovane izbolj\u0161ave, nosilce in vire, seznam in zaporedje aktivnosti.<\/span><\/p><p class=\"MsoNormal\" style=\"margin: 0cm 0cm 8pt; text-align: justify; line-height: 15.693334px; font-size: 11pt; font-family: Calibri, sans-serif; caret-color: #000000; color: #000000; font-style: normal; font-variant-caps: normal;\"><span lang=\"SL\">Na fakulteti nenehno razvijamo kulturo kakovosti, skrbimo za vzpostavljanje kakovostne zanke, dograjujemo postopke in strategije za zagotavljanje in stalen dvig kakovosti pri vseh svojih aktivnostih. V procese zagotavljanja kakovosti so vklju\u010deni vsi dele\u017eniki, vklju\u010dno s \u0161tudenti. Postopki, politike in strategije zagotavljanja kakovosti oblikujemo skladno z nacionalno zakonodajo in s priporo\u010denimi Evropskimi standardi visokega \u0161olstva. Posebno moramo poudariti sodelovanje \u0161tudentov v vseh procesih, ki potekajo na fakulteti, vklju\u010dno pri oblikovanju letnega \u00bbSamoevalvacijskega poro\u010dila fakultete\u00ab. Zaposleni sodelujejo pri postavljanju ciljev, jih sprejemajo za svoje in so motivirani za njihovo izpolnjevanje. Pri tem ima pomembno vlogo sistem vrednot in kulture, ki jih delijo zaposleni v organizaciji. Ocenjujemo, da se razvoj \u00bbkulture kakovosti\u00ab tudi v zadnjem evalvacijskem obdobju razvija v smeri vklju\u010devanja vseh dele\u017enikov na fakulteti, vklju\u010dno z zaposlenimi in tudi \u0161tudenti.<\/span><\/p><p style=\"font-variant-caps: normal; font-family: 'Open Sans', sans-serif; font-size: 14px; font-style: normal; caret-color: #333333; color: #333333;\"><span style=\"font-size: 14px;\">\u010clani Komisije za ocenjevanje kakovosti na FKBV so navedeni pod zavihkom O Fakulteti -&gt; Komisije<\/span><\/p><ul><li><a href=\"https:\/\/www.fkbv.um.si\/wp-content\/uploads\/2022\/11\/FKBV_SEP-2019_2020.pdf\">Samoevalvacijsko poro\u010dilo 2019 &#8211; 20<\/a><\/li><li><a href=\"https:\/\/www.fkbv.um.si\/wp-content\/uploads\/2022\/11\/FKBV_SEP_2020-2021.pdf\">Samoevalvacijsko poro\u010dilo 2020 &#8211; 21<\/a><\/li><li><a href=\"https:\/\/www.fkbv.um.si\/wp-content\/uploads\/2023\/05\/SEP-2021-2022_FKBV.pdf\">Samoevalvacijsko poro\u010dilo 2021 &#8211; 22<\/a><\/li><li><a style=\"font-variant-caps: normal; font-family: 'Open Sans', sans-serif; font-size: 14px; font-style: normal; transition-timing-function: ease; transition-property: all; caret-color: #333333;\" href=\"https:\/\/www.fkbv.um.si\/wp-content\/uploads\/2025\/01\/FKBV_SEP_2022_23.pdf\">Samoevalvacijsko poro\u010dilo 2022 &#8211; 23<\/a>\u00a0 \u00a0<\/li><li><a href=\"https:\/\/www.fkbv.um.si\/wp-content\/uploads\/2025\/04\/FKBV_SEP_2024.docx\">Samoevalvacijsko poro\u010dilo 2023 &#8211; 24<\/a><\/li><\/ul><p><a href=\"https:\/\/www.fkbv.um.si\/wp-content\/uploads\/2025\/04\/2025_Akcijski-nacrt-ukrepov-za-izboljsanje-kakovosti.docx\">Akcijski na\u010drt ukrepov za izbolj\u0161anje kakovosti Fakultete za kmetijstvo in biosistemske vede 2025<\/a><\/p><hr \/><p style=\"text-align: center;\">Zadnja sprememba strani: 10.4.2025, stran ureja: <a href=\"mailto:peter.bernad@um.si\">Peter Bernad<\/a><\/p>\t\t\t\t\t\t\t\t<\/div>\n\t\t\t\t<\/div>\n\t\t\t\t\t<\/div>\n\t\t<\/div>\n\t\t\t\t\t<\/div>\n\t\t<\/section>\n\t\t\t\t<\/div>\n\t\t","protected":false},"excerpt":{"rendered":"<p>kAKOVOST NA FKBV Delovanje sistema zagotavljanja kakovosti na fakulteti je organizirano na ve\u010d nivojih. Komisija za ocenjevanje kakovosti uporablja pristope za izbolj\u0161evanje organizacije in vrednotenja nivoja odli\u010dnosti, ki vklju\u010duje PDCA-krog (Plan-Do-Check-Act). Komisija pri svojem delu za vrednotenje delovanja fakultete upo\u0161teva aktivnosti, ki vklju\u010dujejo na\u010drtovanje in izvedbo dejavnosti, ocenjevanje (evalvacija) in ukrepanje oz. uvajanje izbolj\u0161av. V [&hellip;]<\/p>\n","protected":false},"author":2,"featured_media":0,"parent":0,"menu_order":0,"comment_status":"closed","ping_status":"closed","template":"elementor_header_footer","meta":{"ocean_post_layout":"full-screen","ocean_both_sidebars_style":"","ocean_both_sidebars_content_width":0,"ocean_both_sidebars_sidebars_width":0,"ocean_sidebar":"0","ocean_second_sidebar":"0","ocean_disable_margins":"on","ocean_add_body_class":"","ocean_shortcode_before_top_bar":"","ocean_shortcode_after_top_bar":"","ocean_shortcode_before_header":"","ocean_shortcode_after_header":"","ocean_has_shortcode":"","ocean_shortcode_after_title":"","ocean_shortcode_before_footer_widgets":"","ocean_shortcode_after_footer_widgets":"","ocean_shortcode_before_footer_bottom":"","ocean_shortcode_after_footer_bottom":"","ocean_display_top_bar":"default","ocean_display_header":"default","ocean_header_style":"","ocean_center_header_left_menu":"0","ocean_custom_header_template":"0","ocean_custom_logo":0,"ocean_custom_retina_logo":0,"ocean_custom_logo_max_width":0,"ocean_custom_logo_tablet_max_width":0,"ocean_custom_logo_mobile_max_width":0,"ocean_custom_logo_max_height":0,"ocean_custom_logo_tablet_max_height":0,"ocean_custom_logo_mobile_max_height":0,"ocean_header_custom_menu":"0","ocean_menu_typo_font_family":"0","ocean_menu_typo_font_subset":"","ocean_menu_typo_font_size":0,"ocean_menu_typo_font_size_tablet":0,"ocean_menu_typo_font_size_mobile":0,"ocean_menu_typo_font_size_unit":"px","ocean_menu_typo_font_weight":"","ocean_menu_typo_font_weight_tablet":"","ocean_menu_typo_font_weight_mobile":"","ocean_menu_typo_transform":"","ocean_menu_typo_transform_tablet":"","ocean_menu_typo_transform_mobile":"","ocean_menu_typo_line_height":0,"ocean_menu_typo_line_height_tablet":0,"ocean_menu_typo_line_height_mobile":0,"ocean_menu_typo_line_height_unit":"","ocean_menu_typo_spacing":0,"ocean_menu_typo_spacing_tablet":0,"ocean_menu_typo_spacing_mobile":0,"ocean_menu_typo_spacing_unit":"","ocean_menu_link_color":"","ocean_menu_link_color_hover":"","ocean_menu_link_color_active":"","ocean_menu_link_background":"","ocean_menu_link_hover_background":"","ocean_menu_link_active_background":"","ocean_menu_social_links_bg":"","ocean_menu_social_hover_links_bg":"","ocean_menu_social_links_color":"","ocean_menu_social_hover_links_color":"","ocean_disable_title":"on","ocean_disable_heading":"default","ocean_post_title":"","ocean_post_subheading":"","ocean_post_title_style":"","ocean_post_title_background_color":"","ocean_post_title_background":0,"ocean_post_title_bg_image_position":"","ocean_post_title_bg_image_attachment":"","ocean_post_title_bg_image_repeat":"","ocean_post_title_bg_image_size":"","ocean_post_title_height":0,"ocean_post_title_bg_overlay":0.5,"ocean_post_title_bg_overlay_color":"","ocean_disable_breadcrumbs":"default","ocean_breadcrumbs_color":"","ocean_breadcrumbs_separator_color":"","ocean_breadcrumbs_links_color":"","ocean_breadcrumbs_links_hover_color":"","ocean_display_footer_widgets":"default","ocean_display_footer_bottom":"default","ocean_custom_footer_template":"0","footnotes":""},"folder":[],"class_list":["post-38","page","type-page","status-publish","hentry","entry"],"publishpress_future_action":{"enabled":false,"date":"2026-04-28 10:11:35","action":"change-status","newStatus":"draft","terms":[],"taxonomy":"folder","extraData":[]},"publishpress_future_workflow_manual_trigger":{"enabledWorkflows":[]},"_links":{"self":[{"href":"https:\/\/www.fkbv.um.si\/index.php?rest_route=\/wp\/v2\/pages\/38","targetHints":{"allow":["GET"]}}],"collection":[{"href":"https:\/\/www.fkbv.um.si\/index.php?rest_route=\/wp\/v2\/pages"}],"about":[{"href":"https:\/\/www.fkbv.um.si\/index.php?rest_route=\/wp\/v2\/types\/page"}],"author":[{"embeddable":true,"href":"https:\/\/www.fkbv.um.si\/index.php?rest_route=\/wp\/v2\/users\/2"}],"replies":[{"embeddable":true,"href":"https:\/\/www.fkbv.um.si\/index.php?rest_route=%2Fwp%2Fv2%2Fcomments&post=38"}],"version-history":[{"count":197,"href":"https:\/\/www.fkbv.um.si\/index.php?rest_route=\/wp\/v2\/pages\/38\/revisions"}],"predecessor-version":[{"id":27816,"href":"https:\/\/www.fkbv.um.si\/index.php?rest_route=\/wp\/v2\/pages\/38\/revisions\/27816"}],"wp:attachment":[{"href":"https:\/\/www.fkbv.um.si\/index.php?rest_route=%2Fwp%2Fv2%2Fmedia&parent=38"}],"wp:term":[{"taxonomy":"folder","embeddable":true,"href":"https:\/\/www.fkbv.um.si\/index.php?rest_route=%2Fwp%2Fv2%2Ffolder&post=38"}],"curies":[{"name":"wp","href":"https:\/\/api.w.org\/{rel}","templated":true}]}}