{"id":27558,"date":"2025-03-26T10:08:35","date_gmt":"2025-03-26T10:08:35","guid":{"rendered":"https:\/\/www.fkbv.um.si\/?page_id=27558"},"modified":"2026-03-31T14:37:23","modified_gmt":"2026-03-31T13:37:23","slug":"informativni-dnevi-za-podiplomske-studijske-programe-2025","status":"publish","type":"page","link":"https:\/\/www.fkbv.um.si\/?page_id=27558","title":{"rendered":"Informativni dnevi za podiplomske \u0161tudijske programe 2026"},"content":{"rendered":"\t\t<div data-elementor-type=\"wp-page\" data-elementor-id=\"27558\" class=\"elementor elementor-27558\" data-elementor-post-type=\"page\">\n\t\t\t\t\t\t<section class=\"elementor-section elementor-top-section elementor-element elementor-element-dd63b9d elementor-section-boxed elementor-section-height-default elementor-section-height-default\" data-id=\"dd63b9d\" data-element_type=\"section\" data-e-type=\"section\">\n\t\t\t\t\t\t<div class=\"elementor-container elementor-column-gap-default\">\n\t\t\t\t\t<div class=\"elementor-column elementor-col-100 elementor-top-column elementor-element elementor-element-26a6193\" data-id=\"26a6193\" data-element_type=\"column\" data-e-type=\"column\">\n\t\t\t<div class=\"elementor-widget-wrap elementor-element-populated\">\n\t\t\t\t\t\t<div class=\"elementor-element elementor-element-33e50b3 elementor-widget elementor-widget-spacer\" data-id=\"33e50b3\" data-element_type=\"widget\" data-e-type=\"widget\" data-widget_type=\"spacer.default\">\n\t\t\t\t<div class=\"elementor-widget-container\">\n\t\t\t\t\t\t\t<div class=\"elementor-spacer\">\n\t\t\t<div class=\"elementor-spacer-inner\"><\/div>\n\t\t<\/div>\n\t\t\t\t\t\t<\/div>\n\t\t\t\t<\/div>\n\t\t\t\t<div class=\"elementor-element elementor-element-c49a861 elementor-widget elementor-widget-heading\" data-id=\"c49a861\" data-element_type=\"widget\" data-e-type=\"widget\" data-widget_type=\"heading.default\">\n\t\t\t\t<div class=\"elementor-widget-container\">\n\t\t\t\t\t<h1 class=\"elementor-heading-title elementor-size-default\">Informativni dnevi 2026<\/h1>\t\t\t\t<\/div>\n\t\t\t\t<\/div>\n\t\t\t\t<div class=\"elementor-element elementor-element-7ea74d6 elementor-widget elementor-widget-spacer\" data-id=\"7ea74d6\" data-element_type=\"widget\" data-e-type=\"widget\" data-widget_type=\"spacer.default\">\n\t\t\t\t<div class=\"elementor-widget-container\">\n\t\t\t\t\t\t\t<div class=\"elementor-spacer\">\n\t\t\t<div class=\"elementor-spacer-inner\"><\/div>\n\t\t<\/div>\n\t\t\t\t\t\t<\/div>\n\t\t\t\t<\/div>\n\t\t\t\t<div class=\"elementor-element elementor-element-57723e5 elementor-widget elementor-widget-text-editor\" data-id=\"57723e5\" data-element_type=\"widget\" data-e-type=\"widget\" data-widget_type=\"text-editor.default\">\n\t\t\t\t<div class=\"elementor-widget-container\">\n\t\t\t\t\t\t\t\t\t<p style=\"text-align: center;\">Veseli nas, da vas zanima \u0161tudij na na\u0161i Fakulteti za kmetijstvo in biosistemske vede Univerze v Mariboru.<\/p>\t\t\t\t\t\t\t\t<\/div>\n\t\t\t\t<\/div>\n\t\t\t\t<div class=\"elementor-element elementor-element-800c007 elementor-widget elementor-widget-text-editor\" data-id=\"800c007\" data-element_type=\"widget\" data-e-type=\"widget\" data-widget_type=\"text-editor.default\">\n\t\t\t\t<div class=\"elementor-widget-container\">\n\t\t\t\t\t\t\t\t\t<p><span style=\"color: #ffffff; font-size: 20px;\">PRIDRU\u017dITE SE NAM NA LETO\u0160NJEM INFORMATIVNEM DNEVU ZA PODIPLOMSKE \u0160TUDIJSKE PROGRAME,<\/span><\/p><p><span style=\"color: #ffffff; font-size: 20px;\">ki bo potekal na fakulteti<\/span><\/p><p><span style=\"color: #ffffff; font-size: 20px;\"><strong>v sredo, 13. maja 2026, ob 15. uri.<\/strong><\/span><\/p><p><span style=\"color: #ffffff; font-size: 20px;\">Vabljeni, da se pridru\u017eite spro\u0161\u010denemu pridobivanju novih informacij<\/span><\/p><p><span style=\"color: #ffffff; font-size: 20px;\">in motivacije za nadaljevanje \u0161tudija na na\u0161i fakulteti.<\/span><\/p><p><span style=\"text-decoration: underline; color: #33cccc;\"><span style=\"font-size: 20px;\"><a style=\"color: #33cccc; text-decoration: underline;\" href=\"https:\/\/moja.um.si\/student\/Strani\/default.aspx\">Povezava na moja.UM<\/a><\/span><\/span><\/p><p><span style=\"text-decoration: underline; color: #33cccc;\"><span style=\"font-size: 20px;\"><a style=\"color: #33cccc; text-decoration: underline;\" href=\"https:\/\/podiplomski.ukm.um.si\/\">Povezava do Univerzitetne knji\u017enice Maribor<\/a><\/span><\/span><\/p><h1><a href=\"https:\/\/teams.microsoft.com\/meet\/312345203812712?p=6ztRrl6I9q2C6llzjp\"><strong><span style=\"text-decoration: underline;\"><span style=\"color: #33cccc; text-decoration: underline;\" data-surface-wrapper=\"1\" data-surface=\"\/bizweb:composer\" data-auto-logging-id=\"f85cd2d33\"><img decoding=\"async\" class=\"emoji\" role=\"img\" draggable=\"false\" src=\"https:\/\/s.w.org\/images\/core\/emoji\/17.0.2\/svg\/1f517.svg\" alt=\"\ud83d\udd17\" \/> Povezava do prenosa v \u017eivo<\/span><\/span><\/strong><\/a><\/h1><h2 style=\"text-align: center;\"><em><span style=\"color: #ffffff;\">Dnevni red<\/span><\/em><\/h2><table width=\"100%\"><tbody><tr><td width=\"45%\">\u00a0<\/td><td width=\"27%\"><h3><span style=\"color: #ffffff;\"><strong>13. 5.<\/strong><\/span><\/h3><\/td><td width=\"27%\"><h3><span style=\"color: #ffffff;\"><strong>Prostor<\/strong><\/span><\/h3><\/td><\/tr><tr><td width=\"45%\"><h3><span style=\"color: #ffffff;\"><strong>O faksu neformalno na kavi \u2013 pogovor s \u0161tudenti, \u0161tudentkami<\/strong><\/span><\/h3><\/td><td width=\"27%\"><h3><span style=\"color: #ffffff;\">14:00 \u2013 15:00<\/span><\/h3><\/td><td width=\"27%\"><h3><span style=\"color: #ffffff;\">Kavarna fakultete<\/span><\/h3><\/td><\/tr><tr><td width=\"45%\">\u00a0<\/td><td width=\"27%\">\u00a0<\/td><td width=\"27%\">\u00a0<\/td><\/tr><tr><td width=\"45%\"><h3><span style=\"color: #ffffff;\"><strong>Skupni uvodni del za 2. in 3. stopnjo \u0161tudija na FKBV<\/strong><\/span><\/h3><h3><span style=\"color: #ffffff;\">Pozdravni nagovor dekana FKBV<\/span><br \/><span style=\"color: #ffffff;\">Splo\u0161ne informacije glede \u0161tudijskih smeri in vpisnih postopkov<\/span><\/h3><\/td><td width=\"27%\"><h3><span style=\"color: #ffffff;\">15:00-15:20<\/span><\/h3><\/td><td width=\"27%\"><h3><span style=\"color: #ffffff;\">Predavalnica Milana Erjavca<\/span><\/h3><\/td><\/tr><tr><td width=\"45%\"><h3><span style=\"color: #ffffff;\"><strong>Kmetijstvo\u00a0 2.stopnja<\/strong><\/span><\/h3><\/td><td width=\"27%\"><h3><span style=\"color: #ffffff;\">15:20- 15:35<\/span><\/h3><\/td><td width=\"27%\"><h3><span style=\"color: #ffffff;\">Predavalnica Milana Erjavca<\/span><\/h3><\/td><\/tr><tr><td width=\"45%\"><h3><span style=\"color: #ffffff;\"><strong>Agrarne ekonomika 2. stopnja<\/strong><\/span><\/h3><\/td><td width=\"27%\"><h3><span style=\"color: #ffffff;\">15.35-15:50<\/span><\/h3><\/td><td width=\"27%\"><h3><span style=\"color: #ffffff;\">Predavalnica Milana Erjavca<\/span><\/h3><\/td><\/tr><tr><td width=\"45%\"><h3><span style=\"color: #ffffff;\"><strong>Varnost hrane v prehrambeni verigi, 2. stopnja<\/strong><\/span><\/h3><\/td><td width=\"27%\"><h3><span style=\"color: #ffffff;\">15.55-16.10<\/span><\/h3><\/td><td width=\"27%\"><h3><span style=\"color: #ffffff;\">Predavalnica Milana Erjavca<\/span><\/h3><\/td><\/tr><tr><td width=\"45%\"><h3><span style=\"color: #ffffff;\"><strong>Programi 3. stopnje \u00a0&#8211; Agrarna ekonomika, kmetijstvo<\/strong><\/span><\/h3><\/td><td width=\"27%\"><h3><span style=\"color: #ffffff;\">15:20 \u2013 15:50<\/span><\/h3><\/td><td width=\"27%\"><h3><span style=\"color: #ffffff;\">Sejna soba<\/span><\/h3><\/td><\/tr><\/tbody><\/table>\t\t\t\t\t\t\t\t<\/div>\n\t\t\t\t<\/div>\n\t\t\t\t\t<\/div>\n\t\t<\/div>\n\t\t\t\t\t<\/div>\n\t\t<\/section>\n\t\t\t\t<section class=\"elementor-section elementor-top-section elementor-element elementor-element-90b92e1 elementor-section-boxed elementor-section-height-default elementor-section-height-default\" data-id=\"90b92e1\" data-element_type=\"section\" data-e-type=\"section\" data-settings=\"{&quot;background_background&quot;:&quot;classic&quot;}\">\n\t\t\t\t\t\t\t<div class=\"elementor-background-overlay\"><\/div>\n\t\t\t\t\t\t\t<div class=\"elementor-container elementor-column-gap-default\">\n\t\t\t\t\t<div class=\"elementor-column elementor-col-100 elementor-top-column elementor-element elementor-element-a889270\" data-id=\"a889270\" data-element_type=\"column\" data-e-type=\"column\">\n\t\t\t<div class=\"elementor-widget-wrap elementor-element-populated\">\n\t\t\t\t\t\t<div class=\"elementor-element elementor-element-5d789bf elementor-widget elementor-widget-text-editor\" data-id=\"5d789bf\" data-element_type=\"widget\" data-e-type=\"widget\" data-widget_type=\"text-editor.default\">\n\t\t\t\t<div class=\"elementor-widget-container\">\n\t\t\t\t\t\t\t\t\t<table class=\" aligncenter\" width=\"623\"><tbody><tr><td width=\"312\"><h1><strong><span style=\"color: #ffffff;\">\u0160<\/span><\/strong><span style=\"color: #ffffff;\">tudijski programi 2. stopnje:<\/span><\/h1><\/td><td width=\"312\"><h1><span style=\"color: #ffffff;\">\u0160tudijski programi 3. stopnje:<\/span><\/h1><\/td><\/tr><tr><td width=\"312\"><h1><span style=\"color: #ffffff;\">Agrarna ekonomika<\/span><br \/><span style=\"text-decoration: underline;\"><span style=\"color: #33cccc;\"><a style=\"color: #33cccc; text-decoration: underline;\" href=\"https:\/\/moja.um.si\/studijski-programi\/Strani\/studijskiprogram.aspx?jezik=S&amp;deli=N&amp;program=0000352\">(Predmetnik)<\/a><\/span><\/span><\/h1><\/td><td width=\"312\"><h1><span style=\"color: #ffffff;\">Agrarna ekonomika<\/span><br \/><span style=\"text-decoration: underline;\"><span style=\"color: #33cccc;\"><a style=\"color: #33cccc; text-decoration: underline;\" href=\"https:\/\/moja.um.si\/studijski-programi\/Strani\/studijskiprogram.aspx?jezik=S&amp;deli=N&amp;program=0027425\">(Predmetnik)<\/a><\/span><\/span><\/h1><h1>\u00a0<\/h1><\/td><\/tr><tr><td width=\"312\"><h1><span style=\"color: #ffffff;\">Kmetijstvo z izbirnimi moduli<\/span><br \/><span style=\"text-decoration: underline;\"><span style=\"color: #33cccc;\"><a style=\"color: #33cccc; text-decoration: underline;\" href=\"https:\/\/moja.um.si\/studijski-programi\/Strani\/studijskiprogram.aspx?jezik=S&amp;deli=N&amp;program=0000351\">(Predmetnik)<\/a><\/span><\/span><\/h1><\/td><td width=\"312\"><h1><span style=\"color: #ffffff;\">Kmetijstvo<\/span><br \/><span style=\"text-decoration: underline;\"><span style=\"color: #33cccc;\"><a style=\"color: #33cccc; text-decoration: underline;\" href=\"https:\/\/moja.um.si\/studijski-programi\/Strani\/studijskiprogram.aspx?jezik=S&amp;deli=N&amp;program=0027427\">(Predmetnik)<\/a><\/span><\/span><\/h1><h1>\u00a0<\/h1><\/td><\/tr><tr><td width=\"312\"><h1><span style=\"color: #ffffff;\">Varnost hrane v prehrambeni verigi<\/span><br \/><span style=\"text-decoration: underline;\"><span style=\"color: #33cccc;\"><a style=\"color: #33cccc; text-decoration: underline;\" href=\"https:\/\/moja.um.si\/studijski-programi\/Strani\/studijskiprogram.aspx?jezik=S&amp;deli=N&amp;program=0000355\">(Predmetnik)<\/a><\/span><\/span><\/h1><h1><span style=\"text-decoration: underline;\"><span style=\"color: #33cccc;\"><a style=\"color: #33cccc; text-decoration: underline;\" href=\"https:\/\/www.fkbv.um.si\/wp-content\/uploads\/2022\/01\/VHPV_nove_kompetence_spletna_stran.doc\">(Opredelitev temeljnih ciljev<br \/>programa oz. splo\u0161nih in<br \/>predmetnospecifi\u010dnih kompetenc)<\/a><\/span><\/span><\/h1><\/td><td width=\"312\"><h1>\u00a0<\/h1><\/td><\/tr><\/tbody><\/table>\t\t\t\t\t\t\t\t<\/div>\n\t\t\t\t<\/div>\n\t\t\t\t\t<\/div>\n\t\t<\/div>\n\t\t\t\t\t<\/div>\n\t\t<\/section>\n\t\t\t\t<section class=\"elementor-section elementor-top-section elementor-element elementor-element-76db0ad elementor-section-boxed elementor-section-height-default elementor-section-height-default\" data-id=\"76db0ad\" data-element_type=\"section\" data-e-type=\"section\">\n\t\t\t\t\t\t<div class=\"elementor-container elementor-column-gap-default\">\n\t\t\t\t\t<div class=\"elementor-column elementor-col-100 elementor-top-column elementor-element elementor-element-7c5cae4\" data-id=\"7c5cae4\" data-element_type=\"column\" data-e-type=\"column\">\n\t\t\t<div class=\"elementor-widget-wrap elementor-element-populated\">\n\t\t\t\t\t\t<div class=\"elementor-element elementor-element-ad4d6c1 elementor-widget elementor-widget-spacer\" data-id=\"ad4d6c1\" data-element_type=\"widget\" data-e-type=\"widget\" data-widget_type=\"spacer.default\">\n\t\t\t\t<div class=\"elementor-widget-container\">\n\t\t\t\t\t\t\t<div class=\"elementor-spacer\">\n\t\t\t<div class=\"elementor-spacer-inner\"><\/div>\n\t\t<\/div>\n\t\t\t\t\t\t<\/div>\n\t\t\t\t<\/div>\n\t\t\t\t<div class=\"elementor-element elementor-element-a802600 elementor-widget elementor-widget-text-editor\" data-id=\"a802600\" data-element_type=\"widget\" data-e-type=\"widget\" data-widget_type=\"text-editor.default\">\n\t\t\t\t<div class=\"elementor-widget-container\">\n\t\t\t\t\t\t\t\t\t<p style=\"text-align: center;\">Morebitna vpra\u0161anja nam lahko posredujete na e-naslov referat.fkbv@um.si.<br \/>Upamo, da bomo uresni\u010dili va\u0161a pri\u010dakovanja in da se v jeseni vidimo v \u017eivo v predavalnicah!<\/p>\t\t\t\t\t\t\t\t<\/div>\n\t\t\t\t<\/div>\n\t\t\t\t<div class=\"elementor-element elementor-element-b6ea2cb elementor-widget elementor-widget-spacer\" data-id=\"b6ea2cb\" data-element_type=\"widget\" data-e-type=\"widget\" data-widget_type=\"spacer.default\">\n\t\t\t\t<div class=\"elementor-widget-container\">\n\t\t\t\t\t\t\t<div class=\"elementor-spacer\">\n\t\t\t<div class=\"elementor-spacer-inner\"><\/div>\n\t\t<\/div>\n\t\t\t\t\t\t<\/div>\n\t\t\t\t<\/div>\n\t\t\t\t\t<\/div>\n\t\t<\/div>\n\t\t\t\t\t<\/div>\n\t\t<\/section>\n\t\t\t\t<\/div>\n\t\t","protected":false},"excerpt":{"rendered":"<p>Informativni dnevi 2026 Veseli nas, da vas zanima \u0161tudij na na\u0161i Fakulteti za kmetijstvo in biosistemske vede Univerze v Mariboru. PRIDRU\u017dITE SE NAM NA LETO\u0160NJEM INFORMATIVNEM DNEVU ZA PODIPLOMSKE \u0160TUDIJSKE PROGRAME, ki bo potekal na fakulteti v sredo, 13. maja 2026, ob 15. uri. Vabljeni, da se pridru\u017eite spro\u0161\u010denemu pridobivanju novih informacij in motivacije za [&hellip;]<\/p>\n","protected":false},"author":96,"featured_media":0,"parent":0,"menu_order":0,"comment_status":"closed","ping_status":"closed","template":"elementor_header_footer","meta":{"ocean_post_layout":"","ocean_both_sidebars_style":"","ocean_both_sidebars_content_width":0,"ocean_both_sidebars_sidebars_width":0,"ocean_sidebar":"","ocean_second_sidebar":"","ocean_disable_margins":"enable","ocean_add_body_class":"","ocean_shortcode_before_top_bar":"","ocean_shortcode_after_top_bar":"","ocean_shortcode_before_header":"","ocean_shortcode_after_header":"","ocean_has_shortcode":"","ocean_shortcode_after_title":"","ocean_shortcode_before_footer_widgets":"","ocean_shortcode_after_footer_widgets":"","ocean_shortcode_before_footer_bottom":"","ocean_shortcode_after_footer_bottom":"","ocean_display_top_bar":"default","ocean_display_header":"default","ocean_header_style":"","ocean_center_header_left_menu":"","ocean_custom_header_template":"","ocean_custom_logo":0,"ocean_custom_retina_logo":0,"ocean_custom_logo_max_width":0,"ocean_custom_logo_tablet_max_width":0,"ocean_custom_logo_mobile_max_width":0,"ocean_custom_logo_max_height":0,"ocean_custom_logo_tablet_max_height":0,"ocean_custom_logo_mobile_max_height":0,"ocean_header_custom_menu":"","ocean_menu_typo_font_family":"","ocean_menu_typo_font_subset":"","ocean_menu_typo_font_size":0,"ocean_menu_typo_font_size_tablet":0,"ocean_menu_typo_font_size_mobile":0,"ocean_menu_typo_font_size_unit":"px","ocean_menu_typo_font_weight":"","ocean_menu_typo_font_weight_tablet":"","ocean_menu_typo_font_weight_mobile":"","ocean_menu_typo_transform":"","ocean_menu_typo_transform_tablet":"","ocean_menu_typo_transform_mobile":"","ocean_menu_typo_line_height":0,"ocean_menu_typo_line_height_tablet":0,"ocean_menu_typo_line_height_mobile":0,"ocean_menu_typo_line_height_unit":"","ocean_menu_typo_spacing":0,"ocean_menu_typo_spacing_tablet":0,"ocean_menu_typo_spacing_mobile":0,"ocean_menu_typo_spacing_unit":"","ocean_menu_link_color":"","ocean_menu_link_color_hover":"","ocean_menu_link_color_active":"","ocean_menu_link_background":"","ocean_menu_link_hover_background":"","ocean_menu_link_active_background":"","ocean_menu_social_links_bg":"","ocean_menu_social_hover_links_bg":"","ocean_menu_social_links_color":"","ocean_menu_social_hover_links_color":"","ocean_disable_title":"default","ocean_disable_heading":"default","ocean_post_title":"","ocean_post_subheading":"","ocean_post_title_style":"","ocean_post_title_background_color":"","ocean_post_title_background":0,"ocean_post_title_bg_image_position":"","ocean_post_title_bg_image_attachment":"","ocean_post_title_bg_image_repeat":"","ocean_post_title_bg_image_size":"","ocean_post_title_height":0,"ocean_post_title_bg_overlay":0.5,"ocean_post_title_bg_overlay_color":"","ocean_disable_breadcrumbs":"default","ocean_breadcrumbs_color":"","ocean_breadcrumbs_separator_color":"","ocean_breadcrumbs_links_color":"","ocean_breadcrumbs_links_hover_color":"","ocean_display_footer_widgets":"default","ocean_display_footer_bottom":"default","ocean_custom_footer_template":"","footnotes":""},"folder":[],"class_list":["post-27558","page","type-page","status-publish","hentry","entry"],"publishpress_future_action":{"enabled":false,"date":"2026-05-07 18:01:02","action":"change-status","newStatus":"draft","terms":[],"taxonomy":"folder","extraData":[]},"publishpress_future_workflow_manual_trigger":{"enabledWorkflows":[]},"_links":{"self":[{"href":"https:\/\/www.fkbv.um.si\/index.php?rest_route=\/wp\/v2\/pages\/27558","targetHints":{"allow":["GET"]}}],"collection":[{"href":"https:\/\/www.fkbv.um.si\/index.php?rest_route=\/wp\/v2\/pages"}],"about":[{"href":"https:\/\/www.fkbv.um.si\/index.php?rest_route=\/wp\/v2\/types\/page"}],"author":[{"embeddable":true,"href":"https:\/\/www.fkbv.um.si\/index.php?rest_route=\/wp\/v2\/users\/96"}],"replies":[{"embeddable":true,"href":"https:\/\/www.fkbv.um.si\/index.php?rest_route=%2Fwp%2Fv2%2Fcomments&post=27558"}],"version-history":[{"count":53,"href":"https:\/\/www.fkbv.um.si\/index.php?rest_route=\/wp\/v2\/pages\/27558\/revisions"}],"predecessor-version":[{"id":31610,"href":"https:\/\/www.fkbv.um.si\/index.php?rest_route=\/wp\/v2\/pages\/27558\/revisions\/31610"}],"wp:attachment":[{"href":"https:\/\/www.fkbv.um.si\/index.php?rest_route=%2Fwp%2Fv2%2Fmedia&parent=27558"}],"wp:term":[{"taxonomy":"folder","embeddable":true,"href":"https:\/\/www.fkbv.um.si\/index.php?rest_route=%2Fwp%2Fv2%2Ffolder&post=27558"}],"curies":[{"name":"wp","href":"https:\/\/api.w.org\/{rel}","templated":true}]}}