{"id":26160,"date":"2025-01-23T09:47:21","date_gmt":"2025-01-23T09:47:21","guid":{"rendered":"https:\/\/www.fkbv.um.si\/?page_id=26160"},"modified":"2025-01-28T13:51:19","modified_gmt":"2025-01-28T13:51:19","slug":"projekt-j7-60129-podstran-2","status":"publish","type":"page","link":"https:\/\/www.fkbv.um.si\/?page_id=26160","title":{"rendered":"Projekt J7-60129 Podstran 2"},"content":{"rendered":"\t\t<div data-elementor-type=\"wp-page\" data-elementor-id=\"26160\" class=\"elementor elementor-26160\" data-elementor-post-type=\"page\">\n\t\t\t\t\t\t<section class=\"elementor-section elementor-top-section elementor-element elementor-element-56502ee elementor-section-boxed elementor-section-height-default elementor-section-height-default\" data-id=\"56502ee\" data-element_type=\"section\" data-e-type=\"section\">\n\t\t\t\t\t\t<div class=\"elementor-container elementor-column-gap-default\">\n\t\t\t\t\t<div class=\"elementor-column elementor-col-100 elementor-top-column elementor-element elementor-element-8144f46\" data-id=\"8144f46\" data-element_type=\"column\" data-e-type=\"column\">\n\t\t\t<div class=\"elementor-widget-wrap elementor-element-populated\">\n\t\t\t\t\t\t<div class=\"elementor-element elementor-element-f3c7bcd elementor-widget elementor-widget-text-editor\" data-id=\"f3c7bcd\" data-element_type=\"widget\" data-e-type=\"widget\" data-widget_type=\"text-editor.default\">\n\t\t\t\t<div class=\"elementor-widget-container\">\n\t\t\t\t\t\t\t\t\t<h1><strong>OPIS PROJEKTA<\/strong><\/h1><p>Vrstno bogato kmetijstvo je \u0161e vedno bolj ali manj izklju\u010dno vezano na majhno, tradicionalno kmetijstvo, v intenzivnih visokoproizvodnih sistemih pa prevladuje monokultura. Glavni izziv trajnostne kmetijske pridelave postaja implementacija ve\u010dvrstnega sistema v \u0161ir\u0161o kmetijsko prakso. V \u017eivinoreji je tak\u0161en koncept mogo\u010de uveljaviti predvsem z me\u0161animi ve\u010dvrstnimi pa\u0161nimi sistemi, ki so hkrati \u017eivalim prijazni in sonaravni sistemi reje. Zato se bomo v tem raziskovalnem projektu osredoto\u010dili predvsem na ve\u010dvrstno rejo drobnice v namenskih pa\u0161nih sistemih z nizkimi vlo\u017eki.<\/p><p>Me\u0161ana \u010dreda ovac in koz predstavlja potencialno ustrezen ve\u010dvrstni pa\u0161ni sistem, katerega biolo\u0161ke zna\u010dilnosti, interakcije in dinamika so \u0161e skoraj popolnoma neraziskane. Zato je glavni cilj tega projekta pribli\u017eati pogoje reje tistim, ki jih najdemo v naravnih ve\u010dvrstnih zdru\u017ebah in pridobiti osnovno znanje o delovanju in \u010dasovni dinamiki ve\u010dvrstne simpatri\u010dne skupnosti ekolo\u0161ko zdru\u017eljivih doma\u010dih \u017eivali.<\/p><p>V tem pogledu so ovce in koze potencialno zdru\u017eljivi vrsti medvrstnega pa\u0161nega sistema, saj se njihove prehranjevalne ni\u0161e ne prekrivajo pretirano; ovce imajo raje travo in zeli\u0161\u010da, koze pa drevesa in grmovnice; \u010deprav lahko pod dolo\u010denimi pogoji pride do obse\u017enega prekrivanja pri rabi hrane in habitata se v simpatriji prekrivanje virov obi\u010dajno zmanj\u0161a.<\/p><p>V projektu bomo vzpostavili me\u0161ano \u010dredo avtohtonih pasem ovac (belokrajnska pramenka) in koz (dre\u017eni\u0161ka koza) na povr\u0161ini v prehodu med nekdanjim intenzivnim nasadom jablan in pa\u0161nikom. Z uvedbo medvrstne pa\u0161e na nekdaj intenzivno rabljenih kmetijskih zemlji\u0161\u010dih se zasleduje \u0161e en pomemben cilj, t.j., ali in v kolik\u0161ni meri lahko pa\u0161a z drobnico (koze in ovce) prispeva k popestritvi ru\u0161e in stabilnosti travinja polintenzivnega sadovnjaka. Rezultati projekta bodo omogo\u010dili ovrednotenje sanacije degradiranih krajin z vidika raznolikosti rastlinskih vrst in ekolo\u0161ke stabilnosti, zlasti diverzifikacije (glede bogastva vrst in sestave) v treh letih poskusov in v primerjavi s poko\u0161enimi izlo\u010ditvami.<\/p><p>\u00a0<\/p><p>Glavni raziskovalni cilj projekta je preu\u010diti:<\/p><ol><li>i) osnovne vedenjske vidike vzpostavljanja me\u0161ane \u010drede in medvrstne zdru\u017eljivosti z uporabo klasi\u010dne etolo\u0161ke analize (etogram osnovnih vedenj, test razdalje izogibanja, dobro po\u010dutje \u017eivali), analize prostorske aktivnosti (GPS sledenje\/GIS) in kronobiologije obeh vrst ter analize socialnih omre\u017eij na podlagi o inter- in intraspecifi\u010dnih interakcijah,<\/li><li>ii) povezave med genotipom in fenotipom (osebnost pa\u0161e, povezana s simpatrijo ve\u010d vrst),<\/li><\/ol><p>iii) in u\u010dinki pa\u0161e ve\u010d vrst na vegetacijo na obmo\u010dju, t.j. pestrost, donos in \u010dasovne spremembe v rastlinski zdru\u017ebi.<\/p><p>\u00a0<\/p><p>Glede na pomanjkanje znanja o rejskih sistemih, kjer si ve\u010d vrst hkrati deli isto pa\u0161no povr\u0161ino, bi lahko pri\u010dujo\u010di raziskovalni projekt zagotovil dodatna, podrobnej\u0161a znanja, ki so klju\u010dna za u\u010dinkovito izvajanje ve\u010dvrstnih \u017eivinorejskih sistemov in za vzpostavljanje bolj trajnostnih in biotsko pestrih sistemov kmetijske proizvodnje.<\/p>\t\t\t\t\t\t\t\t<\/div>\n\t\t\t\t<\/div>\n\t\t\t\t\t<\/div>\n\t\t<\/div>\n\t\t\t\t\t<\/div>\n\t\t<\/section>\n\t\t\t\t<\/div>\n\t\t","protected":false},"excerpt":{"rendered":"<p>OPIS PROJEKTA Vrstno bogato kmetijstvo je \u0161e vedno bolj ali manj izklju\u010dno vezano na majhno, tradicionalno kmetijstvo, v intenzivnih visokoproizvodnih sistemih pa prevladuje monokultura. Glavni izziv trajnostne kmetijske pridelave postaja implementacija ve\u010dvrstnega sistema v \u0161ir\u0161o kmetijsko prakso. V \u017eivinoreji je tak\u0161en koncept mogo\u010de uveljaviti predvsem z me\u0161animi ve\u010dvrstnimi pa\u0161nimi sistemi, ki so hkrati \u017eivalim prijazni [&hellip;]<\/p>\n","protected":false},"author":96,"featured_media":0,"parent":0,"menu_order":0,"comment_status":"closed","ping_status":"closed","template":"elementor_header_footer","meta":{"ocean_post_layout":"","ocean_both_sidebars_style":"","ocean_both_sidebars_content_width":0,"ocean_both_sidebars_sidebars_width":0,"ocean_sidebar":"","ocean_second_sidebar":"","ocean_disable_margins":"enable","ocean_add_body_class":"","ocean_shortcode_before_top_bar":"","ocean_shortcode_after_top_bar":"","ocean_shortcode_before_header":"","ocean_shortcode_after_header":"","ocean_has_shortcode":"","ocean_shortcode_after_title":"","ocean_shortcode_before_footer_widgets":"","ocean_shortcode_after_footer_widgets":"","ocean_shortcode_before_footer_bottom":"","ocean_shortcode_after_footer_bottom":"","ocean_display_top_bar":"default","ocean_display_header":"default","ocean_header_style":"","ocean_center_header_left_menu":"","ocean_custom_header_template":"","ocean_custom_logo":0,"ocean_custom_retina_logo":0,"ocean_custom_logo_max_width":0,"ocean_custom_logo_tablet_max_width":0,"ocean_custom_logo_mobile_max_width":0,"ocean_custom_logo_max_height":0,"ocean_custom_logo_tablet_max_height":0,"ocean_custom_logo_mobile_max_height":0,"ocean_header_custom_menu":"","ocean_menu_typo_font_family":"","ocean_menu_typo_font_subset":"","ocean_menu_typo_font_size":0,"ocean_menu_typo_font_size_tablet":0,"ocean_menu_typo_font_size_mobile":0,"ocean_menu_typo_font_size_unit":"px","ocean_menu_typo_font_weight":"","ocean_menu_typo_font_weight_tablet":"","ocean_menu_typo_font_weight_mobile":"","ocean_menu_typo_transform":"","ocean_menu_typo_transform_tablet":"","ocean_menu_typo_transform_mobile":"","ocean_menu_typo_line_height":0,"ocean_menu_typo_line_height_tablet":0,"ocean_menu_typo_line_height_mobile":0,"ocean_menu_typo_line_height_unit":"","ocean_menu_typo_spacing":0,"ocean_menu_typo_spacing_tablet":0,"ocean_menu_typo_spacing_mobile":0,"ocean_menu_typo_spacing_unit":"","ocean_menu_link_color":"","ocean_menu_link_color_hover":"","ocean_menu_link_color_active":"","ocean_menu_link_background":"","ocean_menu_link_hover_background":"","ocean_menu_link_active_background":"","ocean_menu_social_links_bg":"","ocean_menu_social_hover_links_bg":"","ocean_menu_social_links_color":"","ocean_menu_social_hover_links_color":"","ocean_disable_title":"default","ocean_disable_heading":"default","ocean_post_title":"","ocean_post_subheading":"","ocean_post_title_style":"","ocean_post_title_background_color":"","ocean_post_title_background":0,"ocean_post_title_bg_image_position":"","ocean_post_title_bg_image_attachment":"","ocean_post_title_bg_image_repeat":"","ocean_post_title_bg_image_size":"","ocean_post_title_height":0,"ocean_post_title_bg_overlay":0.5,"ocean_post_title_bg_overlay_color":"","ocean_disable_breadcrumbs":"default","ocean_breadcrumbs_color":"","ocean_breadcrumbs_separator_color":"","ocean_breadcrumbs_links_color":"","ocean_breadcrumbs_links_hover_color":"","ocean_display_footer_widgets":"default","ocean_display_footer_bottom":"default","ocean_custom_footer_template":"","footnotes":""},"folder":[],"class_list":["post-26160","page","type-page","status-publish","hentry","entry"],"publishpress_future_action":{"enabled":false,"date":"2026-04-21 22:55:40","action":"change-status","newStatus":"draft","terms":[],"taxonomy":"folder","extraData":[]},"publishpress_future_workflow_manual_trigger":{"enabledWorkflows":[]},"_links":{"self":[{"href":"https:\/\/www.fkbv.um.si\/index.php?rest_route=\/wp\/v2\/pages\/26160","targetHints":{"allow":["GET"]}}],"collection":[{"href":"https:\/\/www.fkbv.um.si\/index.php?rest_route=\/wp\/v2\/pages"}],"about":[{"href":"https:\/\/www.fkbv.um.si\/index.php?rest_route=\/wp\/v2\/types\/page"}],"author":[{"embeddable":true,"href":"https:\/\/www.fkbv.um.si\/index.php?rest_route=\/wp\/v2\/users\/96"}],"replies":[{"embeddable":true,"href":"https:\/\/www.fkbv.um.si\/index.php?rest_route=%2Fwp%2Fv2%2Fcomments&post=26160"}],"version-history":[{"count":4,"href":"https:\/\/www.fkbv.um.si\/index.php?rest_route=\/wp\/v2\/pages\/26160\/revisions"}],"predecessor-version":[{"id":26469,"href":"https:\/\/www.fkbv.um.si\/index.php?rest_route=\/wp\/v2\/pages\/26160\/revisions\/26469"}],"wp:attachment":[{"href":"https:\/\/www.fkbv.um.si\/index.php?rest_route=%2Fwp%2Fv2%2Fmedia&parent=26160"}],"wp:term":[{"taxonomy":"folder","embeddable":true,"href":"https:\/\/www.fkbv.um.si\/index.php?rest_route=%2Fwp%2Fv2%2Ffolder&post=26160"}],"curies":[{"name":"wp","href":"https:\/\/api.w.org\/{rel}","templated":true}]}}