{"id":26148,"date":"2025-01-23T09:38:34","date_gmt":"2025-01-23T09:38:34","guid":{"rendered":"https:\/\/www.fkbv.um.si\/?page_id=26148"},"modified":"2025-01-28T14:45:38","modified_gmt":"2025-01-28T14:45:38","slug":"projekt-j7-60129-podstran-1","status":"publish","type":"page","link":"https:\/\/www.fkbv.um.si\/?page_id=26148","title":{"rendered":"Projekt J7-60129 Podstran 1"},"content":{"rendered":"\t\t<div data-elementor-type=\"wp-page\" data-elementor-id=\"26148\" class=\"elementor elementor-26148\" data-elementor-post-type=\"page\">\n\t\t\t\t\t\t<section class=\"elementor-section elementor-top-section elementor-element elementor-element-7328cf0 elementor-section-boxed elementor-section-height-default elementor-section-height-default\" data-id=\"7328cf0\" data-element_type=\"section\" data-e-type=\"section\">\n\t\t\t\t\t\t<div class=\"elementor-container elementor-column-gap-default\">\n\t\t\t\t\t<div class=\"elementor-column elementor-col-100 elementor-top-column elementor-element elementor-element-e478b1f\" data-id=\"e478b1f\" data-element_type=\"column\" data-e-type=\"column\">\n\t\t\t<div class=\"elementor-widget-wrap elementor-element-populated\">\n\t\t\t\t\t\t<div class=\"elementor-element elementor-element-33a9138 elementor-widget elementor-widget-text-editor\" data-id=\"33a9138\" data-element_type=\"widget\" data-e-type=\"widget\" data-widget_type=\"text-editor.default\">\n\t\t\t\t<div class=\"elementor-widget-container\">\n\t\t\t\t\t\t\t\t\t<h1><strong><em><u>Raziskovalne skupine in delovni sklopi<\/u><\/em><\/strong><\/h1><p><img fetchpriority=\"high\" decoding=\"async\" class=\"aligncenter wp-image-26484 \" src=\"https:\/\/www.fkbv.um.si\/wp-content\/uploads\/2025\/01\/DS-shema.png\" alt=\"\" width=\"561\" height=\"307\" srcset=\"https:\/\/www.fkbv.um.si\/wp-content\/uploads\/2025\/01\/DS-shema.png 945w, https:\/\/www.fkbv.um.si\/wp-content\/uploads\/2025\/01\/DS-shema-300x164.png 300w, https:\/\/www.fkbv.um.si\/wp-content\/uploads\/2025\/01\/DS-shema-768x420.png 768w\" sizes=\"(max-width: 561px) 100vw, 561px\" \/><\/p><h2><strong>UM Fakulteta za kmetijstvo in biosistemske vede (vodilna organizacija):<\/strong><\/h2><p><strong><em>Delovni sklop &#8216;Etologija in biologija \u017eivali&#8217;:<\/em><\/strong><\/p><p>Janko Skok (vodja projekta)<\/p><p>Maja Prevolnik Pov\u0161e<\/p><p>Dejan \u0160korjanc<\/p><p>Tja\u0161a Pangerl<\/p><p>Caio Eduardo da Costa Domingues<\/p><p><strong><em>Delovni sklop &#8216;Travni\u0161tvo&#8217;:<\/em><\/strong><\/p><p>Anastazija Gselman (vodja d.s.)<\/p><p>Miran Podvr\u0161nik<\/p><p><em><strong>Delovni sklop &#8216;Tla&#8217;:<\/strong><\/em><\/p><p>Ur\u0161ka Lisec (vodja d.s.)<\/p><h2><strong>UM Fakulteta za naravoslovje in matematiko (partnerska organizacija):<\/strong><\/h2><p><em><strong>Delovni sklop &#8216;Botanika&#8217;:<\/strong><\/em><\/p><p>Mitja Kaligari\u010d (vodja d.s.)<\/p><p>Sonja \u0160kornik<\/p><p>Nata\u0161a Pipenbaher<\/p><p>Igor Pau\u0161i\u010d<\/p><p><em><strong>Delovni sklop &#8216;GIS&#8217;:<\/strong><\/em><\/p><p>Danijel Ivanj\u0161i\u010d (vodja d.s.)<\/p><p>Veno Ja\u0161a Grui\u0107<\/p><h2><strong>UP Fakulteta za matematiko, naravoslovje in informacijske tehnologije (partnerska organizacija):<\/strong><\/h2><p><em><strong>Delovni sklop &#8216;Genetika&#8217;:<\/strong><\/em><\/p><p>Elena Bu\u017ean (vodja d.s.)<\/p><p>Tilen Komel<\/p><p>Jana Kopini\u010d<\/p><p>Stefan Cidilko<\/p><p>Ur\u0161ka Geri\u010d<\/p>\t\t\t\t\t\t\t\t<\/div>\n\t\t\t\t<\/div>\n\t\t\t\t<section class=\"elementor-section elementor-inner-section elementor-element elementor-element-f9d5727 elementor-section-boxed elementor-section-height-default elementor-section-height-default\" data-id=\"f9d5727\" data-element_type=\"section\" data-e-type=\"section\">\n\t\t\t\t\t\t<div class=\"elementor-container elementor-column-gap-default\">\n\t\t\t\t\t<div class=\"elementor-column elementor-col-50 elementor-inner-column elementor-element elementor-element-89ba4a6\" data-id=\"89ba4a6\" data-element_type=\"column\" data-e-type=\"column\">\n\t\t\t<div class=\"elementor-widget-wrap\">\n\t\t\t\t\t\t\t<\/div>\n\t\t<\/div>\n\t\t\t\t<div class=\"elementor-column elementor-col-50 elementor-inner-column elementor-element elementor-element-b1f0bfc\" data-id=\"b1f0bfc\" data-element_type=\"column\" data-e-type=\"column\">\n\t\t\t<div class=\"elementor-widget-wrap\">\n\t\t\t\t\t\t\t<\/div>\n\t\t<\/div>\n\t\t\t\t\t<\/div>\n\t\t<\/section>\n\t\t\t\t\t<\/div>\n\t\t<\/div>\n\t\t\t\t\t<\/div>\n\t\t<\/section>\n\t\t\t\t<\/div>\n\t\t","protected":false},"excerpt":{"rendered":"<p>Raziskovalne skupine in delovni sklopi UM Fakulteta za kmetijstvo in biosistemske vede (vodilna organizacija): Delovni sklop &#8216;Etologija in biologija \u017eivali&#8217;: Janko Skok (vodja projekta) Maja Prevolnik Pov\u0161e Dejan \u0160korjanc Tja\u0161a Pangerl Caio Eduardo da Costa Domingues Delovni sklop &#8216;Travni\u0161tvo&#8217;: Anastazija Gselman (vodja d.s.) Miran Podvr\u0161nik Delovni sklop &#8216;Tla&#8217;: Ur\u0161ka Lisec (vodja d.s.) UM Fakulteta za [&hellip;]<\/p>\n","protected":false},"author":96,"featured_media":0,"parent":0,"menu_order":0,"comment_status":"closed","ping_status":"closed","template":"elementor_header_footer","meta":{"ocean_post_layout":"","ocean_both_sidebars_style":"","ocean_both_sidebars_content_width":0,"ocean_both_sidebars_sidebars_width":0,"ocean_sidebar":"","ocean_second_sidebar":"","ocean_disable_margins":"enable","ocean_add_body_class":"","ocean_shortcode_before_top_bar":"","ocean_shortcode_after_top_bar":"","ocean_shortcode_before_header":"","ocean_shortcode_after_header":"","ocean_has_shortcode":"","ocean_shortcode_after_title":"","ocean_shortcode_before_footer_widgets":"","ocean_shortcode_after_footer_widgets":"","ocean_shortcode_before_footer_bottom":"","ocean_shortcode_after_footer_bottom":"","ocean_display_top_bar":"default","ocean_display_header":"default","ocean_header_style":"","ocean_center_header_left_menu":"","ocean_custom_header_template":"","ocean_custom_logo":0,"ocean_custom_retina_logo":0,"ocean_custom_logo_max_width":0,"ocean_custom_logo_tablet_max_width":0,"ocean_custom_logo_mobile_max_width":0,"ocean_custom_logo_max_height":0,"ocean_custom_logo_tablet_max_height":0,"ocean_custom_logo_mobile_max_height":0,"ocean_header_custom_menu":"","ocean_menu_typo_font_family":"","ocean_menu_typo_font_subset":"","ocean_menu_typo_font_size":0,"ocean_menu_typo_font_size_tablet":0,"ocean_menu_typo_font_size_mobile":0,"ocean_menu_typo_font_size_unit":"px","ocean_menu_typo_font_weight":"","ocean_menu_typo_font_weight_tablet":"","ocean_menu_typo_font_weight_mobile":"","ocean_menu_typo_transform":"","ocean_menu_typo_transform_tablet":"","ocean_menu_typo_transform_mobile":"","ocean_menu_typo_line_height":0,"ocean_menu_typo_line_height_tablet":0,"ocean_menu_typo_line_height_mobile":0,"ocean_menu_typo_line_height_unit":"","ocean_menu_typo_spacing":0,"ocean_menu_typo_spacing_tablet":0,"ocean_menu_typo_spacing_mobile":0,"ocean_menu_typo_spacing_unit":"","ocean_menu_link_color":"","ocean_menu_link_color_hover":"","ocean_menu_link_color_active":"","ocean_menu_link_background":"","ocean_menu_link_hover_background":"","ocean_menu_link_active_background":"","ocean_menu_social_links_bg":"","ocean_menu_social_hover_links_bg":"","ocean_menu_social_links_color":"","ocean_menu_social_hover_links_color":"","ocean_disable_title":"default","ocean_disable_heading":"default","ocean_post_title":"","ocean_post_subheading":"","ocean_post_title_style":"","ocean_post_title_background_color":"","ocean_post_title_background":0,"ocean_post_title_bg_image_position":"","ocean_post_title_bg_image_attachment":"","ocean_post_title_bg_image_repeat":"","ocean_post_title_bg_image_size":"","ocean_post_title_height":0,"ocean_post_title_bg_overlay":0.5,"ocean_post_title_bg_overlay_color":"","ocean_disable_breadcrumbs":"default","ocean_breadcrumbs_color":"","ocean_breadcrumbs_separator_color":"","ocean_breadcrumbs_links_color":"","ocean_breadcrumbs_links_hover_color":"","ocean_display_footer_widgets":"default","ocean_display_footer_bottom":"default","ocean_custom_footer_template":"","footnotes":""},"folder":[],"class_list":["post-26148","page","type-page","status-publish","hentry","entry"],"publishpress_future_action":{"enabled":false,"date":"2026-04-26 07:17:14","action":"change-status","newStatus":"draft","terms":[],"taxonomy":"folder","extraData":[]},"publishpress_future_workflow_manual_trigger":{"enabledWorkflows":[]},"_links":{"self":[{"href":"https:\/\/www.fkbv.um.si\/index.php?rest_route=\/wp\/v2\/pages\/26148","targetHints":{"allow":["GET"]}}],"collection":[{"href":"https:\/\/www.fkbv.um.si\/index.php?rest_route=\/wp\/v2\/pages"}],"about":[{"href":"https:\/\/www.fkbv.um.si\/index.php?rest_route=\/wp\/v2\/types\/page"}],"author":[{"embeddable":true,"href":"https:\/\/www.fkbv.um.si\/index.php?rest_route=\/wp\/v2\/users\/96"}],"replies":[{"embeddable":true,"href":"https:\/\/www.fkbv.um.si\/index.php?rest_route=%2Fwp%2Fv2%2Fcomments&post=26148"}],"version-history":[{"count":16,"href":"https:\/\/www.fkbv.um.si\/index.php?rest_route=\/wp\/v2\/pages\/26148\/revisions"}],"predecessor-version":[{"id":26526,"href":"https:\/\/www.fkbv.um.si\/index.php?rest_route=\/wp\/v2\/pages\/26148\/revisions\/26526"}],"wp:attachment":[{"href":"https:\/\/www.fkbv.um.si\/index.php?rest_route=%2Fwp%2Fv2%2Fmedia&parent=26148"}],"wp:term":[{"taxonomy":"folder","embeddable":true,"href":"https:\/\/www.fkbv.um.si\/index.php?rest_route=%2Fwp%2Fv2%2Ffolder&post=26148"}],"curies":[{"name":"wp","href":"https:\/\/api.w.org\/{rel}","templated":true}]}}