{"id":23432,"date":"2024-06-17T08:42:38","date_gmt":"2024-06-17T08:42:38","guid":{"rendered":"https:\/\/www.fkbv.um.si\/?page_id=23432"},"modified":"2025-09-30T12:02:42","modified_gmt":"2025-09-30T12:02:42","slug":"tutorstvo-na-fkbv","status":"publish","type":"page","link":"https:\/\/www.fkbv.um.si\/?page_id=23432","title":{"rendered":"Tutorstvo na FKBV"},"content":{"rendered":"\t\t<div data-elementor-type=\"wp-page\" data-elementor-id=\"23432\" class=\"elementor elementor-23432\" data-elementor-post-type=\"page\">\n\t\t\t\t\t\t<section class=\"elementor-section elementor-top-section elementor-element elementor-element-76e8777 elementor-section-boxed elementor-section-height-default elementor-section-height-default\" data-id=\"76e8777\" data-element_type=\"section\" data-e-type=\"section\">\n\t\t\t\t\t\t<div class=\"elementor-container elementor-column-gap-default\">\n\t\t\t\t\t<div class=\"elementor-column elementor-col-100 elementor-top-column elementor-element elementor-element-62b3db3\" data-id=\"62b3db3\" data-element_type=\"column\" data-e-type=\"column\">\n\t\t\t<div class=\"elementor-widget-wrap elementor-element-populated\">\n\t\t\t\t\t\t<div class=\"elementor-element elementor-element-92aa914 elementor-widget elementor-widget-heading\" data-id=\"92aa914\" data-element_type=\"widget\" data-e-type=\"widget\" data-widget_type=\"heading.default\">\n\t\t\t\t<div class=\"elementor-widget-container\">\n\t\t\t\t\t<h1 class=\"elementor-heading-title elementor-size-default\">Tutorstvo na FKBV<\/h1>\t\t\t\t<\/div>\n\t\t\t\t<\/div>\n\t\t\t\t\t<\/div>\n\t\t<\/div>\n\t\t\t\t\t<\/div>\n\t\t<\/section>\n\t\t\t\t<section class=\"elementor-section elementor-top-section elementor-element elementor-element-3f84622 elementor-section-boxed elementor-section-height-default elementor-section-height-default\" data-id=\"3f84622\" data-element_type=\"section\" data-e-type=\"section\" data-settings=\"{&quot;background_background&quot;:&quot;classic&quot;}\">\n\t\t\t\t\t\t<div class=\"elementor-container elementor-column-gap-default\">\n\t\t\t\t\t<div class=\"elementor-column elementor-col-100 elementor-top-column elementor-element elementor-element-90d5257\" data-id=\"90d5257\" data-element_type=\"column\" data-e-type=\"column\">\n\t\t\t<div class=\"elementor-widget-wrap elementor-element-populated\">\n\t\t\t\t\t\t<div class=\"elementor-element elementor-element-111bba1 elementor-widget elementor-widget-text-editor\" data-id=\"111bba1\" data-element_type=\"widget\" data-e-type=\"widget\" data-widget_type=\"text-editor.default\">\n\t\t\t\t<div class=\"elementor-widget-container\">\n\t\t\t\t\t\t\t\t\t<p>Na Fakulteti za kmetijstvo in biosistemske vede \u017ee ve\u010d let uspe\u0161no deluje tutorski sistem. Namen tutorskega sistema je zagotavljati ugodnej\u0161e pogoje za aktivno vklju\u010devanje vseh \u0161tudentov v univerzitetno \u017eivljenje ter pomo\u010d pri razre\u0161evanju njihovih splo\u0161nih in specifi\u010dnih \u0161tudijskih izzivov od vpisa na \u0161tudijski program do zaklju\u010dka \u0161tudija.<\/p><p>Z izvajanjem tutorstva poskrbimo za dolgoro\u010dno spodbujanje \u0161tudijske uspe\u0161nosti, ustvarjanje pozitivne tekmovalne klime med \u0161tudenti in vi\u0161jo kakovost \u0161tudija. Pri\u010dakovani u\u010dinek organiziranega izvajanja tutorstva je tesnej\u0161a povezanost med samimi \u0161tudenti kakor tudi med \u0161tudenti in zaposlenimi ter krepitev pripadnosti fakulteti.<\/p><p>Organiziranje in izvajanje in izbor tutorjev \u0161tudentov ter tutorjev \u0161tudentov u\u010diteljev dolo\u010dajo <u>Navodila o izvajanju tutorskega sistema na Univerzi v Mariboru, \u0161t. 012\/N 6\/2023\/400-AG<\/u> ter <u>Navodila o izvajanju tutorskega sistema na Fakulteti za kmetijstvo in biosistemske vede Univerze v Mariboru<\/u>, ki jih najdete na spodnjih povezavah:<\/p><p><span style=\"color: #0000ff;\"><a style=\"color: #0000ff;\" href=\"https:\/\/www.um.si\/wp-content\/uploads\/2021\/11\/Navodila_o_izvajanju_tutorstva_na_UM.pdf\">Navodila o izvajanju tutorstva na UM<\/a><\/span><\/p><p><a href=\"https:\/\/www.fkbv.um.si\/wp-content\/uploads\/2025\/06\/Navodila-o-izvajanju-tutorskega-sistema-na-FKBV_18_3_2024-s-sprem-in-dop.pdf\"><span style=\"color: #0000ff;\">Navodila o izvajanju tutorstva na FKBV<\/span><\/a><\/p><h3>Tutorji \u0161tudenti za \u0161tudijsko leto 2025\/2026<\/h3><ul><li><strong>\u017diga Helbl<\/strong> \u2013 Agrarna ekonomika in razvoj pode\u017eelja VS (1. st.)<\/li><li><strong>Pia Narat<\/strong> \u2013 \u017divinoreja VS (1. st.)<\/li><li><strong>\u017diga Helbl<\/strong> \u2013 Agronomija, okrasne rastline, zelenjava in polj\u0161\u010dine VS (1. st.)<\/li><li><strong>Julija Vujovi\u0107<\/strong> \u2013 Vinogradni\u0161tvo, vinarstvo in sadjarstvo VS (1. st.)<\/li><li><strong>Julija Vujovi\u0107<\/strong> \u2013 Agrikultura in okolje UN (1. st.)<\/li><li><strong>Kaja \u017du\u010dko<\/strong> \u2013 Biosistemsko in\u017eenirstvo VS (1. st.)<\/li><li><strong>Pia Narat<\/strong> \u2013 Ekolo\u0161ko kmetijstvo VS (1. st.)<\/li><li><strong>Kaja \u017du\u010dko<\/strong> \u2013 Kmetijstvo (2. st.)<\/li><li><strong>Kaja \u017du\u010dko<\/strong> \u2013 Agrarna ekonomika (2. st.)<\/li><li><strong>Kaja \u017du\u010dko<\/strong> \u2013 Varnost hrane v prehrambni verigi (2. st.)<\/li><\/ul><p><strong>Koordinatorka tutorjev \u0161tudentov za \u0161tudijsko leto 2025\/2026:<\/strong><\/p><ul><li><strong>Kaja \u017du\u010dko<\/strong><\/li><\/ul><p><br \/>Ve\u010d o tutorjih \u0161tudentih in aktualnih \u010dlanih lahko najdete na <span style=\"color: #0000ff;\"><a style=\"color: #0000ff;\" href=\"https:\/\/www.tutorsoum.si\/fkbv\/\">TutorSOUM<\/a><\/span>.<\/p><p><strong>Tutorji u\u010ditelji<\/strong><\/p><h3>Tutorji u\u010ditelji za \u0161tudijsko leto 2025\/2026<\/h3><ul><li><strong>red. prof. dr. Karmen Pa\u017eek<\/strong> \u2013 tutor u\u010ditelj za <strong>dodiplomske \u0161tudijske programe<\/strong><\/li><li><strong>doc. dr. Ma\u0161a Kozmos<\/strong> \u2013 tutor u\u010ditelj za <strong>podiplomske \u0161tudijske programe<\/strong><\/li><li><strong>doc. dr. Tadeja Kraner \u0160umenjak<\/strong> \u2013 tutor u\u010ditelj za <strong>\u0161tudente s statusom \u0161tudenta s posebnimi potrebami in posebnim statusom<\/strong><\/li><\/ul><p><strong>Koordinatorica tutorjev u\u010diteljev za \u0161tudijsko leto 2025\/2026:<\/strong><\/p><ul><li><strong>doc. dr. Ma\u0161a Kozmos<\/strong><\/li><\/ul>\t\t\t\t\t\t\t\t<\/div>\n\t\t\t\t<\/div>\n\t\t\t\t<div class=\"elementor-element elementor-element-3016ac6 elementor-hidden-desktop elementor-hidden-tablet elementor-hidden-mobile elementor-widget elementor-widget-text-editor\" data-id=\"3016ac6\" data-element_type=\"widget\" data-e-type=\"widget\" data-widget_type=\"text-editor.default\">\n\t\t\t\t<div class=\"elementor-widget-container\">\n\t\t\t\t\t\t\t\t\t<p>Na Fakulteti za kmetijstvo in biosistemske vede \u017ee ve\u010d let uspe\u0161no deluje tutorski sistem. Namen tutorskega sistema je zagotavljati ugodnej\u0161e pogoje za aktivno vklju\u010devanje vseh \u0161tudentov v univerzitetno \u017eivljenje ter pomo\u010d pri razre\u0161evanju njihovih splo\u0161nih in specifi\u010dnih \u0161tudijskih izzivov od vpisa na \u0161tudijski program do zaklju\u010dka \u0161tudija.<\/p><p>Z izvajanjem tutorstva poskrbimo za dolgoro\u010dno spodbujanje \u0161tudijske uspe\u0161nosti, ustvarjanje pozitivne tekmovalne klime med \u0161tudenti in vi\u0161jo kakovost \u0161tudija. Pri\u010dakovani u\u010dinek organiziranega izvajanja tutorstva je tesnej\u0161a povezanost med samimi \u0161tudenti kakor tudi med \u0161tudenti in zaposlenimi ter krepitev pripadnosti fakulteti.<\/p><p>Organiziranje in izvajanje in izbor tutorjev \u0161tudentov ter tutorjev \u0161tudentov u\u010diteljev dolo\u010dajo <u>Navodila o izvajanju tutorskega sistema na Univerzi v Mariboru, \u0161t. 012\/N 6\/2023\/400-AG<\/u> ter <u>Navodila o izvajanju tutorskega sistema na Fakulteti za kmetijstvo in biosistemske vede Univerze v Mariboru<\/u>, ki jih najdete na spodnjih povezavah:<\/p><p><span style=\"color: #0000ff;\"><a style=\"color: #0000ff;\" href=\"https:\/\/www.um.si\/wp-content\/uploads\/2021\/11\/Navodila_o_izvajanju_tutorstva_na_UM.pdf\">Navodila o izvajanju tutorstva na UM<\/a><\/span><\/p><p><a href=\"https:\/\/www.fkbv.um.si\/wp-content\/uploads\/2025\/06\/Navodila-o-izvajanju-tutorskega-sistema-na-FKBV_18_3_2024-s-sprem-in-dop.pdf\"><span style=\"color: #0000ff;\">Navodila o izvajanju tutorstva na FKBV<\/span><\/a><\/p><p><strong>Tutorji \u0161tudenti<\/strong><\/p><div align=\"center\"><table class=\"MsoTableGrid\" style=\"border-collapse: collapse; border: none; mso-yfti-tbllook: 1184; mso-padding-alt: 0cm 5.4pt 0cm 5.4pt; mso-border-insideh: none; mso-border-insidev: none;\" border=\"0\" cellspacing=\"0\" cellpadding=\"0\"><tbody><tr style=\"mso-yfti-irow: 0; mso-yfti-firstrow: yes;\"><td style=\"width: 226.55pt; padding: 0cm 5.4pt 0cm 5.4pt;\" valign=\"top\" width=\"302\"><p align=\"center\"><img fetchpriority=\"high\" decoding=\"async\" class=\"alignnone wp-image-25257 size-medium\" src=\"https:\/\/www.fkbv.um.si\/wp-content\/uploads\/2024\/10\/tutorji_2024-5-Kaja-Zucko-300x240.jpg\" alt=\"\" width=\"300\" height=\"240\" srcset=\"https:\/\/www.fkbv.um.si\/wp-content\/uploads\/2024\/10\/tutorji_2024-5-Kaja-Zucko-300x240.jpg 300w, https:\/\/www.fkbv.um.si\/wp-content\/uploads\/2024\/10\/tutorji_2024-5-Kaja-Zucko-1024x819.jpg 1024w, https:\/\/www.fkbv.um.si\/wp-content\/uploads\/2024\/10\/tutorji_2024-5-Kaja-Zucko-768x614.jpg 768w, https:\/\/www.fkbv.um.si\/wp-content\/uploads\/2024\/10\/tutorji_2024-5-Kaja-Zucko-1536x1229.jpg 1536w, https:\/\/www.fkbv.um.si\/wp-content\/uploads\/2024\/10\/tutorji_2024-5-Kaja-Zucko.jpg 2000w\" sizes=\"(max-width: 300px) 100vw, 300px\" \/><\/p><p class=\"MsoNormal\" style=\"margin-bottom: 0cm; text-align: center; line-height: normal;\" align=\"center\"><span lang=\"SL\" style=\"mso-ansi-language: SL;\">Kaja \u017du\u010dko \u2013<br \/>koordinatorka tutorjev,<\/span><\/p><p class=\"MsoNormal\" style=\"margin-bottom: 0cm; text-align: center; line-height: normal;\" align=\"center\"><span lang=\"SL\" style=\"mso-ansi-language: SL;\"> tutor za Biosistemsko in\u017eenirstvo,<\/span><\/p><p class=\"MsoNormal\" style=\"margin-bottom: 0cm; text-align: center; line-height: normal;\" align=\"center\"><span lang=\"SL\" style=\"mso-ansi-language: SL;\"> tutor za Kmetijstvo (2. st.),<\/span><\/p><p class=\"MsoNormal\" style=\"margin-bottom: 0cm; text-align: center; line-height: normal;\" align=\"center\"><span lang=\"SL\" style=\"mso-ansi-language: SL;\"> tutor za Agrarno ekonomiko (2. st.),<\/span><\/p><p align=\"center\">tutor za Varnost hrane v prehrambni verigi (2. st.)<\/p><p align=\"center\">\u00a0<\/p><\/td><td style=\"width: 226.55pt; padding: 0cm 5.4pt 0cm 5.4pt;\" valign=\"top\" width=\"302\"><p align=\"center\"><img decoding=\"async\" class=\"alignnone wp-image-25258 size-medium\" src=\"https:\/\/www.fkbv.um.si\/wp-content\/uploads\/2024\/10\/tutorji_2024-6-Larisa-Motaln-300x240.jpg\" alt=\"\" width=\"300\" height=\"240\" srcset=\"https:\/\/www.fkbv.um.si\/wp-content\/uploads\/2024\/10\/tutorji_2024-6-Larisa-Motaln-300x240.jpg 300w, https:\/\/www.fkbv.um.si\/wp-content\/uploads\/2024\/10\/tutorji_2024-6-Larisa-Motaln-1024x819.jpg 1024w, https:\/\/www.fkbv.um.si\/wp-content\/uploads\/2024\/10\/tutorji_2024-6-Larisa-Motaln-768x614.jpg 768w, https:\/\/www.fkbv.um.si\/wp-content\/uploads\/2024\/10\/tutorji_2024-6-Larisa-Motaln-1536x1229.jpg 1536w, https:\/\/www.fkbv.um.si\/wp-content\/uploads\/2024\/10\/tutorji_2024-6-Larisa-Motaln.jpg 2000w\" sizes=\"(max-width: 300px) 100vw, 300px\" \/><\/p><p class=\"MsoNormal\" style=\"margin-bottom: 0cm; text-align: center; line-height: normal;\" align=\"center\"><span lang=\"SL\" style=\"mso-ansi-language: SL;\">Larisa Motaln \u2013<br \/>tutor za \u017divinorejo (1. st.)<\/span><\/p><p align=\"center\">\u00a0<\/p><\/td><\/tr><tr style=\"mso-yfti-irow: 1;\"><td style=\"width: 226.55pt; padding: 0cm 5.4pt 0cm 5.4pt;\" valign=\"top\" width=\"302\"><p align=\"center\"><img decoding=\"async\" class=\"alignnone wp-image-25259 size-medium\" src=\"https:\/\/www.fkbv.um.si\/wp-content\/uploads\/2024\/10\/tutorji_2024-10-Ema-Lapornik-300x240.jpg\" alt=\"\" width=\"300\" height=\"240\" srcset=\"https:\/\/www.fkbv.um.si\/wp-content\/uploads\/2024\/10\/tutorji_2024-10-Ema-Lapornik-300x240.jpg 300w, https:\/\/www.fkbv.um.si\/wp-content\/uploads\/2024\/10\/tutorji_2024-10-Ema-Lapornik-1024x819.jpg 1024w, https:\/\/www.fkbv.um.si\/wp-content\/uploads\/2024\/10\/tutorji_2024-10-Ema-Lapornik-768x614.jpg 768w, https:\/\/www.fkbv.um.si\/wp-content\/uploads\/2024\/10\/tutorji_2024-10-Ema-Lapornik-1536x1229.jpg 1536w, https:\/\/www.fkbv.um.si\/wp-content\/uploads\/2024\/10\/tutorji_2024-10-Ema-Lapornik.jpg 2000w\" sizes=\"(max-width: 300px) 100vw, 300px\" \/><\/p><p class=\"MsoNormal\" style=\"margin-bottom: 0cm; text-align: center; line-height: normal;\" align=\"center\"><span lang=\"SL\" style=\"mso-ansi-language: SL;\">Ema Lapornik \u2013<br \/>tutor za Agrikulturo in okolje (1. st.)<\/span><\/p><p align=\"center\">\u00a0<\/p><\/td><td style=\"width: 226.55pt; padding: 0cm 5.4pt 0cm 5.4pt;\" valign=\"top\" width=\"302\"><p align=\"center\"><img loading=\"lazy\" decoding=\"async\" class=\"alignnone wp-image-25261 size-medium\" src=\"https:\/\/www.fkbv.um.si\/wp-content\/uploads\/2024\/10\/tutorji_2024-8-Valerija-Vabsek-300x240.jpg\" alt=\"\" width=\"300\" height=\"240\" srcset=\"https:\/\/www.fkbv.um.si\/wp-content\/uploads\/2024\/10\/tutorji_2024-8-Valerija-Vabsek-300x240.jpg 300w, https:\/\/www.fkbv.um.si\/wp-content\/uploads\/2024\/10\/tutorji_2024-8-Valerija-Vabsek-1024x819.jpg 1024w, https:\/\/www.fkbv.um.si\/wp-content\/uploads\/2024\/10\/tutorji_2024-8-Valerija-Vabsek-768x614.jpg 768w, https:\/\/www.fkbv.um.si\/wp-content\/uploads\/2024\/10\/tutorji_2024-8-Valerija-Vabsek-1536x1229.jpg 1536w, https:\/\/www.fkbv.um.si\/wp-content\/uploads\/2024\/10\/tutorji_2024-8-Valerija-Vabsek.jpg 2000w\" sizes=\"(max-width: 300px) 100vw, 300px\" \/><\/p><p class=\"MsoNormal\" style=\"margin-bottom: 0cm; text-align: center; line-height: normal;\" align=\"center\"><span lang=\"SL\" style=\"mso-ansi-language: SL;\">Valerija Vab\u0161ek \u2013<br \/>tutor za Ekolo\u0161ko kmetijstvo (1. st.)<\/span><\/p><p align=\"center\">\u00a0<\/p><\/td><\/tr><tr style=\"mso-yfti-irow: 2;\"><td style=\"width: 226.55pt; padding: 0cm 5.4pt 0cm 5.4pt;\" valign=\"top\" width=\"302\"><p align=\"center\"><img loading=\"lazy\" decoding=\"async\" class=\"alignnone wp-image-25263 size-medium\" src=\"https:\/\/www.fkbv.um.si\/wp-content\/uploads\/2024\/10\/tutorji_2024-11-Zala-Orter-300x240.jpg\" alt=\"\" width=\"300\" height=\"240\" srcset=\"https:\/\/www.fkbv.um.si\/wp-content\/uploads\/2024\/10\/tutorji_2024-11-Zala-Orter-300x240.jpg 300w, https:\/\/www.fkbv.um.si\/wp-content\/uploads\/2024\/10\/tutorji_2024-11-Zala-Orter-1024x819.jpg 1024w, https:\/\/www.fkbv.um.si\/wp-content\/uploads\/2024\/10\/tutorji_2024-11-Zala-Orter-768x614.jpg 768w, https:\/\/www.fkbv.um.si\/wp-content\/uploads\/2024\/10\/tutorji_2024-11-Zala-Orter-1536x1229.jpg 1536w, https:\/\/www.fkbv.um.si\/wp-content\/uploads\/2024\/10\/tutorji_2024-11-Zala-Orter.jpg 2000w\" sizes=\"(max-width: 300px) 100vw, 300px\" \/><\/p><p class=\"MsoNormal\" style=\"margin-bottom: 0cm; text-align: center; line-height: normal;\" align=\"center\"><span lang=\"SL\" style=\"mso-ansi-language: SL;\">Zala Orter<br \/>\u2013 tutor za Agronomijo, okrasne rastline, zelenjava in polj\u0161\u010dine (1. st.)<\/span><\/p><p align=\"center\">\u00a0<\/p><\/td><td style=\"width: 226.55pt; padding: 0cm 5.4pt 0cm 5.4pt;\" valign=\"top\" width=\"302\"><p align=\"center\"><img loading=\"lazy\" decoding=\"async\" class=\"alignnone wp-image-25266 size-medium\" src=\"https:\/\/www.fkbv.um.si\/wp-content\/uploads\/2024\/10\/tutorji_2024-9-Klara-Bojnec-300x240.jpg\" alt=\"\" width=\"300\" height=\"240\" srcset=\"https:\/\/www.fkbv.um.si\/wp-content\/uploads\/2024\/10\/tutorji_2024-9-Klara-Bojnec-300x240.jpg 300w, https:\/\/www.fkbv.um.si\/wp-content\/uploads\/2024\/10\/tutorji_2024-9-Klara-Bojnec-1024x819.jpg 1024w, https:\/\/www.fkbv.um.si\/wp-content\/uploads\/2024\/10\/tutorji_2024-9-Klara-Bojnec-768x614.jpg 768w, https:\/\/www.fkbv.um.si\/wp-content\/uploads\/2024\/10\/tutorji_2024-9-Klara-Bojnec-1536x1229.jpg 1536w, https:\/\/www.fkbv.um.si\/wp-content\/uploads\/2024\/10\/tutorji_2024-9-Klara-Bojnec.jpg 2000w\" sizes=\"(max-width: 300px) 100vw, 300px\" \/><\/p><p class=\"MsoNormal\" style=\"margin-bottom: 0cm; text-align: center; line-height: normal;\" align=\"center\"><span lang=\"SL\" style=\"mso-ansi-language: SL;\">Klara Bojnec \u2013 tutor<br \/>za Agrarno ekonomiko (1. st.)<\/span><\/p><p align=\"center\">\u00a0<\/p><\/td><\/tr><tr style=\"mso-yfti-irow: 3; mso-yfti-lastrow: yes;\"><td style=\"width: 453.1pt; padding: 0cm 5.4pt 0cm 5.4pt;\" colspan=\"2\" valign=\"top\" width=\"604\"><p align=\"center\"><img loading=\"lazy\" decoding=\"async\" class=\"alignnone wp-image-25269 size-medium\" src=\"https:\/\/www.fkbv.um.si\/wp-content\/uploads\/2024\/10\/tutorji_2024-7-Hana-Dolinar-300x240.jpg\" alt=\"\" width=\"300\" height=\"240\" srcset=\"https:\/\/www.fkbv.um.si\/wp-content\/uploads\/2024\/10\/tutorji_2024-7-Hana-Dolinar-300x240.jpg 300w, https:\/\/www.fkbv.um.si\/wp-content\/uploads\/2024\/10\/tutorji_2024-7-Hana-Dolinar-1024x819.jpg 1024w, https:\/\/www.fkbv.um.si\/wp-content\/uploads\/2024\/10\/tutorji_2024-7-Hana-Dolinar-768x614.jpg 768w, https:\/\/www.fkbv.um.si\/wp-content\/uploads\/2024\/10\/tutorji_2024-7-Hana-Dolinar-1536x1229.jpg 1536w, https:\/\/www.fkbv.um.si\/wp-content\/uploads\/2024\/10\/tutorji_2024-7-Hana-Dolinar.jpg 2000w\" sizes=\"(max-width: 300px) 100vw, 300px\" \/><\/p><p class=\"MsoNormal\" style=\"margin-bottom: 0cm; text-align: center; line-height: normal;\" align=\"center\"><span lang=\"SL\" style=\"mso-ansi-language: SL;\">Hana Dolinar \u2013<br \/>tutor za vinogradni\u0161tvo, vinarstvo in sadjarstvo (1. st.)<\/span><\/p><\/td><\/tr><\/tbody><\/table><\/div><p>Ve\u010d o tutorjih \u0161tudentih in aktualnih \u010dlanih lahko najdete na <span style=\"color: #0000ff;\"><a style=\"color: #0000ff;\" href=\"https:\/\/www.tutorsoum.si\/fkbv\/\">TutorSOUM<\/a><\/span>.<\/p><p><strong>Tutorji u\u010ditelji<\/strong><\/p><h3>Tutorji u\u010ditelji za \u0161tudijsko leto 2025\/2026<\/h3><ul><li><strong>red. prof. dr. Karmen Pa\u017eek<\/strong> \u2013 tutor u\u010ditelj za <strong>dodiplomske \u0161tudijske programe<\/strong><\/li><li><strong>doc. dr. Ma\u0161a Kozmos<\/strong> \u2013 tutor u\u010ditelj za <strong>podiplomske \u0161tudijske programe<\/strong><\/li><li><strong>doc. dr. Tadeja Kraner \u0160umenjak<\/strong> \u2013 tutor u\u010ditelj za <strong>\u0161tudente s statusom \u0161tudenta s posebnimi potrebami in posebnim statusom<\/strong><\/li><\/ul><p><strong>Koordinatorica tutorjev u\u010diteljev za \u0161tudijsko leto 2025\/2026:<\/strong><\/p><ul><li><strong>doc. dr. Ma\u0161a Kozmos<\/strong><\/li><\/ul>\t\t\t\t\t\t\t\t<\/div>\n\t\t\t\t<\/div>\n\t\t\t\t\t<\/div>\n\t\t<\/div>\n\t\t\t\t\t<\/div>\n\t\t<\/section>\n\t\t\t\t<section class=\"elementor-section elementor-top-section elementor-element elementor-element-a71dc58 elementor-section-boxed elementor-section-height-default elementor-section-height-default\" data-id=\"a71dc58\" data-element_type=\"section\" data-e-type=\"section\">\n\t\t\t\t\t\t<div class=\"elementor-container elementor-column-gap-default\">\n\t\t\t\t\t<div class=\"elementor-column elementor-col-50 elementor-top-column elementor-element elementor-element-ed96456\" data-id=\"ed96456\" data-element_type=\"column\" data-e-type=\"column\">\n\t\t\t<div class=\"elementor-widget-wrap\">\n\t\t\t\t\t\t\t<\/div>\n\t\t<\/div>\n\t\t\t\t<div class=\"elementor-column elementor-col-50 elementor-top-column elementor-element elementor-element-5b6a7c8\" data-id=\"5b6a7c8\" data-element_type=\"column\" data-e-type=\"column\">\n\t\t\t<div class=\"elementor-widget-wrap\">\n\t\t\t\t\t\t\t<\/div>\n\t\t<\/div>\n\t\t\t\t\t<\/div>\n\t\t<\/section>\n\t\t\t\t<\/div>\n\t\t","protected":false},"excerpt":{"rendered":"<p>Tutorstvo na FKBV Na Fakulteti za kmetijstvo in biosistemske vede \u017ee ve\u010d let uspe\u0161no deluje tutorski sistem. Namen tutorskega sistema je zagotavljati ugodnej\u0161e pogoje za aktivno vklju\u010devanje vseh \u0161tudentov v univerzitetno \u017eivljenje ter pomo\u010d pri razre\u0161evanju njihovih splo\u0161nih in specifi\u010dnih \u0161tudijskih izzivov od vpisa na \u0161tudijski program do zaklju\u010dka \u0161tudija. Z izvajanjem tutorstva poskrbimo za [&hellip;]<\/p>\n","protected":false},"author":1,"featured_media":0,"parent":0,"menu_order":0,"comment_status":"closed","ping_status":"closed","template":"elementor_header_footer","meta":{"ocean_post_layout":"","ocean_both_sidebars_style":"","ocean_both_sidebars_content_width":0,"ocean_both_sidebars_sidebars_width":0,"ocean_sidebar":"","ocean_second_sidebar":"","ocean_disable_margins":"enable","ocean_add_body_class":"","ocean_shortcode_before_top_bar":"","ocean_shortcode_after_top_bar":"","ocean_shortcode_before_header":"","ocean_shortcode_after_header":"","ocean_has_shortcode":"","ocean_shortcode_after_title":"","ocean_shortcode_before_footer_widgets":"","ocean_shortcode_after_footer_widgets":"","ocean_shortcode_before_footer_bottom":"","ocean_shortcode_after_footer_bottom":"","ocean_display_top_bar":"default","ocean_display_header":"default","ocean_header_style":"","ocean_center_header_left_menu":"","ocean_custom_header_template":"","ocean_custom_logo":0,"ocean_custom_retina_logo":0,"ocean_custom_logo_max_width":0,"ocean_custom_logo_tablet_max_width":0,"ocean_custom_logo_mobile_max_width":0,"ocean_custom_logo_max_height":0,"ocean_custom_logo_tablet_max_height":0,"ocean_custom_logo_mobile_max_height":0,"ocean_header_custom_menu":"","ocean_menu_typo_font_family":"","ocean_menu_typo_font_subset":"","ocean_menu_typo_font_size":0,"ocean_menu_typo_font_size_tablet":0,"ocean_menu_typo_font_size_mobile":0,"ocean_menu_typo_font_size_unit":"px","ocean_menu_typo_font_weight":"","ocean_menu_typo_font_weight_tablet":"","ocean_menu_typo_font_weight_mobile":"","ocean_menu_typo_transform":"","ocean_menu_typo_transform_tablet":"","ocean_menu_typo_transform_mobile":"","ocean_menu_typo_line_height":0,"ocean_menu_typo_line_height_tablet":0,"ocean_menu_typo_line_height_mobile":0,"ocean_menu_typo_line_height_unit":"","ocean_menu_typo_spacing":0,"ocean_menu_typo_spacing_tablet":0,"ocean_menu_typo_spacing_mobile":0,"ocean_menu_typo_spacing_unit":"","ocean_menu_link_color":"","ocean_menu_link_color_hover":"","ocean_menu_link_color_active":"","ocean_menu_link_background":"","ocean_menu_link_hover_background":"","ocean_menu_link_active_background":"","ocean_menu_social_links_bg":"","ocean_menu_social_hover_links_bg":"","ocean_menu_social_links_color":"","ocean_menu_social_hover_links_color":"","ocean_disable_title":"default","ocean_disable_heading":"default","ocean_post_title":"","ocean_post_subheading":"","ocean_post_title_style":"","ocean_post_title_background_color":"","ocean_post_title_background":0,"ocean_post_title_bg_image_position":"","ocean_post_title_bg_image_attachment":"","ocean_post_title_bg_image_repeat":"","ocean_post_title_bg_image_size":"","ocean_post_title_height":0,"ocean_post_title_bg_overlay":0.5,"ocean_post_title_bg_overlay_color":"","ocean_disable_breadcrumbs":"default","ocean_breadcrumbs_color":"","ocean_breadcrumbs_separator_color":"","ocean_breadcrumbs_links_color":"","ocean_breadcrumbs_links_hover_color":"","ocean_display_footer_widgets":"default","ocean_display_footer_bottom":"default","ocean_custom_footer_template":"","footnotes":""},"folder":[],"class_list":["post-23432","page","type-page","status-publish","hentry","entry"],"publishpress_future_action":{"enabled":false,"date":"2026-05-22 00:10:29","action":"change-status","newStatus":"draft","terms":[],"taxonomy":"folder","extraData":[]},"publishpress_future_workflow_manual_trigger":{"enabledWorkflows":[]},"_links":{"self":[{"href":"https:\/\/www.fkbv.um.si\/index.php?rest_route=\/wp\/v2\/pages\/23432","targetHints":{"allow":["GET"]}}],"collection":[{"href":"https:\/\/www.fkbv.um.si\/index.php?rest_route=\/wp\/v2\/pages"}],"about":[{"href":"https:\/\/www.fkbv.um.si\/index.php?rest_route=\/wp\/v2\/types\/page"}],"author":[{"embeddable":true,"href":"https:\/\/www.fkbv.um.si\/index.php?rest_route=\/wp\/v2\/users\/1"}],"replies":[{"embeddable":true,"href":"https:\/\/www.fkbv.um.si\/index.php?rest_route=%2Fwp%2Fv2%2Fcomments&post=23432"}],"version-history":[{"count":80,"href":"https:\/\/www.fkbv.um.si\/index.php?rest_route=\/wp\/v2\/pages\/23432\/revisions"}],"predecessor-version":[{"id":30829,"href":"https:\/\/www.fkbv.um.si\/index.php?rest_route=\/wp\/v2\/pages\/23432\/revisions\/30829"}],"wp:attachment":[{"href":"https:\/\/www.fkbv.um.si\/index.php?rest_route=%2Fwp%2Fv2%2Fmedia&parent=23432"}],"wp:term":[{"taxonomy":"folder","embeddable":true,"href":"https:\/\/www.fkbv.um.si\/index.php?rest_route=%2Fwp%2Fv2%2Ffolder&post=23432"}],"curies":[{"name":"wp","href":"https:\/\/api.w.org\/{rel}","templated":true}]}}