{"id":2207,"date":"2021-12-23T23:01:17","date_gmt":"2021-12-23T23:01:17","guid":{"rendered":"http:\/\/fkbv2.um.si\/?page_id=2207"},"modified":"2021-12-23T23:01:21","modified_gmt":"2021-12-23T23:01:21","slug":"eng-kemija-in-pedologija","status":"publish","type":"page","link":"https:\/\/www.fkbv.um.si\/?page_id=2207&lang=en","title":{"rendered":"ENG Kemija in pedologija"},"content":{"rendered":"\t\t<div data-elementor-type=\"wp-page\" data-elementor-id=\"2207\" class=\"elementor elementor-2207\" data-elementor-post-type=\"page\">\n\t\t\t\t\t\t<section class=\"elementor-section elementor-top-section elementor-element elementor-element-3946ff60 elementor-section-boxed elementor-section-height-default elementor-section-height-default\" data-id=\"3946ff60\" data-element_type=\"section\" data-e-type=\"section\" data-settings=\"{&quot;background_background&quot;:&quot;classic&quot;}\">\n\t\t\t\t\t\t<div class=\"elementor-container elementor-column-gap-default\">\n\t\t\t\t\t<div class=\"elementor-column elementor-col-100 elementor-top-column elementor-element elementor-element-286d49a7 elementor-invisible\" data-id=\"286d49a7\" data-element_type=\"column\" data-e-type=\"column\" data-settings=\"{&quot;animation&quot;:&quot;fadeIn&quot;}\">\n\t\t\t<div class=\"elementor-widget-wrap elementor-element-populated\">\n\t\t\t\t\t\t<div class=\"elementor-element elementor-element-1b2e3d70 elementor-invisible elementor-widget elementor-widget-heading\" data-id=\"1b2e3d70\" data-element_type=\"widget\" data-e-type=\"widget\" id=\"katedre\" data-settings=\"{&quot;_animation&quot;:&quot;fadeIn&quot;}\" data-widget_type=\"heading.default\">\n\t\t\t\t<div class=\"elementor-widget-container\">\n\t\t\t\t\t<h2 class=\"elementor-heading-title elementor-size-default\">KATEDRa za kemijo, agrokemijo in pedologijo<\/h2>\t\t\t\t<\/div>\n\t\t\t\t<\/div>\n\t\t\t\t<div class=\"elementor-element elementor-element-31d256f elementor-widget elementor-widget-text-editor\" data-id=\"31d256f\" data-element_type=\"widget\" data-e-type=\"widget\" data-widget_type=\"text-editor.default\">\n\t\t\t\t<div class=\"elementor-widget-container\">\n\t\t\t\t\t\t\t\t\t<h2>\u00a0<strong>\u010clani katedre<\/strong><\/h2><ul><li><strong>Izr. prof. dr. Janja Kristl, vodja katedre<\/strong><\/li><\/ul><p><img fetchpriority=\"high\" decoding=\"async\" class=\"alignnone size-medium wp-image-2088\" src=\"http:\/\/fkbv2.um.si\/wp-content\/uploads\/2021\/12\/j-258x300.jpg\" alt=\"\" width=\"258\" height=\"300\" srcset=\"https:\/\/www.fkbv.um.si\/wp-content\/uploads\/2021\/12\/j-258x300.jpg 258w, https:\/\/www.fkbv.um.si\/wp-content\/uploads\/2021\/12\/j.jpg 283w\" sizes=\"(max-width: 258px) 100vw, 258px\" \/><\/p><p><strong>Naziv:<\/strong>\u00a0izredna profesorica<\/p><p><strong>Habilitacijsko podro\u010dje:<\/strong>\u00a0Agrokemija<\/p><p><strong>Izobrazba<\/strong>: doktorat znanosti Univerza v Ljubljani, Fakulteta za kemijo in kemijsko tehnologijo<\/p><p><strong>Kontakt:<\/strong>\u00a0+386 2 320 90 42<\/p><p><strong>Elektronski naslov:<\/strong>\u00a0<span id=\"cloak42b96435e700603c4180efd863b0fa3c\"><a href=\"mailto:janja.kristl@um.si\">janja.kristl@um.si<\/a><\/span>\u00a0<\/p><p><strong>Pisarna:<\/strong>\u00a0G006<\/p><p><strong>Govorilne ure:<\/strong>\u00a0po predhodnem dogovoru<\/p><p><strong>\u010clanstvo:<\/strong>\u00a0<a title=\"Slovensko kemijsko dru\u0161tvo\" href=\"http:\/\/www.chem-soc.si\/\" target=\"_blank\" rel=\"noopener\">Slovensko kemijsko dru\u0161tvo<\/a><\/p><p><strong>Dru\u017ebena omre\u017eja:<\/strong>\u00a0<a title=\"ResearchGate\" href=\"https:\/\/www.researchgate.net\/profile\/Janja_Kristl\" target=\"_blank\" rel=\"noopener\">ResearchGate<\/a><\/p><p><strong>Nosilka predmetov I. stopnja:<\/strong>\u00a0<a title=\"Kemija\" href=\"https:\/\/aips.um.si\/PredmetiBP5\/UcnaEnotaInfo.asp?UEID=21052&amp;Leto=2019&amp;Jezik=\" target=\"_blank\" rel=\"noopener\">Kemija<\/a>,\u00a0<a title=\"Agrokemija\" href=\"https:\/\/aips.um.si\/PredmetiBP5\/UcnaEnotaInfo.asp?UEID=21108&amp;Leto=2019&amp;Jezik=\" target=\"_blank\" rel=\"noopener\">Agrokemija<\/a>\u00a0<br \/><strong>Nosilka predmetov II. stopnja:<\/strong>\u00a0<a title=\"Kemijske analiti\u010dne metode v kmetijstvu\" href=\"https:\/\/aips.um.si\/PredmetiBP5\/UcnaEnotaInfo.asp?UEID=8426&amp;Leto=2019&amp;Jezik=\" target=\"_blank\" rel=\"noopener\">Kemijske analiti\u010dne metode v kmetijstvu<\/a>,\u00a0<a title=\"Toksi\u010dne snovi v ekosistemih\" href=\"https:\/\/aips.um.si\/PredmetiBP5\/UcnaEnotaInfo.asp?UEID=27484&amp;Leto=2019&amp;Jezik=\" target=\"_blank\" rel=\"noopener\">Toksi\u010dne snovi v ekosistemih<\/a><br \/><strong>Nosilka predmetov III. stopnja:<\/strong>\u00a0<a title=\"Funkcionalna \u017eivila\" href=\"https:\/\/aips.um.si\/PredmetiBP5\/UcnaEnotaInfo.asp?UEID=27924&amp;Leto=2019&amp;Jezik=\" target=\"_blank\" rel=\"noopener\">Funkcionalna \u017eivila<\/a><\/p><p><strong>Raziskovalno podro\u010dje:<\/strong><br \/>aplikacije analitskih metod (teko\u010dinske kromatografije, atomske absorpcijske in emisijske spektroskopije, molekulske absorpcijske spektroskopije) za raziskave fizikalno kemijske sestave materiala rastlinskega izvora in delno tudi talnih vzorcev.<\/p><p><strong>Raziskovalna dejavnost, publikacije in mentorstva (diplomska, magistrska dela in doktorske disertacije):\u00a0<a title=\"SICRIS\" href=\"https:\/\/www.sicris.si\/public\/jqm\/search_basic.aspx?lang=slv&amp;opdescr=search&amp;opt=2&amp;subopt=1&amp;code1=cmn&amp;code2=auto&amp;search_term=janja%20kristl\" target=\"_blank\" rel=\"noopener\">SICRIS<\/a>.<\/strong>\u00a0<\/p><p>\u00a0<\/p><p>\u00a0<\/p><ul><li><strong>Doc. dr. Vesna Bukovac<\/strong><\/li><\/ul><p><img decoding=\"async\" class=\"alignnone size-full wp-image-2089\" src=\"http:\/\/fkbv2.um.si\/wp-content\/uploads\/2021\/12\/v.jpg\" alt=\"\" width=\"199\" height=\"254\" \/><\/p><p><strong>Naziv<\/strong>: Docentka<\/p><p><strong>Habilitacijsko podro\u010dje:<\/strong>\u00a0Agrokemija<\/p><p><strong>Izobrazba<\/strong>: doktorica kemijskih znanosti, Univerza v Ljubljani, Fakulteta za kemijo in kemijsko tehnologijo; magistrica kemijskih znanosti, Univerza v Ljubljani FKKT; univerzitetna diplomirana in\u017eenirka kemijske tehnologije, Univerza v Mariboru, FKKT.<\/p><p><strong>Kontakt<\/strong>: +386 2 320 90 38<\/p><p><strong>Elektronski naslov<\/strong>:\u00a0<span id=\"cloakfe74a9c63486817e9909f6bb30370b29\"><a href=\"mailto:vesna.bukovac@um.si\">vesna.bukovac@um.si<\/a><\/span><\/p><p><strong>Pisarna:<\/strong>\u00a0G005<\/p><p><strong>Govorilne ure:<\/strong>\u00a0po predhodnem dogovoru<\/p><p><strong>Nosilka predmetov I. stopnja:<\/strong>\u00a0<a title=\"Kemija kmetijskega okolja\" href=\"https:\/\/aips.um.si\/PredmetiBP5\/UcnaEnotaInfo.asp?UEID=21112&amp;Leto=2019&amp;Jezik=\" target=\"_blank\" rel=\"noopener\">Kemija kmetijskega okolja<\/a><\/p><p><strong>Izvajalka vaj pri predmetih:<\/strong>\u00a0Kemija, Agroekologija in urejanje agrosistemov, Agroekologija in agrosistemi ter Okoljsko in\u017eenirstvo in urejanje agrosistemov.<\/p><p><strong>Raziskovalno podro\u010dje:<\/strong><br \/>&#8211; celostni pristop h kemiji okolja, celostna hrana \u010dloveka, post in u\u010dinki postenja, prou\u010devanje pomena vegetarijanstva in veganstva, trajnostni razvoj, mejne znanosti<br \/>&#8211; prou\u010devanje in razvoj metod kemiluminescence, teko\u010dinske kromatografije, NIR ter molekulske absorpcijske spektroskopije.<\/p><p><strong>Raziskovalna dejavnost, publikacije in mentorstva (diplomska, magistrska dela in doktorske disertacij:\u00a0<\/strong><a title=\"SICRIS\" href=\"https:\/\/www.sicris.si\/public\/jqm\/search_basic.aspx?lang=slv&amp;opdescr=search&amp;opt=2&amp;subopt=1&amp;code1=cmn&amp;code2=auto&amp;search_term=Vesna%20Bukovac\" target=\"_blank\" rel=\"noopener\">SICRIS<\/a>.<\/p><p>\u00a0<\/p><p>\u00a0<\/p><ul><li><strong>Doc. dr. Mateja Mur\u0161ec<\/strong><\/li><\/ul><p><img decoding=\"async\" class=\"alignnone  wp-image-2090\" src=\"http:\/\/fkbv2.um.si\/wp-content\/uploads\/2021\/12\/m.png\" alt=\"\" width=\"177\" height=\"172\" \/><\/p><p><strong>Naziv:<\/strong>\u00a0docentka<\/p><p><strong>Habilitacijsko podro\u010dje:<\/strong>\u00a0Vede o tleh<\/p><p><strong>Izobrazba<\/strong>: univ. diploma na Oddelku za agronomijo Biotehni\u0161ke fakultete v Ljubljani; magistrski \u0161tudij Agronomije, smer okolje, na Biotehni\u0161ki fakulteti Univerze v Ljubljani; doktorska disertacija na podro\u010dju Vede o tleh na Burgundski univerzi v Dijonu (Universit\u00e9 de Bourgogne, UFR Sciences de la Vie de la Terre et de l\u2019Environnement).<\/p><p><strong>Kontakt:<\/strong>\u00a0+386 2 320 90 22<\/p><p><strong>Elektronski naslov:<\/strong>\u00a0<span id=\"cloak683dcdc804922861d1353bdf4ec7f690\"><a href=\"mailto:mateja.mursec@um.si\">mateja.mursec@um.si<\/a><\/span>\u00a0 \u00a0 \u00a0<\/p><p><strong>Pisarna:<\/strong>\u00a0G212<\/p><p><strong>Govorilne ure:<\/strong>\u00a0po predhodnem dogovoru<\/p><p><strong>\u010clanstvo:<\/strong>\u00a0Pedolo\u0161ko dru\u0161tvo Slovenije<\/p><p><strong>Dru\u017ebena omre\u017eja:<\/strong>\u00a0<a title=\"ResearchGate\" href=\"https:\/\/www.researchgate.net\/profile\/Mateja_Mursec\" target=\"_blank\" rel=\"noopener\">ResearchGate<\/a><\/p><p><br \/><strong>Nosilka predmetov I. stopnja:<\/strong>\u00a0<a title=\"Pedologija\" href=\"https:\/\/aips.um.si\/PredmetiBP5\/UcnaEnotaInfo.asp?UEID=8220&amp;Leto=2019&amp;Jezik=\" target=\"_blank\" rel=\"noopener\">Pedologija<\/a>,\u00a0<a title=\"Tla in okolje\" href=\"https:\/\/aips.um.si\/PredmetiBP5\/UcnaEnotaInfo.asp?UEID=21109&amp;Leto=2019&amp;Jezik=\" target=\"_blank\" rel=\"noopener\">Tla in okolje<\/a>\u00a0(UNI)<br \/><strong>Nosilka predmetov II. Stopnja:<\/strong>\u00a0<a title=\"Ekologija in varstvo ta\" href=\"https:\/\/aips.um.si\/PredmetiBP5\/UcnaEnotaInfo.asp?UEID=27961&amp;Leto=2019&amp;Jezik=\" target=\"_blank\" rel=\"noopener\">Ekologija in varstvo ta<\/a>l<\/p><p><strong>Raziskovalno podro\u010dje:<\/strong>\u00a0raziskave povezane z vplivom agrotehni\u010dnih ukrepov na parametre kakovosti tal (fizikalne in kemijske lastnosti tal, talna organska snov, mikrobiologija tal).<\/p><p>Raziskovalna dejavnost, publikacije in mentorstva (diplomska, magistrska dela in doktorske disertacije):\u00a0<a title=\"SICRIS\" href=\"https:\/\/www.sicris.si\/public\/jqm\/search_basic.aspx?lang=slv&amp;opt=2&amp;subopt=1&amp;opdescr=search&amp;code1=cmn&amp;code2=auto&amp;search_term=MATEJA%20MUR%C5%A0EC\" target=\"_blank\" rel=\"noopener\">SICRIS<\/a>.\u00a0<\/p>\t\t\t\t\t\t\t\t<\/div>\n\t\t\t\t<\/div>\n\t\t\t\t\t<\/div>\n\t\t<\/div>\n\t\t\t\t\t<\/div>\n\t\t<\/section>\n\t\t\t\t<\/div>\n\t\t","protected":false},"excerpt":{"rendered":"","protected":false},"author":1,"featured_media":0,"parent":0,"menu_order":0,"comment_status":"closed","ping_status":"closed","template":"elementor_header_footer","meta":{"ocean_post_layout":"","ocean_both_sidebars_style":"","ocean_both_sidebars_content_width":0,"ocean_both_sidebars_sidebars_width":0,"ocean_sidebar":"0","ocean_second_sidebar":"0","ocean_disable_margins":"enable","ocean_add_body_class":"","ocean_shortcode_before_top_bar":"","ocean_shortcode_after_top_bar":"","ocean_shortcode_before_header":"","ocean_shortcode_after_header":"","ocean_has_shortcode":"","ocean_shortcode_after_title":"","ocean_shortcode_before_footer_widgets":"","ocean_shortcode_after_footer_widgets":"","ocean_shortcode_before_footer_bottom":"","ocean_shortcode_after_footer_bottom":"","ocean_display_top_bar":"default","ocean_display_header":"default","ocean_header_style":"","ocean_center_header_left_menu":"0","ocean_custom_header_template":"0","ocean_custom_logo":0,"ocean_custom_retina_logo":0,"ocean_custom_logo_max_width":0,"ocean_custom_logo_tablet_max_width":0,"ocean_custom_logo_mobile_max_width":0,"ocean_custom_logo_max_height":0,"ocean_custom_logo_tablet_max_height":0,"ocean_custom_logo_mobile_max_height":0,"ocean_header_custom_menu":"0","ocean_menu_typo_font_family":"0","ocean_menu_typo_font_subset":"","ocean_menu_typo_font_size":0,"ocean_menu_typo_font_size_tablet":0,"ocean_menu_typo_font_size_mobile":0,"ocean_menu_typo_font_size_unit":"px","ocean_menu_typo_font_weight":"","ocean_menu_typo_font_weight_tablet":"","ocean_menu_typo_font_weight_mobile":"","ocean_menu_typo_transform":"","ocean_menu_typo_transform_tablet":"","ocean_menu_typo_transform_mobile":"","ocean_menu_typo_line_height":0,"ocean_menu_typo_line_height_tablet":0,"ocean_menu_typo_line_height_mobile":0,"ocean_menu_typo_line_height_unit":"","ocean_menu_typo_spacing":0,"ocean_menu_typo_spacing_tablet":0,"ocean_menu_typo_spacing_mobile":0,"ocean_menu_typo_spacing_unit":"","ocean_menu_link_color":"","ocean_menu_link_color_hover":"","ocean_menu_link_color_active":"","ocean_menu_link_background":"","ocean_menu_link_hover_background":"","ocean_menu_link_active_background":"","ocean_menu_social_links_bg":"","ocean_menu_social_hover_links_bg":"","ocean_menu_social_links_color":"","ocean_menu_social_hover_links_color":"","ocean_disable_title":"default","ocean_disable_heading":"default","ocean_post_title":"","ocean_post_subheading":"","ocean_post_title_style":"","ocean_post_title_background_color":"","ocean_post_title_background":0,"ocean_post_title_bg_image_position":"","ocean_post_title_bg_image_attachment":"","ocean_post_title_bg_image_repeat":"","ocean_post_title_bg_image_size":"","ocean_post_title_height":0,"ocean_post_title_bg_overlay":0.5,"ocean_post_title_bg_overlay_color":"","ocean_disable_breadcrumbs":"default","ocean_breadcrumbs_color":"","ocean_breadcrumbs_separator_color":"","ocean_breadcrumbs_links_color":"","ocean_breadcrumbs_links_hover_color":"","ocean_display_footer_widgets":"default","ocean_display_footer_bottom":"default","ocean_custom_footer_template":"0","footnotes":""},"folder":[],"class_list":["post-2207","page","type-page","status-publish","hentry","entry"],"publishpress_future_action":{"enabled":false,"date":"2026-04-16 08:46:33","action":"change-status","newStatus":"draft","terms":[],"taxonomy":"folder","extraData":[]},"publishpress_future_workflow_manual_trigger":{"enabledWorkflows":[]},"_links":{"self":[{"href":"https:\/\/www.fkbv.um.si\/index.php?rest_route=\/wp\/v2\/pages\/2207","targetHints":{"allow":["GET"]}}],"collection":[{"href":"https:\/\/www.fkbv.um.si\/index.php?rest_route=\/wp\/v2\/pages"}],"about":[{"href":"https:\/\/www.fkbv.um.si\/index.php?rest_route=\/wp\/v2\/types\/page"}],"author":[{"embeddable":true,"href":"https:\/\/www.fkbv.um.si\/index.php?rest_route=\/wp\/v2\/users\/1"}],"replies":[{"embeddable":true,"href":"https:\/\/www.fkbv.um.si\/index.php?rest_route=%2Fwp%2Fv2%2Fcomments&post=2207"}],"version-history":[{"count":1,"href":"https:\/\/www.fkbv.um.si\/index.php?rest_route=\/wp\/v2\/pages\/2207\/revisions"}],"predecessor-version":[{"id":2208,"href":"https:\/\/www.fkbv.um.si\/index.php?rest_route=\/wp\/v2\/pages\/2207\/revisions\/2208"}],"wp:attachment":[{"href":"https:\/\/www.fkbv.um.si\/index.php?rest_route=%2Fwp%2Fv2%2Fmedia&parent=2207"}],"wp:term":[{"taxonomy":"folder","embeddable":true,"href":"https:\/\/www.fkbv.um.si\/index.php?rest_route=%2Fwp%2Fv2%2Ffolder&post=2207"}],"curies":[{"name":"wp","href":"https:\/\/api.w.org\/{rel}","templated":true}]}}