{"id":2189,"date":"2021-12-23T22:56:31","date_gmt":"2021-12-23T22:56:31","guid":{"rendered":"http:\/\/fkbv2.um.si\/?page_id=2189"},"modified":"2021-12-23T22:56:36","modified_gmt":"2021-12-23T22:56:36","slug":"eng-genetika","status":"publish","type":"page","link":"https:\/\/www.fkbv.um.si\/?page_id=2189&lang=en","title":{"rendered":"ENG Genetika"},"content":{"rendered":"\t\t<div data-elementor-type=\"wp-page\" data-elementor-id=\"2189\" class=\"elementor elementor-2189\" data-elementor-post-type=\"page\">\n\t\t\t\t\t\t<section class=\"elementor-section elementor-top-section elementor-element elementor-element-1eb96ef5 elementor-section-boxed elementor-section-height-default elementor-section-height-default\" data-id=\"1eb96ef5\" data-element_type=\"section\" data-e-type=\"section\" data-settings=\"{&quot;background_background&quot;:&quot;classic&quot;}\">\n\t\t\t\t\t\t<div class=\"elementor-container elementor-column-gap-default\">\n\t\t\t\t\t<div class=\"elementor-column elementor-col-100 elementor-top-column elementor-element elementor-element-f400e7f elementor-invisible\" data-id=\"f400e7f\" data-element_type=\"column\" data-e-type=\"column\" data-settings=\"{&quot;animation&quot;:&quot;fadeIn&quot;}\">\n\t\t\t<div class=\"elementor-widget-wrap elementor-element-populated\">\n\t\t\t\t\t\t<div class=\"elementor-element elementor-element-5d0ecdd3 elementor-invisible elementor-widget elementor-widget-heading\" data-id=\"5d0ecdd3\" data-element_type=\"widget\" data-e-type=\"widget\" id=\"katedre\" data-settings=\"{&quot;_animation&quot;:&quot;fadeIn&quot;}\" data-widget_type=\"heading.default\">\n\t\t\t\t<div class=\"elementor-widget-container\">\n\t\t\t\t\t<h2 class=\"elementor-heading-title elementor-size-default\">KATEDRa za genetiko<\/h2>\t\t\t\t<\/div>\n\t\t\t\t<\/div>\n\t\t\t\t<div class=\"elementor-element elementor-element-f00b0cb elementor-invisible elementor-widget elementor-widget-toggle\" data-id=\"f00b0cb\" data-element_type=\"widget\" data-e-type=\"widget\" data-settings=\"{&quot;_animation&quot;:&quot;fadeIn&quot;,&quot;_animation_delay&quot;:100}\" data-widget_type=\"toggle.default\">\n\t\t\t\t<div class=\"elementor-widget-container\">\n\t\t\t\t\t\t\t<div class=\"elementor-toggle\">\n\t\t\t\t\t\t\t<div class=\"elementor-toggle-item\">\n\t\t\t\t\t<h3 id=\"elementor-tab-title-2511\" class=\"elementor-tab-title\" data-tab=\"1\" role=\"button\" aria-controls=\"elementor-tab-content-2511\" aria-expanded=\"false\">\n\t\t\t\t\t\t\t\t\t\t\t\t<span class=\"elementor-toggle-icon elementor-toggle-icon-right\" aria-hidden=\"true\">\n\t\t\t\t\t\t\t\t\t\t\t\t\t\t\t<span class=\"elementor-toggle-icon-closed\"><i class=\"fas fa-angle-down\"><\/i><\/span>\n\t\t\t\t\t\t\t\t<span class=\"elementor-toggle-icon-opened\"><i class=\"elementor-toggle-icon-opened fas fa-angle-up\"><\/i><\/span>\n\t\t\t\t\t\t\t\t\t\t\t\t\t<\/span>\n\t\t\t\t\t\t\t\t\t\t\t\t<a class=\"elementor-toggle-title\" tabindex=\"0\">Katedra za genetiko<\/a>\n\t\t\t\t\t<\/h3>\n\n\t\t\t\t\t<div id=\"elementor-tab-content-2511\" class=\"elementor-tab-content elementor-clearfix\" data-tab=\"1\" role=\"region\" aria-labelledby=\"elementor-tab-title-2511\"><p>\u00a0<\/p><table><tbody><tr><th style=\"font-size: 14px;\"><strong>\u010clani\u00a0katedre:<\/strong><\/th><th style=\"font-size: 14px;\">\u00a0<\/th><th style=\"font-size: 14px;\">\u00a0<\/th><\/tr><tr><td><img decoding=\"async\" class=\"alignnone size-full wp-image-2055\" src=\"http:\/\/fkbv2.um.si\/wp-content\/uploads\/2021\/12\/M.Sisko_.jpg\" alt=\"\" width=\"200\" height=\"223\" \/><\/td><td><p><strong>izr. prof. dr. METKA \u0160I\u0160KO, univ. dipl. in\u017e. kmet.<\/strong><\/p><p><strong>Mandat:<\/strong>\u00a0Predstojnik katedre<\/p><p><strong>Habilitacijski naziv:<\/strong>\u00a0Izredni profesor<\/p><p><strong>Habilitacijsko podro\u010dje:\u00a0<\/strong>Genetika<\/p><p><strong>Slu\u017ebeni telefon:\u00a0<\/strong>00 368 (2) 320 90 06<\/p><p><strong>E-po\u0161ta:<\/strong>\u00a0<span id=\"cloak7963c51feb07a0f62741f3edf2163ec1\"><a href=\"mailto:metka.sisko@um.si\">metka.sisko@um.si<\/a><\/span><\/p><p><strong>Prostor:\u00a0<\/strong>G212<\/p><p><strong>Govorilne ure:\u00a0<\/strong>po predhodnem dogovoru<\/p><p><strong>Raziskovalna dejavnost:\u00a0<\/strong>SICRIS<\/p><p><strong>Bibliografija:<\/strong>\u00a0COBISS<\/p><p><strong>\u010clanstva:<\/strong><\/p><ul><li>Svet za genske vire za prehrano in kmetijstvo (\u010dlan)<\/li><li>Sortna komisija za industrijske rastline, MKGP (\u010dlan)<\/li><\/ul><p><strong>\u0160tudij:\u00a0<\/strong>Biotehni\u0161ka fakulteta, Univerza v Ljubljani<\/p><\/td><td>\u00a0<\/td><\/tr><tr><td><img decoding=\"async\" src=\"https:\/\/fkbv.um.si\/images\/katedre\/genetika\/A.Ivanu%C5%A1.jpg\" alt=\"A.Ivanu\u0161\" \/><\/td><td><p><strong>ANJA IVANU\u0160, mag. kmet.<\/strong><\/p><p><strong>Delovno mesto:<\/strong>\u00a0TEHNI\u0160KI SODELAVEC VII\/1<\/p><p><strong>Habilitacijski naziv:<\/strong>\u00a0Asistent<\/p><p><strong>Habilitacijsko podro\u010dje:\u00a0<\/strong>Genetika<\/p><p><strong>Slu\u017ebeni telefon:\u00a0<\/strong><\/p><ul><li>00 386 (2) 320 90 78<\/li><li>00 386 (2) 320 90 52<\/li><\/ul><p><strong>E-po\u0161ta:\u00a0<\/strong><span id=\"cloak18e18239c05cb2a88552f53233d42cb4\"><a href=\"mailto:anja.ivanus@um.si\">anja.ivanus@um.si<\/a><\/span><\/p><p><strong>Prostor:\u00a0<\/strong><\/p><ul><li>G020<\/li><li>G306<\/li><\/ul><p><strong>Govorilne ure:<\/strong>\u00a0po predhodnem dogovoru<\/p><p><strong>\u0160tudij:<\/strong>\u00a0Fakulteta za kmetijstvo in biosistemske vede, Univerza v Mariboru<\/p><\/td><td>\u00a0<\/td><\/tr><\/tbody><\/table><p>\u00a0<\/p><\/div>\n\t\t\t\t<\/div>\n\t\t\t\t\t\t\t<div class=\"elementor-toggle-item\">\n\t\t\t\t\t<h3 id=\"elementor-tab-title-2512\" class=\"elementor-tab-title\" data-tab=\"2\" role=\"button\" aria-controls=\"elementor-tab-content-2512\" aria-expanded=\"false\">\n\t\t\t\t\t\t\t\t\t\t\t\t<span class=\"elementor-toggle-icon elementor-toggle-icon-right\" aria-hidden=\"true\">\n\t\t\t\t\t\t\t\t\t\t\t\t\t\t\t<span class=\"elementor-toggle-icon-closed\"><i class=\"fas fa-angle-down\"><\/i><\/span>\n\t\t\t\t\t\t\t\t<span class=\"elementor-toggle-icon-opened\"><i class=\"elementor-toggle-icon-opened fas fa-angle-up\"><\/i><\/span>\n\t\t\t\t\t\t\t\t\t\t\t\t\t<\/span>\n\t\t\t\t\t\t\t\t\t\t\t\t<a class=\"elementor-toggle-title\" tabindex=\"0\">Laborato<\/a>\n\t\t\t\t\t<\/h3>\n\n\t\t\t\t\t<div id=\"elementor-tab-content-2512\" class=\"elementor-tab-content elementor-clearfix\" data-tab=\"2\" role=\"region\" aria-labelledby=\"elementor-tab-title-2512\"><p>V sklopu katedre deluje laboratorij za genetiko in laboratorij za tkivne kulture.<\/p><p>\u00a0<\/p><p><strong>Laboratorij za genetiko<\/strong><\/p><p>Genetski laboratorij omogo\u010da raziskave s podro\u010dja molekularne biologije, genetike, populacijske genetike rastlin ter diagnostike s pomo\u010djo uporabe markerskih sistemov (morfolo\u0161ki, DNK markerji).<\/p><p>Rezultati genetskih analiz so uporabni tako za pridelovalce kmetijskih rastlin kot za \u017elahtnitelje, semenarje, raziskovalce in druge pristojne organe, saj dobimo re\u0161itev za \u0161tevilne probleme, katere pa z morfolo\u0161kimi in fenotipskimi markerji ni mogo\u010de razre\u0161iti.<\/p><p>Ve\u010dja laboratorijska oprema v na\u0161em laboratoriju:<\/p><ul><li>PCR kabinet Labena<\/li><li>Cikli\u010dni termostat Biometra Tprofesional<\/li><li>Sistem za horizontalno elektroforezo Bio Rad, Sub-Cell GT System<\/li><li>Termoblok s stresalom (Eppendorf ThermoMixer\u2122)<\/li><li>Fluorimeter Hoefer DQ 300<\/li><\/ul><p>\u00a0<\/p><p><img decoding=\"async\" class=\"alignnone wp-image-2068\" src=\"http:\/\/fkbv2.um.si\/wp-content\/uploads\/2021\/12\/Izolacija_DNA_1.jpg\" alt=\"\" width=\"214\" height=\"161\" \/>\u00a0 <img decoding=\"async\" class=\"alignnone wp-image-2069\" src=\"http:\/\/fkbv2.um.si\/wp-content\/uploads\/2021\/12\/Izolacija_DNA_2.jpg\" alt=\"\" width=\"215\" height=\"161\" \/><\/p><p><img loading=\"lazy\" decoding=\"async\" class=\"alignnone  wp-image-2070\" src=\"http:\/\/fkbv2.um.si\/wp-content\/uploads\/2021\/12\/Izolacija_DNA_4.jpg\" alt=\"\" width=\"218\" height=\"163\" \/><\/p><p><img loading=\"lazy\" decoding=\"async\" class=\"alignnone  wp-image-2071\" src=\"http:\/\/fkbv2.um.si\/wp-content\/uploads\/2021\/12\/laminarij.jpg\" alt=\"\" width=\"219\" height=\"164\" \/><\/p><p><img loading=\"lazy\" decoding=\"async\" class=\"alignnone  wp-image-2072\" src=\"http:\/\/fkbv2.um.si\/wp-content\/uploads\/2021\/12\/pipetiranje1.jpg\" alt=\"\" width=\"219\" height=\"164\" \/><\/p><p>\u00a0<\/p><p><img loading=\"lazy\" decoding=\"async\" class=\"alignnone  wp-image-2073\" src=\"http:\/\/fkbv2.um.si\/wp-content\/uploads\/2021\/12\/pipetiranje2.jpg\" alt=\"\" width=\"225\" height=\"169\" \/><\/p><p><strong>Laboratorij <\/strong><strong>za tkivne kulture<\/strong><\/p><p>Laboratorij za tkivne kulture je namenjen gojenju rastlin, organov ali posameznih celic v sterilnih pogojih \u2013\u00a0<em>in vitro<\/em>.<\/p><p>Laboratorij je opremljen z brezpra\u0161no komoro (laminarijem) za delo v asepti\u010dnih pogojih, parnim sterilizatorjem (avtoklav) za sterilizacijo goji\u0161\u010d in vode, suhim sterilizatorjem (Mettler) za sterilizacijo pribora ter rastnimi komorami za vzgojo rastlin.<\/p><p><img loading=\"lazy\" decoding=\"async\" class=\"alignnone size-full wp-image-2066\" src=\"http:\/\/fkbv2.um.si\/wp-content\/uploads\/2021\/12\/Tkivne_kulture_1.jpg\" alt=\"\" width=\"300\" height=\"169\" \/><\/p><p><img loading=\"lazy\" decoding=\"async\" class=\"alignnone size-full wp-image-2067\" src=\"http:\/\/fkbv2.um.si\/wp-content\/uploads\/2021\/12\/Tkivne_kulture_2.jpg\" alt=\"\" width=\"300\" height=\"169\" \/><\/p><\/div>\n\t\t\t\t<\/div>\n\t\t\t\t\t\t\t<div class=\"elementor-toggle-item\">\n\t\t\t\t\t<h3 id=\"elementor-tab-title-2513\" class=\"elementor-tab-title\" data-tab=\"3\" role=\"button\" aria-controls=\"elementor-tab-content-2513\" aria-expanded=\"false\">\n\t\t\t\t\t\t\t\t\t\t\t\t<span class=\"elementor-toggle-icon elementor-toggle-icon-right\" aria-hidden=\"true\">\n\t\t\t\t\t\t\t\t\t\t\t\t\t\t\t<span class=\"elementor-toggle-icon-closed\"><i class=\"fas fa-angle-down\"><\/i><\/span>\n\t\t\t\t\t\t\t\t<span class=\"elementor-toggle-icon-opened\"><i class=\"elementor-toggle-icon-opened fas fa-angle-up\"><\/i><\/span>\n\t\t\t\t\t\t\t\t\t\t\t\t\t<\/span>\n\t\t\t\t\t\t\t\t\t\t\t\t<a class=\"elementor-toggle-title\" tabindex=\"0\">Pedago\u0161ka dejavnost<\/a>\n\t\t\t\t\t<\/h3>\n\n\t\t\t\t\t<div id=\"elementor-tab-content-2513\" class=\"elementor-tab-content elementor-clearfix\" data-tab=\"3\" role=\"region\" aria-labelledby=\"elementor-tab-title-2513\"><p>V okviru pedago\u0161kega dela, \u010dlani katedre izvajamo \u0161tudijski proces na univerzitetnem \u0161tudijskem programu Agrikultura in okolje ter na visoko\u0161olskih strokovnih \u0161tudijskih programih (Agronomija-okrasne rastline, zelenjava in polj\u0161\u010dine; Ekolo\u0161ko kmetijstvo in Vinogradni\u0161tvo, vinarstvo in sadjarstvo). Temeljne in izbirne vsebine se izvajajo tudi na \u0161tudijskem programu II. stopnje Kmetijstvo in Varna hrana v prehrambeni verigi. Predmeti pokrivajo podro\u010dja genetike, \u017elahtnjenja rastlin, semenarstva, rastlinske biotehnologije in rastlinske tkivne kulture.<\/p><\/div>\n\t\t\t\t<\/div>\n\t\t\t\t\t\t\t<div class=\"elementor-toggle-item\">\n\t\t\t\t\t<h3 id=\"elementor-tab-title-2514\" class=\"elementor-tab-title\" data-tab=\"4\" role=\"button\" aria-controls=\"elementor-tab-content-2514\" aria-expanded=\"false\">\n\t\t\t\t\t\t\t\t\t\t\t\t<span class=\"elementor-toggle-icon elementor-toggle-icon-right\" aria-hidden=\"true\">\n\t\t\t\t\t\t\t\t\t\t\t\t\t\t\t<span class=\"elementor-toggle-icon-closed\"><i class=\"fas fa-angle-down\"><\/i><\/span>\n\t\t\t\t\t\t\t\t<span class=\"elementor-toggle-icon-opened\"><i class=\"elementor-toggle-icon-opened fas fa-angle-up\"><\/i><\/span>\n\t\t\t\t\t\t\t\t\t\t\t\t\t<\/span>\n\t\t\t\t\t\t\t\t\t\t\t\t<a class=\"elementor-toggle-title\" tabindex=\"0\">Raziskovalna dejavnost<\/a>\n\t\t\t\t\t<\/h3>\n\n\t\t\t\t\t<div id=\"elementor-tab-content-2514\" class=\"elementor-tab-content elementor-clearfix\" data-tab=\"4\" role=\"region\" aria-labelledby=\"elementor-tab-title-2514\"><p>Na katedri se ukvarjamo s temeljnimi raziskavami na podro\u010dju genetike in \u017elahtnjenja rastlin. Genetske raziskave so usmerjene v genetiko rastlinskih populacij, dedovanje kvantitativnih in kvalitativnih lastnosti ter v uporabo morfolo\u0161kih in DNK markerjev, za dolo\u010danje genetske sorodnosti.<\/p><p>V okviru \u017elahtnjenja rastlin se ukvarjamo z metodiko konvencionalne hibridizacije rastlin, interspecies hibridizacijo, rastlinskimi tkivnimi kulturami ter z medvrstnim kri\u017eanjem s pomo\u010djo tehnike\u00a0<em>in vitro<\/em>\u00a0re\u0161evanja embrijev.<\/p><p>Svoje dose\u017eke objavljamo v znanstvenih in strokovnih revijah.<\/p><p>\u0160tudentom tekom \u0161tudija omogo\u010damo uvajanje v znanstveno &#8211; raziskovalno delo. V okviru projektnega dela se \u0161tudentje seznanijo z aktualnimi raziskovalnimi projekti in samim delom v laboratoriju.<\/p><\/div>\n\t\t\t\t<\/div>\n\t\t\t\t\t\t\t\t<\/div>\n\t\t\t\t\t\t<\/div>\n\t\t\t\t<\/div>\n\t\t\t\t\t<\/div>\n\t\t<\/div>\n\t\t\t\t\t<\/div>\n\t\t<\/section>\n\t\t\t\t<\/div>\n\t\t","protected":false},"excerpt":{"rendered":"","protected":false},"author":1,"featured_media":0,"parent":0,"menu_order":0,"comment_status":"closed","ping_status":"closed","template":"elementor_header_footer","meta":{"ocean_post_layout":"","ocean_both_sidebars_style":"","ocean_both_sidebars_content_width":0,"ocean_both_sidebars_sidebars_width":0,"ocean_sidebar":"0","ocean_second_sidebar":"0","ocean_disable_margins":"enable","ocean_add_body_class":"","ocean_shortcode_before_top_bar":"","ocean_shortcode_after_top_bar":"","ocean_shortcode_before_header":"","ocean_shortcode_after_header":"","ocean_has_shortcode":"","ocean_shortcode_after_title":"","ocean_shortcode_before_footer_widgets":"","ocean_shortcode_after_footer_widgets":"","ocean_shortcode_before_footer_bottom":"","ocean_shortcode_after_footer_bottom":"","ocean_display_top_bar":"default","ocean_display_header":"default","ocean_header_style":"","ocean_center_header_left_menu":"0","ocean_custom_header_template":"0","ocean_custom_logo":0,"ocean_custom_retina_logo":0,"ocean_custom_logo_max_width":0,"ocean_custom_logo_tablet_max_width":0,"ocean_custom_logo_mobile_max_width":0,"ocean_custom_logo_max_height":0,"ocean_custom_logo_tablet_max_height":0,"ocean_custom_logo_mobile_max_height":0,"ocean_header_custom_menu":"0","ocean_menu_typo_font_family":"0","ocean_menu_typo_font_subset":"","ocean_menu_typo_font_size":0,"ocean_menu_typo_font_size_tablet":0,"ocean_menu_typo_font_size_mobile":0,"ocean_menu_typo_font_size_unit":"px","ocean_menu_typo_font_weight":"","ocean_menu_typo_font_weight_tablet":"","ocean_menu_typo_font_weight_mobile":"","ocean_menu_typo_transform":"","ocean_menu_typo_transform_tablet":"","ocean_menu_typo_transform_mobile":"","ocean_menu_typo_line_height":0,"ocean_menu_typo_line_height_tablet":0,"ocean_menu_typo_line_height_mobile":0,"ocean_menu_typo_line_height_unit":"","ocean_menu_typo_spacing":0,"ocean_menu_typo_spacing_tablet":0,"ocean_menu_typo_spacing_mobile":0,"ocean_menu_typo_spacing_unit":"","ocean_menu_link_color":"","ocean_menu_link_color_hover":"","ocean_menu_link_color_active":"","ocean_menu_link_background":"","ocean_menu_link_hover_background":"","ocean_menu_link_active_background":"","ocean_menu_social_links_bg":"","ocean_menu_social_hover_links_bg":"","ocean_menu_social_links_color":"","ocean_menu_social_hover_links_color":"","ocean_disable_title":"default","ocean_disable_heading":"default","ocean_post_title":"","ocean_post_subheading":"","ocean_post_title_style":"","ocean_post_title_background_color":"","ocean_post_title_background":0,"ocean_post_title_bg_image_position":"","ocean_post_title_bg_image_attachment":"","ocean_post_title_bg_image_repeat":"","ocean_post_title_bg_image_size":"","ocean_post_title_height":0,"ocean_post_title_bg_overlay":0.5,"ocean_post_title_bg_overlay_color":"","ocean_disable_breadcrumbs":"default","ocean_breadcrumbs_color":"","ocean_breadcrumbs_separator_color":"","ocean_breadcrumbs_links_color":"","ocean_breadcrumbs_links_hover_color":"","ocean_display_footer_widgets":"default","ocean_display_footer_bottom":"default","ocean_custom_footer_template":"0","footnotes":""},"folder":[],"class_list":["post-2189","page","type-page","status-publish","hentry","entry"],"publishpress_future_action":{"enabled":false,"date":"2026-04-14 00:43:57","action":"change-status","newStatus":"draft","terms":[],"taxonomy":"folder","extraData":[]},"publishpress_future_workflow_manual_trigger":{"enabledWorkflows":[]},"_links":{"self":[{"href":"https:\/\/www.fkbv.um.si\/index.php?rest_route=\/wp\/v2\/pages\/2189","targetHints":{"allow":["GET"]}}],"collection":[{"href":"https:\/\/www.fkbv.um.si\/index.php?rest_route=\/wp\/v2\/pages"}],"about":[{"href":"https:\/\/www.fkbv.um.si\/index.php?rest_route=\/wp\/v2\/types\/page"}],"author":[{"embeddable":true,"href":"https:\/\/www.fkbv.um.si\/index.php?rest_route=\/wp\/v2\/users\/1"}],"replies":[{"embeddable":true,"href":"https:\/\/www.fkbv.um.si\/index.php?rest_route=%2Fwp%2Fv2%2Fcomments&post=2189"}],"version-history":[{"count":1,"href":"https:\/\/www.fkbv.um.si\/index.php?rest_route=\/wp\/v2\/pages\/2189\/revisions"}],"predecessor-version":[{"id":2190,"href":"https:\/\/www.fkbv.um.si\/index.php?rest_route=\/wp\/v2\/pages\/2189\/revisions\/2190"}],"wp:attachment":[{"href":"https:\/\/www.fkbv.um.si\/index.php?rest_route=%2Fwp%2Fv2%2Fmedia&parent=2189"}],"wp:term":[{"taxonomy":"folder","embeddable":true,"href":"https:\/\/www.fkbv.um.si\/index.php?rest_route=%2Fwp%2Fv2%2Ffolder&post=2189"}],"curies":[{"name":"wp","href":"https:\/\/api.w.org\/{rel}","templated":true}]}}