{"id":2187,"date":"2021-12-23T22:56:07","date_gmt":"2021-12-23T22:56:07","guid":{"rendered":"http:\/\/fkbv2.um.si\/?page_id=2187"},"modified":"2021-12-23T22:56:11","modified_gmt":"2021-12-23T22:56:11","slug":"eng-fitomedicina","status":"publish","type":"page","link":"https:\/\/www.fkbv.um.si\/?page_id=2187&lang=en","title":{"rendered":"ENG Fitomedicina"},"content":{"rendered":"\t\t<div data-elementor-type=\"wp-page\" data-elementor-id=\"2187\" class=\"elementor elementor-2187\" data-elementor-post-type=\"page\">\n\t\t\t\t\t\t<section class=\"elementor-section elementor-top-section elementor-element elementor-element-66e9fd8c elementor-section-boxed elementor-section-height-default elementor-section-height-default\" data-id=\"66e9fd8c\" data-element_type=\"section\" data-e-type=\"section\" data-settings=\"{&quot;background_background&quot;:&quot;classic&quot;}\">\n\t\t\t\t\t\t<div class=\"elementor-container elementor-column-gap-default\">\n\t\t\t\t\t<div class=\"elementor-column elementor-col-100 elementor-top-column elementor-element elementor-element-4796b966 elementor-invisible\" data-id=\"4796b966\" data-element_type=\"column\" data-e-type=\"column\" data-settings=\"{&quot;animation&quot;:&quot;fadeIn&quot;}\">\n\t\t\t<div class=\"elementor-widget-wrap elementor-element-populated\">\n\t\t\t\t\t\t<div class=\"elementor-element elementor-element-2e00738f elementor-invisible elementor-widget elementor-widget-heading\" data-id=\"2e00738f\" data-element_type=\"widget\" data-e-type=\"widget\" id=\"katedre\" data-settings=\"{&quot;_animation&quot;:&quot;fadeIn&quot;}\" data-widget_type=\"heading.default\">\n\t\t\t\t<div class=\"elementor-widget-container\">\n\t\t\t\t\t<h2 class=\"elementor-heading-title elementor-size-default\">KATEDRa za fitomedicino<\/h2>\t\t\t\t<\/div>\n\t\t\t\t<\/div>\n\t\t\t\t<div class=\"elementor-element elementor-element-98156d7 elementor-widget elementor-widget-text-editor\" data-id=\"98156d7\" data-element_type=\"widget\" data-e-type=\"widget\" data-widget_type=\"text-editor.default\">\n\t\t\t\t<div class=\"elementor-widget-container\">\n\t\t\t\t\t\t\t\t\t<table><tbody><tr><td><h3>\u010clani katedre<\/h3><p>red. prof. dr.\u00a0<strong>Mario Le\u0161nik\u00a0<\/strong>&#8211; vodja<br \/>Podrocje habilitacije: fitomedicina splo\u0161no (entomologija, fitopatologija, herbologija, fitofarmacija)<br \/>E-mail:\u00a0<span id=\"cloak0b2d6ec3458e40a0dd153a1f65f47cfb\"><a href=\"mailto:mario.lesnik@um.si\">mario.lesnik@um.si<\/a><\/span><\/p><p>\u00a0<\/p><p>vi\u0161. pred.\u00a0dr.\u00a0<strong>Andrej Pau\u0161i\u010d<\/strong><br \/>Podrocje habilitacije:\u00a0botanika<br \/>E-mail:\u00a0<span id=\"cloak2c76748af76465d2f8cc0d5b6483bc63\"><a href=\"mailto:andrej.pausic@um.si\">andrej.pausic@um.si<\/a><\/span><\/p><br \/><div>\u00a0<\/div><div><strong>Marjan Sirk<\/strong>, mag. kmet. \u2013 strokovni tehni\u0161ki sodelavec\u00a0<\/div><div>E-mail:\u00a0<span id=\"cloake51f8cc1b5be47446e822940c959b687\"><a href=\"mailto:marjan.sirk@um.si\">marjan.sirk@um.si<\/a><\/span><\/div><div>\u00a0<\/div><\/td><\/tr><tr><td>\u00a0<\/td><td><h3>Delovna podro\u010dja katedre:<\/h3><h5>Herbologija:<\/h5><ul><li>preu\u010devanje tekmovalnih odnosov med pleveli in gojenimi rastlinami<\/li><li>preu\u010devanje tehnik uporabe herbicidov<\/li><li>analiza populacijske dinamike invazivnih in \u0161kodljivih rastlin v plevelni flori Slovenije<\/li><\/ul><\/td><\/tr><tr><td><img decoding=\"async\" src=\"http:\/\/fk.uni-mb.si\/fkweb-datoteke\/kat_fito\/DSC_0394.JPG\" alt=\"\" border=\"0\" \/><\/td><td><h5>Tehnologija aplikacije fitofarmacevtskih sredstev:<\/h5><ul><li>preu\u010devanje vpliva tehnik aplikacije na bioti\u010dno u\u010dinkovitost fitofarmacevtskih sredstev<\/li><li>preu\u010devanje vpliva tehnike aplikacije fitofarmacevtskih sredstev na onesna\u017eevanje okolja z njimi v trajnih nasadih (DRIFT FFS)<\/li><\/ul><h5>Fitopatologija:<\/h5><ul><li>preu\u010devanje fitoplazmatskih bolezni sadnih rastlin (Apple proliferation, European stone fruit yellows, Pear decline, \u2026)<\/li><li>preu\u010devanje bolezni in \u0161kodljivcev \u017eit ter sladkorne pese<\/li><li>preu\u010devanje vpliva konzervirajo\u010de obdelave tal na pojav \u0161kodljivih organizmov v polj\u0161\u010dinah<\/li><\/ul><\/td><\/tr><tr><td><img decoding=\"async\" src=\"http:\/\/fk.uni-mb.si\/fkweb-datoteke\/kat_fito\/DSC_0132.JPG\" alt=\"\" border=\"0\" \/><\/td><td valign=\"top\"><h5>Entomologija:<\/h5><ul><li>preu\u010devanje metod zatiranja glavnih \u0161kodljivcev sadnih rastlin in vinske trte<\/li><li>preu\u010devanja bionomije \u0161kodljivcev sadnih rastlin in vinske trte<\/li><\/ul><\/td><\/tr><tr><td>\u00a0<\/td><td valign=\"top\"><h5>Fitofarmacija:<\/h5><ul><li>preu\u010devanje razpadanja FFS v sadju in zelenjavi<\/li><li>preu\u010devanje u\u010dinkovitosti BIOSTIMULATORJEV<\/li><li>preu\u010devanje naprav za \u010di\u0161\u010denje naprav za nanos FFS<\/li><\/ul><\/td><\/tr><\/tbody><\/table>\t\t\t\t\t\t\t\t<\/div>\n\t\t\t\t<\/div>\n\t\t\t\t\t<\/div>\n\t\t<\/div>\n\t\t\t\t\t<\/div>\n\t\t<\/section>\n\t\t\t\t<section class=\"elementor-section elementor-top-section elementor-element elementor-element-bea1a04 elementor-section-boxed elementor-section-height-default elementor-section-height-default\" data-id=\"bea1a04\" data-element_type=\"section\" data-e-type=\"section\">\n\t\t\t\t\t\t<div class=\"elementor-container elementor-column-gap-default\">\n\t\t\t\t\t<div class=\"elementor-column elementor-col-100 elementor-top-column elementor-element elementor-element-4828100\" data-id=\"4828100\" data-element_type=\"column\" data-e-type=\"column\">\n\t\t\t<div class=\"elementor-widget-wrap\">\n\t\t\t\t\t\t\t<\/div>\n\t\t<\/div>\n\t\t\t\t\t<\/div>\n\t\t<\/section>\n\t\t\t\t<\/div>\n\t\t","protected":false},"excerpt":{"rendered":"","protected":false},"author":1,"featured_media":0,"parent":0,"menu_order":0,"comment_status":"closed","ping_status":"closed","template":"elementor_header_footer","meta":{"ocean_post_layout":"","ocean_both_sidebars_style":"","ocean_both_sidebars_content_width":0,"ocean_both_sidebars_sidebars_width":0,"ocean_sidebar":"0","ocean_second_sidebar":"0","ocean_disable_margins":"enable","ocean_add_body_class":"","ocean_shortcode_before_top_bar":"","ocean_shortcode_after_top_bar":"","ocean_shortcode_before_header":"","ocean_shortcode_after_header":"","ocean_has_shortcode":"","ocean_shortcode_after_title":"","ocean_shortcode_before_footer_widgets":"","ocean_shortcode_after_footer_widgets":"","ocean_shortcode_before_footer_bottom":"","ocean_shortcode_after_footer_bottom":"","ocean_display_top_bar":"default","ocean_display_header":"default","ocean_header_style":"","ocean_center_header_left_menu":"0","ocean_custom_header_template":"0","ocean_custom_logo":0,"ocean_custom_retina_logo":0,"ocean_custom_logo_max_width":0,"ocean_custom_logo_tablet_max_width":0,"ocean_custom_logo_mobile_max_width":0,"ocean_custom_logo_max_height":0,"ocean_custom_logo_tablet_max_height":0,"ocean_custom_logo_mobile_max_height":0,"ocean_header_custom_menu":"0","ocean_menu_typo_font_family":"0","ocean_menu_typo_font_subset":"","ocean_menu_typo_font_size":0,"ocean_menu_typo_font_size_tablet":0,"ocean_menu_typo_font_size_mobile":0,"ocean_menu_typo_font_size_unit":"px","ocean_menu_typo_font_weight":"","ocean_menu_typo_font_weight_tablet":"","ocean_menu_typo_font_weight_mobile":"","ocean_menu_typo_transform":"","ocean_menu_typo_transform_tablet":"","ocean_menu_typo_transform_mobile":"","ocean_menu_typo_line_height":0,"ocean_menu_typo_line_height_tablet":0,"ocean_menu_typo_line_height_mobile":0,"ocean_menu_typo_line_height_unit":"","ocean_menu_typo_spacing":0,"ocean_menu_typo_spacing_tablet":0,"ocean_menu_typo_spacing_mobile":0,"ocean_menu_typo_spacing_unit":"","ocean_menu_link_color":"","ocean_menu_link_color_hover":"","ocean_menu_link_color_active":"","ocean_menu_link_background":"","ocean_menu_link_hover_background":"","ocean_menu_link_active_background":"","ocean_menu_social_links_bg":"","ocean_menu_social_hover_links_bg":"","ocean_menu_social_links_color":"","ocean_menu_social_hover_links_color":"","ocean_disable_title":"default","ocean_disable_heading":"default","ocean_post_title":"","ocean_post_subheading":"","ocean_post_title_style":"","ocean_post_title_background_color":"","ocean_post_title_background":0,"ocean_post_title_bg_image_position":"","ocean_post_title_bg_image_attachment":"","ocean_post_title_bg_image_repeat":"","ocean_post_title_bg_image_size":"","ocean_post_title_height":0,"ocean_post_title_bg_overlay":0.5,"ocean_post_title_bg_overlay_color":"","ocean_disable_breadcrumbs":"default","ocean_breadcrumbs_color":"","ocean_breadcrumbs_separator_color":"","ocean_breadcrumbs_links_color":"","ocean_breadcrumbs_links_hover_color":"","ocean_display_footer_widgets":"default","ocean_display_footer_bottom":"default","ocean_custom_footer_template":"0","footnotes":""},"folder":[],"class_list":["post-2187","page","type-page","status-publish","hentry","entry"],"publishpress_future_action":{"enabled":false,"date":"2026-05-24 00:55:40","action":"change-status","newStatus":"draft","terms":[],"taxonomy":"folder","extraData":[]},"publishpress_future_workflow_manual_trigger":{"enabledWorkflows":[]},"_links":{"self":[{"href":"https:\/\/www.fkbv.um.si\/index.php?rest_route=\/wp\/v2\/pages\/2187","targetHints":{"allow":["GET"]}}],"collection":[{"href":"https:\/\/www.fkbv.um.si\/index.php?rest_route=\/wp\/v2\/pages"}],"about":[{"href":"https:\/\/www.fkbv.um.si\/index.php?rest_route=\/wp\/v2\/types\/page"}],"author":[{"embeddable":true,"href":"https:\/\/www.fkbv.um.si\/index.php?rest_route=\/wp\/v2\/users\/1"}],"replies":[{"embeddable":true,"href":"https:\/\/www.fkbv.um.si\/index.php?rest_route=%2Fwp%2Fv2%2Fcomments&post=2187"}],"version-history":[{"count":1,"href":"https:\/\/www.fkbv.um.si\/index.php?rest_route=\/wp\/v2\/pages\/2187\/revisions"}],"predecessor-version":[{"id":2188,"href":"https:\/\/www.fkbv.um.si\/index.php?rest_route=\/wp\/v2\/pages\/2187\/revisions\/2188"}],"wp:attachment":[{"href":"https:\/\/www.fkbv.um.si\/index.php?rest_route=%2Fwp%2Fv2%2Fmedia&parent=2187"}],"wp:term":[{"taxonomy":"folder","embeddable":true,"href":"https:\/\/www.fkbv.um.si\/index.php?rest_route=%2Fwp%2Fv2%2Ffolder&post=2187"}],"curies":[{"name":"wp","href":"https:\/\/api.w.org\/{rel}","templated":true}]}}