{"id":2180,"date":"2021-12-23T22:54:53","date_gmt":"2021-12-23T22:54:53","guid":{"rendered":"http:\/\/fkbv2.um.si\/?page_id=2180"},"modified":"2022-01-05T17:54:07","modified_gmt":"2022-01-05T17:54:07","slug":"eng-botanika-in-fiziologija-rastlin","status":"publish","type":"page","link":"https:\/\/www.fkbv.um.si\/?page_id=2180&lang=en","title":{"rendered":"ENG Botanika in fiziologija rastlin"},"content":{"rendered":"\t\t<div data-elementor-type=\"wp-page\" data-elementor-id=\"2180\" class=\"elementor elementor-2180\" data-elementor-post-type=\"page\">\n\t\t\t\t\t\t<section class=\"elementor-section elementor-top-section elementor-element elementor-element-28fd9557 elementor-section-boxed elementor-section-height-default elementor-section-height-default\" data-id=\"28fd9557\" data-element_type=\"section\" data-e-type=\"section\" data-settings=\"{&quot;background_background&quot;:&quot;classic&quot;}\">\n\t\t\t\t\t\t<div class=\"elementor-container elementor-column-gap-default\">\n\t\t\t\t\t<div class=\"elementor-column elementor-col-100 elementor-top-column elementor-element elementor-element-135a4bf7 elementor-invisible\" data-id=\"135a4bf7\" data-element_type=\"column\" data-e-type=\"column\" data-settings=\"{&quot;animation&quot;:&quot;fadeIn&quot;}\">\n\t\t\t<div class=\"elementor-widget-wrap elementor-element-populated\">\n\t\t\t\t\t\t<div class=\"elementor-element elementor-element-aa0ac6c elementor-invisible elementor-widget elementor-widget-heading\" data-id=\"aa0ac6c\" data-element_type=\"widget\" data-e-type=\"widget\" id=\"katedre\" data-settings=\"{&quot;_animation&quot;:&quot;fadeIn&quot;}\" data-widget_type=\"heading.default\">\n\t\t\t\t<div class=\"elementor-widget-container\">\n\t\t\t\t\t<h2 class=\"elementor-heading-title elementor-size-default\">KATEDRa za botaniko in fiziologijo rastlin<\/h2>\t\t\t\t<\/div>\n\t\t\t\t<\/div>\n\t\t\t\t<div class=\"elementor-element elementor-element-11bb992 elementor-invisible elementor-widget elementor-widget-toggle\" data-id=\"11bb992\" data-element_type=\"widget\" data-e-type=\"widget\" data-settings=\"{&quot;_animation&quot;:&quot;fadeIn&quot;,&quot;_animation_delay&quot;:100}\" data-widget_type=\"toggle.default\">\n\t\t\t\t<div class=\"elementor-widget-container\">\n\t\t\t\t\t\t\t<div class=\"elementor-toggle\">\n\t\t\t\t\t\t\t<div class=\"elementor-toggle-item\">\n\t\t\t\t\t<h3 id=\"elementor-tab-title-1851\" class=\"elementor-tab-title\" data-tab=\"1\" role=\"button\" aria-controls=\"elementor-tab-content-1851\" aria-expanded=\"false\">\n\t\t\t\t\t\t\t\t\t\t\t\t<span class=\"elementor-toggle-icon elementor-toggle-icon-right\" aria-hidden=\"true\">\n\t\t\t\t\t\t\t\t\t\t\t\t\t\t\t<span class=\"elementor-toggle-icon-closed\"><i class=\"fas fa-angle-down\"><\/i><\/span>\n\t\t\t\t\t\t\t\t<span class=\"elementor-toggle-icon-opened\"><i class=\"elementor-toggle-icon-opened fas fa-angle-up\"><\/i><\/span>\n\t\t\t\t\t\t\t\t\t\t\t\t\t<\/span>\n\t\t\t\t\t\t\t\t\t\t\t\t<a class=\"elementor-toggle-title\" tabindex=\"0\">Katedra za botaniko in fiziologijo rastlin<\/a>\n\t\t\t\t\t<\/h3>\n\n\t\t\t\t\t<div id=\"elementor-tab-content-1851\" class=\"elementor-tab-content elementor-clearfix\" data-tab=\"1\" role=\"region\" aria-labelledby=\"elementor-tab-title-1851\"><table>\n<tbody>\n<tr>\n<th style=\"font-size: 14px;\"><strong>\u010clani\u00a0katedre:<\/strong><\/th>\n<th style=\"font-size: 14px;\"><\/th>\n<th style=\"font-size: 14px;\"><\/th>\n<\/tr>\n<tr>\n<td><img fetchpriority=\"high\" decoding=\"async\" class=\"alignnone size-full wp-image-3147\" src=\"https:\/\/www.fkbv.um.si\/wp-content\/uploads\/2022\/01\/Zajeta_slika-2.png\" alt=\"\" width=\"255\" height=\"259\" \/><\/td>\n<td><strong>Predstojnik katedre<\/strong>: <span lang=\"de-AT\">izr<\/span>. prof.<span lang=\"de-AT\"> dr. Andreja Urbanek Krajnc<\/span>,\n\n<strong>Mandat:\u00a0<\/strong>Predstojnik katedre\n\n<strong>Habilitacijski naziv:\u00a0<\/strong>Izredni profesor\n\n<strong>Habilitacijsko podro\u010dje:\u00a0<\/strong>Botanika\n\n<strong>Slu\u017ebeni telefon:<\/strong>\u00a000 386 (2) 320 90 53\n\n<strong>E-po\u0161ta:<\/strong>\u00a0<span id=\"cloak8650ed11675981509fa222047eb31476\"><\/span><a href=\"mailto:andreja.urbanek@um.si\">andreja.urbanek@um.si<\/a>\n\n<strong>Prostor:<\/strong>\u00a0G119\n\n<strong>Govorilne ure:<\/strong>\u00a0torek: 14.00 &#8211; 15.00; \u010detrtek: 10.00 &#8211; 11.00\n\n<strong>Raziskovalna dejavnost:\u00a0<\/strong><a href=\"http:\/\/sicris.izum.si\/public\/jqm\/search_basic\/slv\/2\/300\/search\/rsr\/28251\">SICRIS<\/a>\n\n<strong>Bibliografija:\u00a0<\/strong><a href=\"http:\/\/izumbib.izum.si\/bibliografije\/Y20191007123342-28251.html\">COBISS<\/a>\n\n<strong>\u010clanstva:\u00a0<\/strong>\n<ul>\n \t<li>Botani\u010dno dru\u0161tvo Slovenije:\u00a0<a href=\"http:\/\/bds.biologija.org\/\">http:\/\/bds.biologija.org\/<\/a><\/li>\n \t<li>Dru\u0161tvo za biologijo rastlin:\u00a0<a href=\"http:\/\/www.plantslo.org\/\">http:\/\/www.plantslo.org\/<\/a><\/li>\n<\/ul>\n<strong>\u0160tudij:<\/strong>\u00a0Karl-Franzens Universit\u00e4t Graz,\u00a0Institut f\u00fcr Pflanzenwissenschaften, Austria<\/td>\n<td><\/td>\n<\/tr>\n<tr>\n<td><img decoding=\"async\" class=\"alignnone size-full wp-image-3102\" src=\"https:\/\/www.fkbv.um.si\/wp-content\/uploads\/2022\/01\/Mateja_1.jpg\" alt=\"\" width=\"260\" height=\"291\" \/><\/td>\n<td>Mateja \u0160elih, mag. kmet.\n\n<strong>Habilitacijski naziv:\u00a0<\/strong>Asistent\n\n<strong>Habilitacijsko podro\u010dje:\u00a0<\/strong>Botanika\n\n<strong>Slu\u017ebeni telefon:\u00a0<\/strong>00 386 (2) 320 90 52\n\n<strong>E-po\u0161ta:<\/strong>\u00a0<span id=\"cloak14e628076d00488052ad8ca480b1aa24\"><a href=\"mailto:mateja.selih@um.si\">mateja.selih@um.si<\/a><\/span>\n\n<strong>Prostor:\u00a0<\/strong>G120\n\n<strong>Govorilne ure:\u00a0<\/strong>Po predhodnem dogovoru\n\n<strong>Raziskovalna dejavnost:\u00a0<\/strong><a href=\"http:\/\/sicris.izum.si\/public\/jqm\/search_basic\/slv\/2\/300\/search\/rsr\/37816\">SICRIS<\/a>\n\n<strong>Bibliografija:\u00a0<\/strong><a href=\"http:\/\/izumbib.izum.si\/bibliografije\/Y20191007124648-37816.html\">COBISS<\/a>\n\n<strong>\u010clanstvo:<\/strong>\u00a0Dru\u0161tvo za biologijo rastlin:\u00a0<a href=\"http:\/\/www.plantslo.org\/\">http:\/\/www.plantslo.org\/<\/a>\n\n<strong>\u0160tudij:\u00a0<\/strong>\n<ul>\n \t<li>Fakulteta za kmetijstvo in biosistemske vede, Univerza v Mariboru<\/li>\n \t<li>Fakulteta za naravoslovje in matematiko, Univerza v Mariboru<\/li>\n<\/ul>\n<\/td>\n<td><\/td>\n<\/tr>\n<tr>\n<td><img decoding=\"async\" class=\"alignnone size-full wp-image-3105\" src=\"https:\/\/www.fkbv.um.si\/wp-content\/uploads\/2022\/01\/A.Ivanus.jpg\" alt=\"\" width=\"250\" height=\"314\" srcset=\"https:\/\/www.fkbv.um.si\/wp-content\/uploads\/2022\/01\/A.Ivanus.jpg 250w, https:\/\/www.fkbv.um.si\/wp-content\/uploads\/2022\/01\/A.Ivanus-239x300.jpg 239w\" sizes=\"(max-width: 250px) 100vw, 250px\" \/><\/td>\n<td>Anja Ivanu\u0161, mag. kmet.\n\nPredstojnik magistrskega \u0161tudijskega programa Agrarna ekonomika (2. bolonjska stopnja)\n\n<strong>Delovno mesto:<\/strong>\u00a0Tehni\u0161ki sodelavec\u00a0VII\/1\n\n<strong>Slu\u017ebeni telefon:\u00a0<\/strong>\n<ul>\n \t<li>00 386 (2) 320 90 78<\/li>\n \t<li>00 386 (2) 320 90 52<\/li>\n<\/ul>\n<strong>E-po\u0161ta:\u00a0<\/strong><span id=\"cloak9264924ff0aa84e0ad9c3b992064119b\"><a href=\"mailto:anja.ivanus@um.si\">anja.ivanus@um.si<\/a><\/span>\n\n<strong>Prostor:\u00a0<\/strong>\n<ul>\n \t<li>G120<\/li>\n \t<li>G306<\/li>\n<\/ul>\n<strong>\u0160tudij:\u00a0<\/strong>Fakulteta za kmetijstvo in biosistemske vede,\u00a0Univerza v Mariboru<\/td>\n<td><\/td>\n<\/tr>\n\n<\/tbody>\n<\/table><\/div>\n\t\t\t\t<\/div>\n\t\t\t\t\t\t\t<div class=\"elementor-toggle-item\">\n\t\t\t\t\t<h3 id=\"elementor-tab-title-1852\" class=\"elementor-tab-title\" data-tab=\"2\" role=\"button\" aria-controls=\"elementor-tab-content-1852\" aria-expanded=\"false\">\n\t\t\t\t\t\t\t\t\t\t\t\t<span class=\"elementor-toggle-icon elementor-toggle-icon-right\" aria-hidden=\"true\">\n\t\t\t\t\t\t\t\t\t\t\t\t\t\t\t<span class=\"elementor-toggle-icon-closed\"><i class=\"fas fa-angle-down\"><\/i><\/span>\n\t\t\t\t\t\t\t\t<span class=\"elementor-toggle-icon-opened\"><i class=\"elementor-toggle-icon-opened fas fa-angle-up\"><\/i><\/span>\n\t\t\t\t\t\t\t\t\t\t\t\t\t<\/span>\n\t\t\t\t\t\t\t\t\t\t\t\t<a class=\"elementor-toggle-title\" tabindex=\"0\">Pedago\u0161ko delo<\/a>\n\t\t\t\t\t<\/h3>\n\n\t\t\t\t\t<div id=\"elementor-tab-content-1852\" class=\"elementor-tab-content elementor-clearfix\" data-tab=\"2\" role=\"region\" aria-labelledby=\"elementor-tab-title-1852\"><p>V okviru pedago\u0161kega dela, katedra izvaja \u0161tudijski proces na univerzitetnem \u0161tudijskem programu Agrikultura in okolje ter na visoko\u0161olskih strokovnih \u0161tudijskih programih (Biosistemsko in\u017eenirstvo; Agronomija-okrasne rastline, zelenjava in polj\u0161\u010dine; Ekolo\u0161ko kmetijstvo in Vinogradni\u0161tvo, vinarstvo in sadjarstvo). Temeljne in izbirne vsebine se izvajajo tudi na \u0161tudijskem programu II. stopnje Kmetijstvo.<\/p><p>Predmeti pokrivajo podro\u010dja botanike, fiziologije rastlin in biologije rastlinske celice.<\/p><p><strong>PREDSTAVITEV MO\u017dNIH TEM\u00a0DIPLOMSKIH NALOG<br \/><\/strong><\/p><p>1. Analiza mo\u017enosti ponovnega uvajanja nekaterih avtohtonih divjih sadnih vrst v vinograde<\/p><p>2. Biokemijske analize listov in plodov starih lokalnih genotipov murv<\/p><p>3. Vpliv hranjenja sviloprejk s starimi lokalnimi genotipi murv na rast sviloprejk<\/p><p>4. Morfometri\u010dne analize mo\u010dvirnic (<em>Epipactis<\/em>, Orchidaceae) v Sloveniji<\/p><p>\u00a0<\/p><p>Kontakt: Andreja Urbanek Krajnc,\u00a0<span id=\"cloak2bf8c5899f2726381b31288ef3002e85\"><a href=\"mailto:andreja.urbanek@um.si\">andreja.urbanek@um.si<\/a><\/span><\/p><\/div>\n\t\t\t\t<\/div>\n\t\t\t\t\t\t\t<div class=\"elementor-toggle-item\">\n\t\t\t\t\t<h3 id=\"elementor-tab-title-1853\" class=\"elementor-tab-title\" data-tab=\"3\" role=\"button\" aria-controls=\"elementor-tab-content-1853\" aria-expanded=\"false\">\n\t\t\t\t\t\t\t\t\t\t\t\t<span class=\"elementor-toggle-icon elementor-toggle-icon-right\" aria-hidden=\"true\">\n\t\t\t\t\t\t\t\t\t\t\t\t\t\t\t<span class=\"elementor-toggle-icon-closed\"><i class=\"fas fa-angle-down\"><\/i><\/span>\n\t\t\t\t\t\t\t\t<span class=\"elementor-toggle-icon-opened\"><i class=\"elementor-toggle-icon-opened fas fa-angle-up\"><\/i><\/span>\n\t\t\t\t\t\t\t\t\t\t\t\t\t<\/span>\n\t\t\t\t\t\t\t\t\t\t\t\t<a class=\"elementor-toggle-title\" tabindex=\"0\">Raziskovalna dejavnost<\/a>\n\t\t\t\t\t<\/h3>\n\n\t\t\t\t\t<div id=\"elementor-tab-content-1853\" class=\"elementor-tab-content elementor-clearfix\" data-tab=\"3\" role=\"region\" aria-labelledby=\"elementor-tab-title-1853\"><p>Na katedri se ukvarjamo s temeljnimi raziskavami na podro\u010dju botanike, fiziologije rastlin in biologije rastlinske celice.<\/p><p>Botani\u010dne raziskave so usmerjene v\u00a0sistematsko botaniko, predvsem rodu\u00a0<strong><em>Epipactis\u00a0<\/em><\/strong>in<strong><em>\u00a0Morus<\/em><\/strong>.<\/p><p>V okviru fiziologije rastlin se ukvarjamo:\u00a0<strong>s\u00a0fiziologija gozdnega drevja<\/strong>\u00a0(odzivi navadne smreke na napad podlubnikov in glive\u00a0<em>Ceratocystis polonica<\/em>),\u00a0<strong>s\u00a0fiziologijo kmetijskih rastlin<\/strong>\u00a0(okoljski dejavniki, mineralna prehrana, napad patogenov in \u0161kodljivcev),\u00a0<strong>z\u00a0ekofiziolo\u0161kimi meritvami<\/strong>,\u00a0<strong>z\u00a0vlogo antioksidantov v obrambnih reakcijah na stres pri rastlinah<\/strong>\u00a0(askorbinska kislina, glutation, tokoferoli, karotenoidi, fenoli, encimi),\u00a0<strong>z\u00a0vlogo signalnih molekul v odzivu na abiotski in biotski stres<\/strong>,\u00a0<strong>z\u00a0vrednotenjem fizio-kemi\u010dnih lastnosti kri\u017eancev kmetijskih rastlin v odzivu na klimatske spremembe<\/strong>\u00a0(taro, bu\u010de) ter\u00a0<strong>s\u00a0kvalitativnimi in kvantitativnimi analizami primarnih<\/strong>\u00a0(sladkorji, beljakovine, aminokisline)\u00a0<strong>in sekundarnih metabolitov<\/strong>\u00a0(fenoli, askorbat, glutation) v listih razli\u010dnih lokalnih sort murv.<\/p><p>Celi\u010dna biologija\u00a0je usmerjena v\u00a0<strong>imunolokalizacija citoskeletnih elementov in tiolov<\/strong>,\u00a0<strong>citogenetiko<\/strong>\u00a0ter\u00a0<strong>3D animacije celi\u010dnih struktur<\/strong>\u00a0in\u00a0<strong>rastlinskih tkiv v odgovoru na stres<\/strong>.<\/p><p>V okviru projekta je potekalo in \u0161e poteka\u00a0<strong>popisovanje in vzor\u010denje starih lokalnih genotipov murv na Slovenskem in Mad\u017earskem<\/strong>,\u00a0<strong>vzpostavitev digitalne knji\u017enice in zemljevidov z lokacijami murv\u00a0<\/strong>ter\u00a0<strong>razmno\u017eevanje in ohranjanje lokalnih genotipov murv iz razli\u010dnih eko-geografskih regij Slovenije in Mad\u017earske<\/strong>.<\/p><p>Ve\u010d informacij:\u00a0<a href=\"http:\/\/murve.um.si\/\">http:\/\/murve.um.si<\/a><\/p><p>Svoje dose\u017eke objavljamo v znanstvenih in strokovnih revijah.<\/p><p>\u0160tudentom tekom \u0161tudija omogo\u010damo uvajanje v znanstveno &#8211; raziskovalno delo. V okviru projektnega dela se \u0161tudentje seznanijo z aktualnimi raziskovalnimi projekti in samim delom v laboratoriju.<\/p><\/div>\n\t\t\t\t<\/div>\n\t\t\t\t\t\t\t<div class=\"elementor-toggle-item\">\n\t\t\t\t\t<h3 id=\"elementor-tab-title-1854\" class=\"elementor-tab-title\" data-tab=\"4\" role=\"button\" aria-controls=\"elementor-tab-content-1854\" aria-expanded=\"false\">\n\t\t\t\t\t\t\t\t\t\t\t\t<span class=\"elementor-toggle-icon elementor-toggle-icon-right\" aria-hidden=\"true\">\n\t\t\t\t\t\t\t\t\t\t\t\t\t\t\t<span class=\"elementor-toggle-icon-closed\"><i class=\"fas fa-angle-down\"><\/i><\/span>\n\t\t\t\t\t\t\t\t<span class=\"elementor-toggle-icon-opened\"><i class=\"elementor-toggle-icon-opened fas fa-angle-up\"><\/i><\/span>\n\t\t\t\t\t\t\t\t\t\t\t\t\t<\/span>\n\t\t\t\t\t\t\t\t\t\t\t\t<a class=\"elementor-toggle-title\" tabindex=\"0\">Raziskovalni projekti<\/a>\n\t\t\t\t\t<\/h3>\n\n\t\t\t\t\t<div id=\"elementor-tab-content-1854\" class=\"elementor-tab-content elementor-clearfix\" data-tab=\"4\" role=\"region\" aria-labelledby=\"elementor-tab-title-1854\"><p><b>AKTUALNI PROJEKTI<\/b><\/p><p>N1\u20150041:\u00a0<strong>Vpliv hranjenja li\u010dink hibridov sviloprejke z listi starih lokalnih mad\u017earskih in slovenskih genotipov murv na razvoj in zdravstveni status li\u010dink<\/strong>\u00a0(1.1.2016 &#8211; 31.12.2018).<\/p><hr \/><p>V4\u20151116:\u00a0<strong>Razvoj novih sort oljnih bu\u010d<\/strong>\u00a0(1.10.2011 &#8211; 30.9.2014).<\/p><hr \/><p>V4\u20151077:\u00a0<strong>Vpliv vklju\u010devanja tanina v krmne obroke pra\u0161i\u010dev na njihove proizvodnje lastnosti, zdravje, klavno kakovost in kakovost mesa ter ekonomiko reje<\/strong>\u00a0(1.10.2010 &#8211; 30.9.2012).<\/p><hr \/><p>Z1\u20159602:\u00a0<strong>\u010casovna analiza lokalnih in sistemskih sprememb v obrambni kemiji in anatomiji navadne smreke pri napadu podlubnikov<\/strong>\u00a0(1.1.2007 &#8211; 31.12.2009).<\/p><hr \/><p>\u00a0<\/p><p><strong>RAZISKOVALNO SODELOVANJE IN \u010cLANSTVA<\/strong><\/p><p>Botani\u010dno dru\u0161tvo Slovenije:<strong>\u00a0<a href=\"http:\/\/bds.biologija.org\/\">http:\/\/bds.biologija.org\/<\/a><\/strong><\/p><hr \/><p>Dru\u0161tvo za biologijo rastlin:\u00a0<strong><a href=\"http:\/\/www.plantslo.org\/\">http:\/\/www.plantslo.org\/<\/a><\/strong><\/p><hr \/><p>Verein zur Foerderung der Tropenstation La Gamba, Costa Rica:\u00a0<a href=\"http:\/\/www.lagamba.at\/\">www.lagamba.at<\/a><\/p><hr \/><p>EPSO, Dan o\u010darljivih rastlin:\u00a0<a href=\"http:\/\/www.plantday12.eu\/slovenia.htm\">http:\/\/www.plantday12.eu\/slovenia.htm<\/a><\/p><hr \/><p>Institute of Plant Sciences Uni Graz, Austria:\u00a0<a href=\"http:\/\/botanik.uni-graz.at\/\">http:\/\/botanik.uni-graz.at<\/a><\/p><hr \/><p>\u00a0<\/p><\/div>\n\t\t\t\t<\/div>\n\t\t\t\t\t\t\t\t<\/div>\n\t\t\t\t\t\t<\/div>\n\t\t\t\t<\/div>\n\t\t\t\t\t<\/div>\n\t\t<\/div>\n\t\t\t\t\t<\/div>\n\t\t<\/section>\n\t\t\t\t<section class=\"elementor-section elementor-top-section elementor-element elementor-element-2835c9f elementor-section-boxed elementor-section-height-default elementor-section-height-default\" data-id=\"2835c9f\" data-element_type=\"section\" data-e-type=\"section\" data-settings=\"{&quot;background_background&quot;:&quot;classic&quot;}\">\n\t\t\t\t\t\t<div class=\"elementor-container elementor-column-gap-default\">\n\t\t\t\t\t<div class=\"elementor-column elementor-col-100 elementor-top-column elementor-element elementor-element-06002ee\" data-id=\"06002ee\" data-element_type=\"column\" data-e-type=\"column\">\n\t\t\t<div class=\"elementor-widget-wrap elementor-element-populated\">\n\t\t\t\t\t\t<div class=\"elementor-element elementor-element-75648c1 elementor-widget elementor-widget-spacer\" data-id=\"75648c1\" data-element_type=\"widget\" data-e-type=\"widget\" data-widget_type=\"spacer.default\">\n\t\t\t\t<div class=\"elementor-widget-container\">\n\t\t\t\t\t\t\t<div class=\"elementor-spacer\">\n\t\t\t<div class=\"elementor-spacer-inner\"><\/div>\n\t\t<\/div>\n\t\t\t\t\t\t<\/div>\n\t\t\t\t<\/div>\n\t\t\t\t\t<\/div>\n\t\t<\/div>\n\t\t\t\t\t<\/div>\n\t\t<\/section>\n\t\t\t\t<\/div>\n\t\t","protected":false},"excerpt":{"rendered":"<p>KATEDRa za botaniko in fiziologijo rastlin Katedra za botaniko in fiziologijo rastlin \u010clani\u00a0katedre: Predstojnik katedre: izr. prof. dr. Andreja Urbanek Krajnc, Mandat:\u00a0Predstojnik katedre Habilitacijski naziv:\u00a0Izredni profesor Habilitacijsko podro\u010dje:\u00a0Botanika Slu\u017ebeni telefon:\u00a000 386 (2) 320 90 53 E-po\u0161ta:\u00a0andreja.urbanek@um.si Prostor:\u00a0G119 Govorilne ure:\u00a0torek: 14.00 &#8211; 15.00; \u010detrtek: 10.00 &#8211; 11.00 Raziskovalna dejavnost:\u00a0SICRIS Bibliografija:\u00a0COBISS \u010clanstva:\u00a0 Botani\u010dno dru\u0161tvo Slovenije:\u00a0http:\/\/bds.biologija.org\/ Dru\u0161tvo za [&hellip;]<\/p>\n","protected":false},"author":1,"featured_media":0,"parent":0,"menu_order":0,"comment_status":"closed","ping_status":"closed","template":"elementor_header_footer","meta":{"ocean_post_layout":"","ocean_both_sidebars_style":"","ocean_both_sidebars_content_width":0,"ocean_both_sidebars_sidebars_width":0,"ocean_sidebar":"0","ocean_second_sidebar":"0","ocean_disable_margins":"enable","ocean_add_body_class":"","ocean_shortcode_before_top_bar":"","ocean_shortcode_after_top_bar":"","ocean_shortcode_before_header":"","ocean_shortcode_after_header":"","ocean_has_shortcode":"","ocean_shortcode_after_title":"","ocean_shortcode_before_footer_widgets":"","ocean_shortcode_after_footer_widgets":"","ocean_shortcode_before_footer_bottom":"","ocean_shortcode_after_footer_bottom":"","ocean_display_top_bar":"default","ocean_display_header":"default","ocean_header_style":"","ocean_center_header_left_menu":"0","ocean_custom_header_template":"0","ocean_custom_logo":0,"ocean_custom_retina_logo":0,"ocean_custom_logo_max_width":0,"ocean_custom_logo_tablet_max_width":0,"ocean_custom_logo_mobile_max_width":0,"ocean_custom_logo_max_height":0,"ocean_custom_logo_tablet_max_height":0,"ocean_custom_logo_mobile_max_height":0,"ocean_header_custom_menu":"0","ocean_menu_typo_font_family":"0","ocean_menu_typo_font_subset":"","ocean_menu_typo_font_size":0,"ocean_menu_typo_font_size_tablet":0,"ocean_menu_typo_font_size_mobile":0,"ocean_menu_typo_font_size_unit":"px","ocean_menu_typo_font_weight":"","ocean_menu_typo_font_weight_tablet":"","ocean_menu_typo_font_weight_mobile":"","ocean_menu_typo_transform":"","ocean_menu_typo_transform_tablet":"","ocean_menu_typo_transform_mobile":"","ocean_menu_typo_line_height":0,"ocean_menu_typo_line_height_tablet":0,"ocean_menu_typo_line_height_mobile":0,"ocean_menu_typo_line_height_unit":"","ocean_menu_typo_spacing":0,"ocean_menu_typo_spacing_tablet":0,"ocean_menu_typo_spacing_mobile":0,"ocean_menu_typo_spacing_unit":"","ocean_menu_link_color":"","ocean_menu_link_color_hover":"","ocean_menu_link_color_active":"","ocean_menu_link_background":"","ocean_menu_link_hover_background":"","ocean_menu_link_active_background":"","ocean_menu_social_links_bg":"","ocean_menu_social_hover_links_bg":"","ocean_menu_social_links_color":"","ocean_menu_social_hover_links_color":"","ocean_disable_title":"default","ocean_disable_heading":"default","ocean_post_title":"","ocean_post_subheading":"","ocean_post_title_style":"","ocean_post_title_background_color":"","ocean_post_title_background":0,"ocean_post_title_bg_image_position":"","ocean_post_title_bg_image_attachment":"","ocean_post_title_bg_image_repeat":"","ocean_post_title_bg_image_size":"","ocean_post_title_height":0,"ocean_post_title_bg_overlay":0.5,"ocean_post_title_bg_overlay_color":"","ocean_disable_breadcrumbs":"default","ocean_breadcrumbs_color":"","ocean_breadcrumbs_separator_color":"","ocean_breadcrumbs_links_color":"","ocean_breadcrumbs_links_hover_color":"","ocean_display_footer_widgets":"default","ocean_display_footer_bottom":"default","ocean_custom_footer_template":"0","footnotes":""},"folder":[],"class_list":["post-2180","page","type-page","status-publish","hentry","entry"],"publishpress_future_action":{"enabled":false,"date":"2026-05-13 18:16:34","action":"change-status","newStatus":"draft","terms":[],"taxonomy":"folder","extraData":[]},"publishpress_future_workflow_manual_trigger":{"enabledWorkflows":[]},"_links":{"self":[{"href":"https:\/\/www.fkbv.um.si\/index.php?rest_route=\/wp\/v2\/pages\/2180","targetHints":{"allow":["GET"]}}],"collection":[{"href":"https:\/\/www.fkbv.um.si\/index.php?rest_route=\/wp\/v2\/pages"}],"about":[{"href":"https:\/\/www.fkbv.um.si\/index.php?rest_route=\/wp\/v2\/types\/page"}],"author":[{"embeddable":true,"href":"https:\/\/www.fkbv.um.si\/index.php?rest_route=\/wp\/v2\/users\/1"}],"replies":[{"embeddable":true,"href":"https:\/\/www.fkbv.um.si\/index.php?rest_route=%2Fwp%2Fv2%2Fcomments&post=2180"}],"version-history":[{"count":7,"href":"https:\/\/www.fkbv.um.si\/index.php?rest_route=\/wp\/v2\/pages\/2180\/revisions"}],"predecessor-version":[{"id":3178,"href":"https:\/\/www.fkbv.um.si\/index.php?rest_route=\/wp\/v2\/pages\/2180\/revisions\/3178"}],"wp:attachment":[{"href":"https:\/\/www.fkbv.um.si\/index.php?rest_route=%2Fwp%2Fv2%2Fmedia&parent=2180"}],"wp:term":[{"taxonomy":"folder","embeddable":true,"href":"https:\/\/www.fkbv.um.si\/index.php?rest_route=%2Fwp%2Fv2%2Ffolder&post=2180"}],"curies":[{"name":"wp","href":"https:\/\/api.w.org\/{rel}","templated":true}]}}