{"id":20212,"date":"2023-12-18T12:40:44","date_gmt":"2023-12-18T12:40:44","guid":{"rendered":"https:\/\/www.fkbv.um.si\/?page_id=20212"},"modified":"2026-03-12T15:03:22","modified_gmt":"2026-03-12T14:03:22","slug":"ekolosko-kmetijstvo-videoposnetki","status":"publish","type":"page","link":"https:\/\/www.fkbv.um.si\/?page_id=20212","title":{"rendered":"Ekolo\u0161ko kmetijstvo videoposnetki"},"content":{"rendered":"\t\t<div data-elementor-type=\"wp-page\" data-elementor-id=\"20212\" class=\"elementor elementor-20212\" data-elementor-post-type=\"page\">\n\t\t\t\t\t\t<section class=\"elementor-section elementor-top-section elementor-element elementor-element-27ed374 elementor-section-boxed elementor-section-height-default elementor-section-height-default\" data-id=\"27ed374\" data-element_type=\"section\" data-e-type=\"section\">\n\t\t\t\t\t\t<div class=\"elementor-container elementor-column-gap-default\">\n\t\t\t\t\t<div class=\"elementor-column elementor-col-100 elementor-top-column elementor-element elementor-element-81b0e59\" data-id=\"81b0e59\" data-element_type=\"column\" data-e-type=\"column\">\n\t\t\t<div class=\"elementor-widget-wrap elementor-element-populated\">\n\t\t\t\t\t\t<div class=\"elementor-element elementor-element-5a95f39 elementor-widget elementor-widget-heading\" data-id=\"5a95f39\" data-element_type=\"widget\" data-e-type=\"widget\" data-widget_type=\"heading.default\">\n\t\t\t\t<div class=\"elementor-widget-container\">\n\t\t\t\t\t<h2 class=\"elementor-heading-title elementor-size-default\">Povezave do videoposnetkov<\/h2>\t\t\t\t<\/div>\n\t\t\t\t<\/div>\n\t\t\t\t\t<\/div>\n\t\t<\/div>\n\t\t\t\t\t<\/div>\n\t\t<\/section>\n\t\t\t\t<section class=\"elementor-section elementor-top-section elementor-element elementor-element-c3b695f elementor-section-boxed elementor-section-height-default elementor-section-height-default\" data-id=\"c3b695f\" data-element_type=\"section\" data-e-type=\"section\">\n\t\t\t\t\t\t<div class=\"elementor-container elementor-column-gap-default\">\n\t\t\t\t\t<div class=\"elementor-column elementor-col-100 elementor-top-column elementor-element elementor-element-b58eee2\" data-id=\"b58eee2\" data-element_type=\"column\" data-e-type=\"column\">\n\t\t\t<div class=\"elementor-widget-wrap elementor-element-populated\">\n\t\t\t\t\t\t<div class=\"elementor-element elementor-element-a595b8b elementor-widget elementor-widget-text-editor\" data-id=\"a595b8b\" data-element_type=\"widget\" data-e-type=\"widget\" data-widget_type=\"text-editor.default\">\n\t\t\t\t<div class=\"elementor-widget-container\">\n\t\t\t\t\t\t\t\t\t<ul><li><a href=\"https:\/\/video.arnes.si\/watch\/ll3b7628cy3d\">NOO Kontrola<\/a><\/li><li><a href=\"https:\/\/video.arnes.si\/watch\/w279z7qbw9dm\">NOO Gastronomija<\/a><\/li><li><a href=\"https:\/\/video.arnes.si\/watch\/0vg6cc1mv64k\">14. 3. 2024 Ekolo\u0161ka reja govedi z okroglo mizo<\/a><\/li><li><a href=\"https:\/\/video.arnes.si\/watch\/ywk412lb27hk\">28. 2. 2024 Ekolo\u0161ko kmetijstvo na Bavarskem: organiziranost bioregij, raziskave in prenos znanja na ekolo\u0161ke kmetije<\/a><\/li><li><a href=\"https:\/\/video.arnes.si\/watch\/xhpq1bk6p1st\">24. 1. 2024 &#8211; Razvoj ekolo\u0161kega kmetijstva v Avstriji<\/a><\/li><li><a href=\"https:\/\/video.arnes.si\/watch\/gtb10gtyy0xw\">6 12. 2023 &#8211; Ekolo\u0161ko poljedelstvo in posebnosti ekolo\u0161kega kmetijstva na Slova\u0161kem<\/a><\/li><li><a href=\"https:\/\/video.arnes.si\/watch\/pq8dmb226s7q\">15. 11. 2023 &#8211; Ekolo\u0161ko kmetijstvo kot mo\u017ena re\u0161itev za razvoj pode\u017eelja v odro\u010dnih obmo\u010djih &#8211; primeri iz prakse<\/a><\/li><li><a href=\"https:\/\/video.arnes.si\/watch\/t40bzrjwpdh2\">8. 11. 2023 &#8211; Rodovitnost tal v ekolo\u0161kem in konvencionalnem kmetijstvu &#8211; organska gnojila in dejavniki, ki vplivajo na mineralizacijo<\/a><\/li><li><a href=\"https:\/\/video.arnes.si\/watch\/734cq1xlvct1\">19. 10. 2023 &#8211; Aktualno na podro\u010dju ekolo\u0161kega kmetijstva 2023<\/a><\/li><li><a href=\"https:\/\/video.arnes.si\/watch\/njr5k31hfgxf\">18. 10. 2023 &#8211; Izku\u0161nje z uvedbo ekolo\u0161kih \u017eivil v bolni\u0161nici in \u0161olskih kuhinjah z ekonomskimi kazalniki in izra\u010dunom okoljskega odtisa<\/a><\/li><li><a href=\"https:\/\/video.arnes.si\/watch\/sgfs7dpkfq3b\">11. 10. 2023 &#8211; Je varstvo jagodi\u010devja res tako zapleteno, da je skoraj nemogo\u010de?<\/a><\/li><li><a href=\"https:\/\/video.arnes.si\/watch\/4sth29qvcbv0\">4. 10. 2023 &#8211; Kakovost ekolo\u0161kih \u017eivil v primerjavi s konvencionalnimi in vpliv na zdravje<\/a><\/li><li><a href=\"https:\/\/video.arnes.si\/watch\/6blwrmfdqv1x\">27. 9. 2023 &#8211; Poimenovanje kakovosti v ekolo\u0161kem in biodinami\u010dnem kmetijstvu<\/a><\/li><li><a href=\"https:\/\/video.arnes.si\/watch\/zj7rfv6g0h4k\">26. 9. 2023 &#8211; Tehnolo\u0161ke zahteve pri preusmeritvi v ekolo\u0161ko pridelavo sadja in predstavitev orodja za vrednotenje rizikov pri prehodu v ekolo\u0161ko sadjarstvo<\/a><\/li><li><a href=\"https:\/\/video.arnes.si\/watch\/mkkpv9zwmvfm\">25. 9. 2023 &#8211; Predavanje iz biodinamike<\/a><\/li><li><a href=\"https:\/\/video.arnes.si\/watch\/mbf77pzhl00c\">20. 9. 2023 &#8211; Ekolo\u0161ko in biodinami\u010dno \u017elahtnjenje<\/a><\/li><li><a href=\"https:\/\/video.arnes.si\/watch\/gvg1gjyz3s3v\">6. 9. 2023 &#8211; Ekolo\u0161ko kmetijstvo na VVO in primeri inovativnih konceptov tr\u017eenja v Franciji<\/a><\/li><\/ul><p>Dodatna povezava:<a href=\"https:\/\/www.kgzs.si\/aktivnosti-za-pospesevanje-razvoja-ekoloskega-kmetovanja-v-letu-2023\"> https:\/\/www.kgzs.si\/aktivnosti-za-pospesevanje-razvoja-ekoloskega-kmetovanja-v-letu-2023\u00a0<\/a><\/p><p>EKO INPUTI: <a href=\"https:\/\/eko-inputi.fkbv.um.si\/\">https:\/\/eko-inputi.fkbv.um.si\/<\/a><\/p>\t\t\t\t\t\t\t\t<\/div>\n\t\t\t\t<\/div>\n\t\t\t\t\t<\/div>\n\t\t<\/div>\n\t\t\t\t\t<\/div>\n\t\t<\/section>\n\t\t\t\t<\/div>\n\t\t","protected":false},"excerpt":{"rendered":"<p>Povezave do videoposnetkov NOO Kontrola NOO Gastronomija 14. 3. 2024 Ekolo\u0161ka reja govedi z okroglo mizo 28. 2. 2024 Ekolo\u0161ko kmetijstvo na Bavarskem: organiziranost bioregij, raziskave in prenos znanja na ekolo\u0161ke kmetije 24. 1. 2024 &#8211; Razvoj ekolo\u0161kega kmetijstva v Avstriji 6 12. 2023 &#8211; Ekolo\u0161ko poljedelstvo in posebnosti ekolo\u0161kega kmetijstva na Slova\u0161kem 15. 11. [&hellip;]<\/p>\n","protected":false},"author":1,"featured_media":0,"parent":0,"menu_order":0,"comment_status":"closed","ping_status":"closed","template":"elementor_header_footer","meta":{"ocean_post_layout":"","ocean_both_sidebars_style":"","ocean_both_sidebars_content_width":0,"ocean_both_sidebars_sidebars_width":0,"ocean_sidebar":"","ocean_second_sidebar":"","ocean_disable_margins":"enable","ocean_add_body_class":"","ocean_shortcode_before_top_bar":"","ocean_shortcode_after_top_bar":"","ocean_shortcode_before_header":"","ocean_shortcode_after_header":"","ocean_has_shortcode":"","ocean_shortcode_after_title":"","ocean_shortcode_before_footer_widgets":"","ocean_shortcode_after_footer_widgets":"","ocean_shortcode_before_footer_bottom":"","ocean_shortcode_after_footer_bottom":"","ocean_display_top_bar":"default","ocean_display_header":"default","ocean_header_style":"","ocean_center_header_left_menu":"","ocean_custom_header_template":"","ocean_custom_logo":0,"ocean_custom_retina_logo":0,"ocean_custom_logo_max_width":0,"ocean_custom_logo_tablet_max_width":0,"ocean_custom_logo_mobile_max_width":0,"ocean_custom_logo_max_height":0,"ocean_custom_logo_tablet_max_height":0,"ocean_custom_logo_mobile_max_height":0,"ocean_header_custom_menu":"","ocean_menu_typo_font_family":"","ocean_menu_typo_font_subset":"","ocean_menu_typo_font_size":0,"ocean_menu_typo_font_size_tablet":0,"ocean_menu_typo_font_size_mobile":0,"ocean_menu_typo_font_size_unit":"px","ocean_menu_typo_font_weight":"","ocean_menu_typo_font_weight_tablet":"","ocean_menu_typo_font_weight_mobile":"","ocean_menu_typo_transform":"","ocean_menu_typo_transform_tablet":"","ocean_menu_typo_transform_mobile":"","ocean_menu_typo_line_height":0,"ocean_menu_typo_line_height_tablet":0,"ocean_menu_typo_line_height_mobile":0,"ocean_menu_typo_line_height_unit":"","ocean_menu_typo_spacing":0,"ocean_menu_typo_spacing_tablet":0,"ocean_menu_typo_spacing_mobile":0,"ocean_menu_typo_spacing_unit":"","ocean_menu_link_color":"","ocean_menu_link_color_hover":"","ocean_menu_link_color_active":"","ocean_menu_link_background":"","ocean_menu_link_hover_background":"","ocean_menu_link_active_background":"","ocean_menu_social_links_bg":"","ocean_menu_social_hover_links_bg":"","ocean_menu_social_links_color":"","ocean_menu_social_hover_links_color":"","ocean_disable_title":"default","ocean_disable_heading":"default","ocean_post_title":"","ocean_post_subheading":"","ocean_post_title_style":"","ocean_post_title_background_color":"","ocean_post_title_background":0,"ocean_post_title_bg_image_position":"","ocean_post_title_bg_image_attachment":"","ocean_post_title_bg_image_repeat":"","ocean_post_title_bg_image_size":"","ocean_post_title_height":0,"ocean_post_title_bg_overlay":0.5,"ocean_post_title_bg_overlay_color":"","ocean_disable_breadcrumbs":"default","ocean_breadcrumbs_color":"","ocean_breadcrumbs_separator_color":"","ocean_breadcrumbs_links_color":"","ocean_breadcrumbs_links_hover_color":"","ocean_display_footer_widgets":"default","ocean_display_footer_bottom":"default","ocean_custom_footer_template":"","footnotes":""},"folder":[],"class_list":["post-20212","page","type-page","status-publish","hentry","entry"],"publishpress_future_action":{"enabled":false,"date":"2026-05-13 07:20:17","action":"change-status","newStatus":"draft","terms":[],"taxonomy":"folder","extraData":[]},"publishpress_future_workflow_manual_trigger":{"enabledWorkflows":[]},"_links":{"self":[{"href":"https:\/\/www.fkbv.um.si\/index.php?rest_route=\/wp\/v2\/pages\/20212","targetHints":{"allow":["GET"]}}],"collection":[{"href":"https:\/\/www.fkbv.um.si\/index.php?rest_route=\/wp\/v2\/pages"}],"about":[{"href":"https:\/\/www.fkbv.um.si\/index.php?rest_route=\/wp\/v2\/types\/page"}],"author":[{"embeddable":true,"href":"https:\/\/www.fkbv.um.si\/index.php?rest_route=\/wp\/v2\/users\/1"}],"replies":[{"embeddable":true,"href":"https:\/\/www.fkbv.um.si\/index.php?rest_route=%2Fwp%2Fv2%2Fcomments&post=20212"}],"version-history":[{"count":52,"href":"https:\/\/www.fkbv.um.si\/index.php?rest_route=\/wp\/v2\/pages\/20212\/revisions"}],"predecessor-version":[{"id":31452,"href":"https:\/\/www.fkbv.um.si\/index.php?rest_route=\/wp\/v2\/pages\/20212\/revisions\/31452"}],"wp:attachment":[{"href":"https:\/\/www.fkbv.um.si\/index.php?rest_route=%2Fwp%2Fv2%2Fmedia&parent=20212"}],"wp:term":[{"taxonomy":"folder","embeddable":true,"href":"https:\/\/www.fkbv.um.si\/index.php?rest_route=%2Fwp%2Fv2%2Ffolder&post=20212"}],"curies":[{"name":"wp","href":"https:\/\/api.w.org\/{rel}","templated":true}]}}