{"id":1798,"date":"2021-12-07T22:55:36","date_gmt":"2021-12-07T22:55:36","guid":{"rendered":"http:\/\/fkbv2.um.si\/?page_id=1798"},"modified":"2023-03-31T08:12:17","modified_gmt":"2023-03-31T08:12:17","slug":"projekti-eng","status":"publish","type":"page","link":"https:\/\/www.fkbv.um.si\/?page_id=1798&lang=en","title":{"rendered":"Projekti &#8211; ENG"},"content":{"rendered":"\t\t<div data-elementor-type=\"wp-page\" data-elementor-id=\"1798\" class=\"elementor elementor-1798\" data-elementor-post-type=\"page\">\n\t\t\t\t\t\t<header class=\"elementor-section elementor-top-section elementor-element elementor-element-5b93017d elementor-section-full_width elementor-section-height-min-height elementor-section-items-bottom elementor-section-height-default elementor-invisible\" data-id=\"5b93017d\" data-element_type=\"section\" data-e-type=\"section\" data-settings=\"{&quot;background_background&quot;:&quot;classic&quot;,&quot;animation&quot;:&quot;fadeIn&quot;,&quot;animation_delay&quot;:50}\">\n\t\t\t\t\t\t<div class=\"elementor-container elementor-column-gap-no\">\n\t\t\t\t\t<div class=\"elementor-column elementor-col-100 elementor-top-column elementor-element elementor-element-1d7e6b08\" data-id=\"1d7e6b08\" data-element_type=\"column\" data-e-type=\"column\">\n\t\t\t<div class=\"elementor-widget-wrap elementor-element-populated\">\n\t\t\t\t\t\t<section class=\"elementor-section elementor-inner-section elementor-element elementor-element-33a3790 elementor-section-content-bottom elementor-section-boxed elementor-section-height-default elementor-section-height-default\" data-id=\"33a3790\" data-element_type=\"section\" data-e-type=\"section\">\n\t\t\t\t\t\t<div class=\"elementor-container elementor-column-gap-default\">\n\t\t\t\t\t<div class=\"elementor-column elementor-col-100 elementor-inner-column elementor-element elementor-element-305384fe\" data-id=\"305384fe\" data-element_type=\"column\" data-e-type=\"column\">\n\t\t\t<div class=\"elementor-widget-wrap elementor-element-populated\">\n\t\t\t\t\t\t<div class=\"elementor-element elementor-element-1e26e9d2 elementor-invisible elementor-widget elementor-widget-heading\" data-id=\"1e26e9d2\" data-element_type=\"widget\" data-e-type=\"widget\" data-settings=\"{&quot;_animation&quot;:&quot;fadeIn&quot;,&quot;_animation_delay&quot;:100}\" data-widget_type=\"heading.default\">\n\t\t\t\t<div class=\"elementor-widget-container\">\n\t\t\t\t\t<h1 class=\"elementor-heading-title elementor-size-default\">PROJects<\/h1>\t\t\t\t<\/div>\n\t\t\t\t<\/div>\n\t\t\t\t\t<\/div>\n\t\t<\/div>\n\t\t\t\t\t<\/div>\n\t\t<\/section>\n\t\t\t\t\t<\/div>\n\t\t<\/div>\n\t\t\t\t\t<\/div>\n\t\t<\/header>\n\t\t\t\t<section class=\"elementor-section elementor-top-section elementor-element elementor-element-54212696 elementor-section-boxed elementor-section-height-default elementor-section-height-default\" data-id=\"54212696\" data-element_type=\"section\" data-e-type=\"section\">\n\t\t\t\t\t\t<div class=\"elementor-container elementor-column-gap-narrow\">\n\t\t\t\t\t<div class=\"elementor-column elementor-col-100 elementor-top-column elementor-element elementor-element-1d82df97\" data-id=\"1d82df97\" data-element_type=\"column\" data-e-type=\"column\">\n\t\t\t<div class=\"elementor-widget-wrap\">\n\t\t\t\t\t\t\t<\/div>\n\t\t<\/div>\n\t\t\t\t\t<\/div>\n\t\t<\/section>\n\t\t\t\t<section class=\"elementor-section elementor-top-section elementor-element elementor-element-6fc0d04e elementor-section-boxed elementor-section-height-default elementor-section-height-default\" data-id=\"6fc0d04e\" data-element_type=\"section\" data-e-type=\"section\">\n\t\t\t\t\t\t<div class=\"elementor-container elementor-column-gap-default\">\n\t\t\t\t\t<div class=\"elementor-column elementor-col-100 elementor-top-column elementor-element elementor-element-5eff274b\" data-id=\"5eff274b\" data-element_type=\"column\" data-e-type=\"column\">\n\t\t\t<div class=\"elementor-widget-wrap elementor-element-populated\">\n\t\t\t\t\t\t<div class=\"elementor-element elementor-element-3e815096 elementor-widget elementor-widget-heading\" data-id=\"3e815096\" data-element_type=\"widget\" data-e-type=\"widget\" data-widget_type=\"heading.default\">\n\t\t\t\t<div class=\"elementor-widget-container\">\n\t\t\t\t\t<h2 class=\"elementor-heading-title elementor-size-default\">International projects<\/h2>\t\t\t\t<\/div>\n\t\t\t\t<\/div>\n\t\t\t\t<div class=\"elementor-element elementor-element-732e48e8 elementor-widget elementor-widget-accordion\" data-id=\"732e48e8\" data-element_type=\"widget\" data-e-type=\"widget\" data-widget_type=\"accordion.default\">\n\t\t\t\t<div class=\"elementor-widget-container\">\n\t\t\t\t\t\t\t<div class=\"elementor-accordion\">\n\t\t\t\t\t\t\t<div class=\"elementor-accordion-item\">\n\t\t\t\t\t<div id=\"elementor-tab-title-1931\" class=\"elementor-tab-title\" data-tab=\"1\" role=\"button\" aria-controls=\"elementor-tab-content-1931\" aria-expanded=\"false\">\n\t\t\t\t\t\t\t\t\t\t\t\t\t<span class=\"elementor-accordion-icon elementor-accordion-icon-left\" aria-hidden=\"true\">\n\t\t\t\t\t\t\t\t\t\t\t\t\t\t\t<span class=\"elementor-accordion-icon-closed\"><i class=\"fas fa-plus\"><\/i><\/span>\n\t\t\t\t\t\t\t\t<span class=\"elementor-accordion-icon-opened\"><i class=\"fas fa-minus\"><\/i><\/span>\n\t\t\t\t\t\t\t\t\t\t\t\t\t\t<\/span>\n\t\t\t\t\t\t\t\t\t\t\t\t<a class=\"elementor-accordion-title\" tabindex=\"0\">EU Programmes<\/a>\n\t\t\t\t\t<\/div>\n\t\t\t\t\t<div id=\"elementor-tab-content-1931\" class=\"elementor-tab-content elementor-clearfix\" data-tab=\"1\" role=\"region\" aria-labelledby=\"elementor-tab-title-1931\"><table width=\"809\"><tbody><tr><td width=\"170\"><strong>Program<\/strong><\/td><td width=\"152\"><strong>Akronim<\/strong><\/td><td width=\"327\"><strong>Naslov<\/strong><\/td><td colspan=\"2\" width=\"160\"><strong>Trajanje<\/strong><\/td><\/tr><tr><td width=\"170\">Interreg SI-AT 2014-2020<\/td><td width=\"152\">PalaeoDiversiStyria<\/td><td width=\"327\"><a href=\"https:\/\/www.fkbv.um.si\/?p=1536\">Paleokrajina \u0160tajerske in njena biodiverziteta od prazgodovine do odkritja Novega sveta<\/a>\u00a0<\/td><td width=\"80\">1.10.2016<\/td><td width=\"80\">30.09.2019<\/td><\/tr><tr><td width=\"170\">Interreg Danube Programme 2014- 2020<\/td><td width=\"152\">Iron-Age-Danube<\/td><td width=\"327\"><a href=\"https:\/\/www.fkbv.um.si\/?p=1533\">Monumentalizirane krajine starej\u0161e \u017eelezne dobe v pore\u010dju Donave<\/a>\u00a0<\/td><td width=\"80\">1.01.2017<\/td><td width=\"80\">30.06.2019<\/td><\/tr><tr><td width=\"170\">Interreg Central Europe 2014-2020<\/td><td width=\"152\">TransFarm 4.0<\/td><td width=\"327\">Transnational collaborative system to bring precision farming innovative application closer to the market \u0190t address regional specializations<\/td><td width=\"80\">1.01.2019<\/td><td width=\"80\">30.06.2022<\/td><\/tr><tr><td width=\"170\">Interreg Adrion: OIS-AIR<\/td><td width=\"152\">\u00a0<\/td><td width=\"327\">Smart canopy monitoring system for reduction of plant protection agent use\u00a0<\/td><td width=\"80\">15.11.2019<\/td><td width=\"80\">30.09.2020<\/td><\/tr><tr><td width=\"170\">ERASMUS +<\/td><td width=\"152\">\u00a0VIRAL<\/td><td width=\"327\"><a href=\"https:\/\/www.fkbv.um.si\/?p=1483\">Vitalising ICT Relevance in Agricultural Learning<\/a>\u00a0<\/td><td width=\"80\">1.11.2019<\/td><td width=\"80\">30.09.2023<\/td><\/tr><tr><td width=\"170\">ERASMUS +<\/td><td width=\"152\">BIOTE(A)CH<\/td><td width=\"327\">Bridging the Gap Between Biotechnology and Industry:<br \/>Integrating Design Thinking and Flipped Learning<\/td><td width=\"80\">30.12.2022<\/td><td width=\"80\">29.12.2024<\/td><\/tr><tr><td width=\"170\">H2020<\/td><td width=\"152\">EJP SOIL<\/td><td width=\"327\">\u00a0Towards climate-smart sustainable management of agricultural soils\u00a0<\/td><td>1.02.2020<\/td><td>31.01.2025<\/td><\/tr><tr><td width=\"170\">HE<\/td><td width=\"152\">PrAEctiCe\u00a0<\/td><td width=\"327\">Potentials of Agroecological practices in east africa with a focus on Circular water-energy-nutrient systems<\/td><td>1.11.2022<\/td><td>30.04.2026<\/td><\/tr><tr><td width=\"170\">HE<\/td><td width=\"152\">ARACNE<\/td><td width=\"327\"><a href=\"https:\/\/www.fkbv.um.si\/?p=14812\">Advocating the role of silk art and cultural heritage at national and european scale<\/a><\/td><td>1.03.2023<\/td><td>28.02.2026<\/td><\/tr><\/tbody><\/table><\/div>\n\t\t\t\t<\/div>\n\t\t\t\t\t\t\t<div class=\"elementor-accordion-item\">\n\t\t\t\t\t<div id=\"elementor-tab-title-1932\" class=\"elementor-tab-title\" data-tab=\"2\" role=\"button\" aria-controls=\"elementor-tab-content-1932\" aria-expanded=\"false\">\n\t\t\t\t\t\t\t\t\t\t\t\t\t<span class=\"elementor-accordion-icon elementor-accordion-icon-left\" aria-hidden=\"true\">\n\t\t\t\t\t\t\t\t\t\t\t\t\t\t\t<span class=\"elementor-accordion-icon-closed\"><i class=\"fas fa-plus\"><\/i><\/span>\n\t\t\t\t\t\t\t\t<span class=\"elementor-accordion-icon-opened\"><i class=\"fas fa-minus\"><\/i><\/span>\n\t\t\t\t\t\t\t\t\t\t\t\t\t\t<\/span>\n\t\t\t\t\t\t\t\t\t\t\t\t<a class=\"elementor-accordion-title\" tabindex=\"0\">Student projects<\/a>\n\t\t\t\t\t<\/div>\n\t\t\t\t\t<div id=\"elementor-tab-content-1932\" class=\"elementor-tab-content elementor-clearfix\" data-tab=\"2\" role=\"region\" aria-labelledby=\"elementor-tab-title-1932\"><table width=\"750\"><tbody><tr><td width=\"125\">Program<\/td><td width=\"98\">Akronim<\/td><td width=\"269\">Naslov<\/td><td colspan=\"2\" width=\"258\">Trajanje<\/td><\/tr><tr><td>\u0160IPK<\/td><td>AGRO-LIKE<\/td><td width=\"269\"><a href=\"https:\/\/www.fkbv.um.si\/wp-content\/uploads\/2021\/11\/kbv-projekt-1-4.pdf\">Popularizacija kmetijstva kot gospodarske dejavnosti med generacijo Z <\/a> <\/td><td>1.03.2020<\/td><td>30.06.2020<\/td><\/tr><tr><td>\u0160IPK<\/td><td>KONJI<\/td><td width=\"269\">Analiza stanja in mo\u017enosti razvoja konjeni\u0161tva kot poslovne ideje<\/td><td>1.03.2020<\/td><td>30.06.2020<\/td><\/tr><tr><td>\u0160IPK<\/td><td>C-Gro\u017enice<\/td><td width=\"269\">Cianogeni glikozidi v rastlinah iz dru\u017eine ro\u017enic na obmo\u010dju nekdanjega grajskega parka<\/td><td>1.04.2020<\/td><td>31.07.2020<\/td><\/tr><tr><td>\u0160IPK<\/td><td>INTSPRAY<\/td><td width=\"269\">Sistem za pametni nanos fitofarmacevtskih sredstev<\/td><td>1.02.2020<\/td><td>31.05.2020<\/td><\/tr><tr><td>\u0160IPK<\/td><td>S\u017dPPD<\/td><td width=\"269\">SPREMLJANJE \u017dARI\u0160\u010c POJAVA PODLUBNIKOV Z UPORABO DRONA<\/td><td>1.03.2020<\/td><td>30.06.2020<\/td><\/tr><tr><td>PKP<\/td><td>NIGTRN<\/td><td width=\"269\">Na\u010drtovanje in izdelava RTK GPS navigacijskega sistema namenjenega za uporabo v trajnih nasadih<\/td><td>1.03.2020<\/td><td>31.07.2020<\/td><\/tr><tr><td>PKP<\/td><td>CROSS-LP<\/td><td width=\"269\"><a href=\"https:\/\/www.fkbv.um.si\/wp-content\/uploads\/2021\/11\/PRILOGA_10_PKP_CROSS-LP.pdf\">Navzkri\u017eno tr\u017eenje v gostinstvu: korak k inovativni ponudbi turisti\u010dne destinacije Lovrenc na Pohorju\u00a0<\/a><\/td><td>1.02.2020<\/td><td>30.06.2020<\/td><\/tr><tr><td>PKP<\/td><td>VAOSSS<\/td><td width=\"269\">Ocena primernosti sort sladkorne pese za pridelavo v Sloveniji z uporabo ve\u010dkriterijske analize<\/td><td>1.02.2020<\/td><td>30.06.2020<\/td><\/tr><\/tbody><\/table><\/div>\n\t\t\t\t<\/div>\n\t\t\t\t\t\t\t\t<\/div>\n\t\t\t\t\t\t<\/div>\n\t\t\t\t<\/div>\n\t\t\t\t\t<\/div>\n\t\t<\/div>\n\t\t\t\t\t<\/div>\n\t\t<\/section>\n\t\t\t\t<section class=\"elementor-section elementor-top-section elementor-element elementor-element-518625f8 elementor-section-boxed elementor-section-height-default elementor-section-height-default\" data-id=\"518625f8\" data-element_type=\"section\" data-e-type=\"section\">\n\t\t\t\t\t\t<div class=\"elementor-container elementor-column-gap-default\">\n\t\t\t\t\t<div class=\"elementor-column elementor-col-100 elementor-top-column elementor-element elementor-element-50c3fcfd\" data-id=\"50c3fcfd\" data-element_type=\"column\" data-e-type=\"column\">\n\t\t\t<div class=\"elementor-widget-wrap elementor-element-populated\">\n\t\t\t\t\t\t<div class=\"elementor-element elementor-element-11f0d353 elementor-widget__width-initial elementor-fixed elementor-view-default elementor-widget elementor-widget-icon\" data-id=\"11f0d353\" data-element_type=\"widget\" data-e-type=\"widget\" id=\"scrollToTheTop\" data-settings=\"{&quot;_position&quot;:&quot;fixed&quot;,&quot;_animation&quot;:&quot;none&quot;}\" data-widget_type=\"icon.default\">\n\t\t\t\t<div class=\"elementor-widget-container\">\n\t\t\t\t\t\t\t<div class=\"elementor-icon-wrapper\">\n\t\t\t<a class=\"elementor-icon elementor-animation-grow\" href=\"#scrollToTheTop\">\n\t\t\t<i aria-hidden=\"true\" class=\"fas fa-chevron-circle-up\"><\/i>\t\t\t<\/a>\n\t\t<\/div>\n\t\t\t\t\t\t<\/div>\n\t\t\t\t<\/div>\n\t\t\t\t\t<\/div>\n\t\t<\/div>\n\t\t\t\t\t<\/div>\n\t\t<\/section>\n\t\t\t\t<\/div>\n\t\t","protected":false},"excerpt":{"rendered":"<p>PROJects International projects EU Programmes Program Akronim Naslov Trajanje Interreg SI-AT 2014-2020 PalaeoDiversiStyria Paleokrajina \u0160tajerske in njena biodiverziteta od prazgodovine do odkritja Novega sveta\u00a0 1.10.2016 30.09.2019 Interreg Danube Programme 2014- 2020 Iron-Age-Danube Monumentalizirane krajine starej\u0161e \u017eelezne dobe v pore\u010dju Donave\u00a0 1.01.2017 30.06.2019 Interreg Central Europe 2014-2020 TransFarm 4.0 Transnational collaborative system to bring precision farming [&hellip;]<\/p>\n","protected":false},"author":1,"featured_media":0,"parent":0,"menu_order":0,"comment_status":"closed","ping_status":"closed","template":"elementor_header_footer","meta":{"ocean_post_layout":"","ocean_both_sidebars_style":"","ocean_both_sidebars_content_width":0,"ocean_both_sidebars_sidebars_width":0,"ocean_sidebar":"0","ocean_second_sidebar":"0","ocean_disable_margins":"enable","ocean_add_body_class":"","ocean_shortcode_before_top_bar":"","ocean_shortcode_after_top_bar":"","ocean_shortcode_before_header":"","ocean_shortcode_after_header":"","ocean_has_shortcode":"","ocean_shortcode_after_title":"","ocean_shortcode_before_footer_widgets":"","ocean_shortcode_after_footer_widgets":"","ocean_shortcode_before_footer_bottom":"","ocean_shortcode_after_footer_bottom":"","ocean_display_top_bar":"default","ocean_display_header":"default","ocean_header_style":"","ocean_center_header_left_menu":"0","ocean_custom_header_template":"0","ocean_custom_logo":0,"ocean_custom_retina_logo":0,"ocean_custom_logo_max_width":0,"ocean_custom_logo_tablet_max_width":0,"ocean_custom_logo_mobile_max_width":0,"ocean_custom_logo_max_height":0,"ocean_custom_logo_tablet_max_height":0,"ocean_custom_logo_mobile_max_height":0,"ocean_header_custom_menu":"0","ocean_menu_typo_font_family":"0","ocean_menu_typo_font_subset":"","ocean_menu_typo_font_size":0,"ocean_menu_typo_font_size_tablet":0,"ocean_menu_typo_font_size_mobile":0,"ocean_menu_typo_font_size_unit":"px","ocean_menu_typo_font_weight":"","ocean_menu_typo_font_weight_tablet":"","ocean_menu_typo_font_weight_mobile":"","ocean_menu_typo_transform":"","ocean_menu_typo_transform_tablet":"","ocean_menu_typo_transform_mobile":"","ocean_menu_typo_line_height":0,"ocean_menu_typo_line_height_tablet":0,"ocean_menu_typo_line_height_mobile":0,"ocean_menu_typo_line_height_unit":"","ocean_menu_typo_spacing":0,"ocean_menu_typo_spacing_tablet":0,"ocean_menu_typo_spacing_mobile":0,"ocean_menu_typo_spacing_unit":"","ocean_menu_link_color":"","ocean_menu_link_color_hover":"","ocean_menu_link_color_active":"","ocean_menu_link_background":"","ocean_menu_link_hover_background":"","ocean_menu_link_active_background":"","ocean_menu_social_links_bg":"","ocean_menu_social_hover_links_bg":"","ocean_menu_social_links_color":"","ocean_menu_social_hover_links_color":"","ocean_disable_title":"default","ocean_disable_heading":"default","ocean_post_title":"","ocean_post_subheading":"","ocean_post_title_style":"","ocean_post_title_background_color":"","ocean_post_title_background":0,"ocean_post_title_bg_image_position":"","ocean_post_title_bg_image_attachment":"","ocean_post_title_bg_image_repeat":"","ocean_post_title_bg_image_size":"","ocean_post_title_height":0,"ocean_post_title_bg_overlay":0.5,"ocean_post_title_bg_overlay_color":"","ocean_disable_breadcrumbs":"default","ocean_breadcrumbs_color":"","ocean_breadcrumbs_separator_color":"","ocean_breadcrumbs_links_color":"","ocean_breadcrumbs_links_hover_color":"","ocean_display_footer_widgets":"default","ocean_display_footer_bottom":"default","ocean_custom_footer_template":"0","footnotes":""},"folder":[],"class_list":["post-1798","page","type-page","status-publish","hentry","entry"],"publishpress_future_action":{"enabled":false,"date":"2026-05-08 13:55:27","action":"change-status","newStatus":"draft","terms":[],"taxonomy":"folder","extraData":[]},"publishpress_future_workflow_manual_trigger":{"enabledWorkflows":[]},"_links":{"self":[{"href":"https:\/\/www.fkbv.um.si\/index.php?rest_route=\/wp\/v2\/pages\/1798","targetHints":{"allow":["GET"]}}],"collection":[{"href":"https:\/\/www.fkbv.um.si\/index.php?rest_route=\/wp\/v2\/pages"}],"about":[{"href":"https:\/\/www.fkbv.um.si\/index.php?rest_route=\/wp\/v2\/types\/page"}],"author":[{"embeddable":true,"href":"https:\/\/www.fkbv.um.si\/index.php?rest_route=\/wp\/v2\/users\/1"}],"replies":[{"embeddable":true,"href":"https:\/\/www.fkbv.um.si\/index.php?rest_route=%2Fwp%2Fv2%2Fcomments&post=1798"}],"version-history":[{"count":7,"href":"https:\/\/www.fkbv.um.si\/index.php?rest_route=\/wp\/v2\/pages\/1798\/revisions"}],"predecessor-version":[{"id":14863,"href":"https:\/\/www.fkbv.um.si\/index.php?rest_route=\/wp\/v2\/pages\/1798\/revisions\/14863"}],"wp:attachment":[{"href":"https:\/\/www.fkbv.um.si\/index.php?rest_route=%2Fwp%2Fv2%2Fmedia&parent=1798"}],"wp:term":[{"taxonomy":"folder","embeddable":true,"href":"https:\/\/www.fkbv.um.si\/index.php?rest_route=%2Fwp%2Fv2%2Ffolder&post=1798"}],"curies":[{"name":"wp","href":"https:\/\/api.w.org\/{rel}","templated":true}]}}