{"id":17682,"date":"2023-09-27T08:45:30","date_gmt":"2023-09-27T08:45:30","guid":{"rendered":"https:\/\/www.fkbv.um.si\/?page_id=17682"},"modified":"2023-09-27T09:42:23","modified_gmt":"2023-09-27T09:42:23","slug":"projekt-eip-16-2-visokostorilna-trajnostna-pridelava-jabolk","status":"publish","type":"page","link":"https:\/\/www.fkbv.um.si\/?page_id=17682","title":{"rendered":"Projekt EIP 16.2 VISOKOSTORILNA TRAJNOSTNA PRIDELAVA JABOLK"},"content":{"rendered":"\t\t<div data-elementor-type=\"wp-page\" data-elementor-id=\"17682\" class=\"elementor elementor-17682\" data-elementor-post-type=\"page\">\n\t\t\t\t\t\t<section class=\"elementor-section elementor-top-section elementor-element elementor-element-3193328 elementor-section-boxed elementor-section-height-default elementor-section-height-default\" data-id=\"3193328\" data-element_type=\"section\" data-e-type=\"section\">\n\t\t\t\t\t\t<div class=\"elementor-container elementor-column-gap-default\">\n\t\t\t\t\t<div class=\"elementor-column elementor-col-100 elementor-top-column elementor-element elementor-element-cacbb42\" data-id=\"cacbb42\" data-element_type=\"column\" data-e-type=\"column\">\n\t\t\t<div class=\"elementor-widget-wrap elementor-element-populated\">\n\t\t\t\t\t\t<div class=\"elementor-element elementor-element-c411495 elementor-widget elementor-widget-spacer\" data-id=\"c411495\" data-element_type=\"widget\" data-e-type=\"widget\" data-widget_type=\"spacer.default\">\n\t\t\t\t<div class=\"elementor-widget-container\">\n\t\t\t\t\t\t\t<div class=\"elementor-spacer\">\n\t\t\t<div class=\"elementor-spacer-inner\"><\/div>\n\t\t<\/div>\n\t\t\t\t\t\t<\/div>\n\t\t\t\t<\/div>\n\t\t\t\t<div class=\"elementor-element elementor-element-a5fe400 elementor-widget elementor-widget-heading\" data-id=\"a5fe400\" data-element_type=\"widget\" data-e-type=\"widget\" data-widget_type=\"heading.default\">\n\t\t\t\t<div class=\"elementor-widget-container\">\n\t\t\t\t\t<h1 class=\"elementor-heading-title elementor-size-default\">PROJEKT EIP 16.2 VISOKOSTORILNA TRAJNOSTNA PRIDELAVA JABOLK<\/h1>\t\t\t\t<\/div>\n\t\t\t\t<\/div>\n\t\t\t\t\t<\/div>\n\t\t<\/div>\n\t\t\t\t\t<\/div>\n\t\t<\/section>\n\t\t\t\t<section class=\"elementor-section elementor-top-section elementor-element elementor-element-2c3cb23 elementor-section-boxed elementor-section-height-default elementor-section-height-default\" data-id=\"2c3cb23\" data-element_type=\"section\" data-e-type=\"section\">\n\t\t\t\t\t\t<div class=\"elementor-container elementor-column-gap-default\">\n\t\t\t\t\t<div class=\"elementor-column elementor-col-100 elementor-top-column elementor-element elementor-element-5e86bb6\" data-id=\"5e86bb6\" data-element_type=\"column\" data-e-type=\"column\">\n\t\t\t<div class=\"elementor-widget-wrap\">\n\t\t\t\t\t\t\t<\/div>\n\t\t<\/div>\n\t\t\t\t\t<\/div>\n\t\t<\/section>\n\t\t\t\t<section class=\"elementor-section elementor-top-section elementor-element elementor-element-a03d13a elementor-section-boxed elementor-section-height-default elementor-section-height-default\" data-id=\"a03d13a\" data-element_type=\"section\" data-e-type=\"section\">\n\t\t\t\t\t\t<div class=\"elementor-container elementor-column-gap-default\">\n\t\t\t\t\t<div class=\"elementor-column elementor-col-100 elementor-top-column elementor-element elementor-element-acba0e7\" data-id=\"acba0e7\" data-element_type=\"column\" data-e-type=\"column\">\n\t\t\t<div class=\"elementor-widget-wrap elementor-element-populated\">\n\t\t\t\t\t\t<div class=\"elementor-element elementor-element-7dc7435 elementor-invisible elementor-widget elementor-widget-toggle\" data-id=\"7dc7435\" data-element_type=\"widget\" data-e-type=\"widget\" data-settings=\"{&quot;_animation&quot;:&quot;fadeIn&quot;,&quot;_animation_delay&quot;:100}\" data-widget_type=\"toggle.default\">\n\t\t\t\t<div class=\"elementor-widget-container\">\n\t\t\t\t\t\t\t<div class=\"elementor-toggle\">\n\t\t\t\t\t\t\t<div class=\"elementor-toggle-item\">\n\t\t\t\t\t<h3 id=\"elementor-tab-title-1311\" class=\"elementor-tab-title\" data-tab=\"1\" role=\"button\" aria-controls=\"elementor-tab-content-1311\" aria-expanded=\"false\">\n\t\t\t\t\t\t\t\t\t\t\t\t<span class=\"elementor-toggle-icon elementor-toggle-icon-right\" aria-hidden=\"true\">\n\t\t\t\t\t\t\t\t\t\t\t\t\t\t\t<span class=\"elementor-toggle-icon-closed\"><i class=\"fas fa-angle-down\"><\/i><\/span>\n\t\t\t\t\t\t\t\t<span class=\"elementor-toggle-icon-opened\"><i class=\"elementor-toggle-icon-opened fas fa-angle-up\"><\/i><\/span>\n\t\t\t\t\t\t\t\t\t\t\t\t\t<\/span>\n\t\t\t\t\t\t\t\t\t\t\t\t<a class=\"elementor-toggle-title\" tabindex=\"0\">Predstavitev projekta<\/a>\n\t\t\t\t\t<\/h3>\n\n\t\t\t\t\t<div id=\"elementor-tab-content-1311\" class=\"elementor-tab-content elementor-clearfix\" data-tab=\"1\" role=\"region\" aria-labelledby=\"elementor-tab-title-1311\"><p><img decoding=\"async\" class=\"size-medium wp-image-17701 aligncenter\" src=\"https:\/\/www.fkbv.um.si\/wp-content\/uploads\/2023\/09\/0-LOGO-PROJEKTA-EIP-PRP-LOGO-300x143.png\" alt=\"\" width=\"300\" height=\"143\" srcset=\"https:\/\/www.fkbv.um.si\/wp-content\/uploads\/2023\/09\/0-LOGO-PROJEKTA-EIP-PRP-LOGO-300x143.png 300w, https:\/\/www.fkbv.um.si\/wp-content\/uploads\/2023\/09\/0-LOGO-PROJEKTA-EIP-PRP-LOGO-1024x487.png 1024w, https:\/\/www.fkbv.um.si\/wp-content\/uploads\/2023\/09\/0-LOGO-PROJEKTA-EIP-PRP-LOGO-768x365.png 768w, https:\/\/www.fkbv.um.si\/wp-content\/uploads\/2023\/09\/0-LOGO-PROJEKTA-EIP-PRP-LOGO.png 1085w\" sizes=\"(max-width: 300px) 100vw, 300px\" \/><\/p><p><img fetchpriority=\"high\" decoding=\"async\" class=\"size-medium wp-image-17703 aligncenter\" src=\"https:\/\/www.fkbv.um.si\/wp-content\/uploads\/2023\/09\/2-Monografija-EIP-16.2-210x300.png\" alt=\"\" width=\"210\" height=\"300\" srcset=\"https:\/\/www.fkbv.um.si\/wp-content\/uploads\/2023\/09\/2-Monografija-EIP-16.2-210x300.png 210w, https:\/\/www.fkbv.um.si\/wp-content\/uploads\/2023\/09\/2-Monografija-EIP-16.2.png 647w\" sizes=\"(max-width: 210px) 100vw, 210px\" \/><\/p><p style=\"text-align: center;\"><img decoding=\"async\" class=\"size-medium wp-image-17705 aligncenter\" src=\"https:\/\/www.fkbv.um.si\/wp-content\/uploads\/2023\/09\/0-FB-QR-KODA-300x300.png\" alt=\"\" width=\"300\" height=\"300\" srcset=\"https:\/\/www.fkbv.um.si\/wp-content\/uploads\/2023\/09\/0-FB-QR-KODA-300x300.png 300w, https:\/\/www.fkbv.um.si\/wp-content\/uploads\/2023\/09\/0-FB-QR-KODA-150x150.png 150w, https:\/\/www.fkbv.um.si\/wp-content\/uploads\/2023\/09\/0-FB-QR-KODA-768x765.png 768w, https:\/\/www.fkbv.um.si\/wp-content\/uploads\/2023\/09\/0-FB-QR-KODA-600x600.png 600w, https:\/\/www.fkbv.um.si\/wp-content\/uploads\/2023\/09\/0-FB-QR-KODA.png 920w\" sizes=\"(max-width: 300px) 100vw, 300px\" \/><\/p><p><a href=\"http:\/\/www.program-podezelja.si\/\">www.program-podezelja.si\/<\/a><\/p><p><a href=\"https:\/\/ec.europa.eu\/info\/food-farming-fisheries\/key-policies\/common-agricultural-policy\/rural-development_en\">https:\/\/ec.europa.eu\/info\/food-farming-fisheries\/key-policies\/common-agricultural-policy\/rural-development_en<\/a><\/p><p><a href=\"https:\/\/www.facebook.com\/visokostorilnatrajnostnapridelavajabolk\/\">https:\/\/www.facebook.com\/visokostorilnatrajnostnapridelavajabolk\/<\/a><\/p><p>\u00a0<\/p><p>Projekt EIP (Evropsko partnerstvo za inovacije) z naslovom Visokostorilna trajnostna pridelava jabolk se izvaja v okviru ukrepa M16: Sodelovanje iz Programa razvoja pode\u017eelja 2014-2020, podukrepa 16.2: Razvoj novih proizvodov, praks, procesov in tehnologij.<\/p><p>SESTAVA PARTNERSTVA:<\/p><p><strong>Vodilni partner<\/strong>: Univerza v Mariboru<\/p><p><strong>Vodja projekta<\/strong>: Prof. dr. Stanislav Tojnko (stanislav.tojnko@um.si)<\/p><p><strong>Projektni partnerji<\/strong>:<\/p><p>\u00a0<\/p><ul><li>Univerza v Ljubljani<\/li><\/ul><p><em><a href=\"https:\/\/www.bf.uni-lj.si\/sl\/organiziranost\/agronomija\/raziskave\/raziskovalni-projekti\/144\/visokostorilna-trajnostna-pridelava-jabolk\">https:\/\/www.bf.uni-lj.si\/sl\/organiziranost\/agronomija\/raziskave\/raziskovalni-projekti\/144\/visokostorilna-trajnostna-pridelava-jabolk<\/a><\/em><\/p><ul><li>Kmetijsko gozdarski zavod Maribor<\/li><\/ul><p><em><a href=\"https:\/\/www.kmetijski-zavod.si\/sl-si\/razpisi-in-projekti\/projekti\/nacionalni-projekti\/eip-visokostorilna-trajnostna-pridelava-jabolk\">https:\/\/www.kmetijski-zavod.si\/sl-si\/razpisi-in-projekti\/projekti\/nacionalni-projekti\/eip-visokostorilna-trajnostna-pridelava-jabolk<\/a><\/em><\/p><ul><li>Kmetijsko gozdarski zavod Murska Sobota<\/li><\/ul><p><em><a href=\"http:\/\/www.kgzs-ms.si\/program-razvoja-podezelja\/podpora-za-pilotne-projekte-ter-za-razvoj-novih-proizvodov-praks-procesov-in-tehnologij\/visokostorilna-trajnostna-pridelava-jabolk\/\">http:\/\/www.kgzs-ms.si\/program-razvoja-podezelja\/podpora-za-pilotne-projekte-ter-za-razvoj-novih-proizvodov-praks-procesov-in-tehnologij\/visokostorilna-trajnostna-pridelava-jabolk\/<\/a><\/em><\/p><ul><li>Kmetijsko gozdarski zavod Novo mesto<\/li><\/ul><p><em><a href=\"http:\/\/www.kmetijskizavod-nm.si\/page\/visokostorilna-trajnostna-pridelava-jabolk\">http:\/\/www.kmetijskizavod-nm.si\/page\/visokostorilna-trajnostna-pridelava-jabolk<\/a><\/em><\/p><ul><li>Kmetijsko gozdarski zavod Ljubljana<\/li><\/ul><p><em><a href=\"https:\/\/lj.kgzs.si\/aktualni-projekti\/prp\">https:\/\/lj.kgzs.si\/aktualni-projekti\/prp<\/a><\/em><\/p><ul><li>Kmetijski in\u0161titut Slovenije<\/li><\/ul><p><em><a href=\"https:\/\/www.kis.si\/Projekti_OSVV\/\">https:\/\/www.kis.si\/Projekti_OSVV\/<\/a><\/em><\/p><ul><li>Kmetijsko gozdarska zadruga Sava z.o.o.<\/li><\/ul><p><em><a href=\"https:\/\/kgz-sava.si\/\">https:\/\/kgz-sava.si\/<\/a><\/em><\/p><ul><li>MIROSAN d.o.o.<\/li><\/ul><p><em><a href=\"https:\/\/www.mirosan.si\/\">https:\/\/www.mirosan.si\/<\/a><\/em><\/p><ul><li>EVROSAD d.o.o. Kr\u0161ko<\/li><\/ul><p><em><a href=\"https:\/\/www.evrosad.si\/\">https:\/\/www.evrosad.si\/<\/a><\/em><\/p><ul><li>Mohor Hole\u0161ek<\/li><li>KARLOV\u010cEK d.o.o.<\/li><\/ul><p><em><a href=\"https:\/\/www.kmetija-karlovcek.si\/\">https:\/\/www.kmetija-karlovcek.si\/<\/a><\/em><\/p><ul><li>Kmetija Novak<\/li><li>Kmetija Juhart<\/li><li>Kmetija \u0160u\u0161teri\u010d<\/li><\/ul><p>\u00a0<\/p><p><strong>Trajanje projekta: 22.11.2019 \u2013 23.11.2022<\/strong><\/p><p>\u00a0<\/p><p><strong>Opis in cilji projekta<\/strong>:<\/p><p>V demonstracijsko poskusnih nasadih bomo zdru\u017eili vse v zadnjih letih presku\u0161ane pridelovalne tehnike za doseganje naslednjega klju\u010dnega cilja: trajnostna in svetovno konkuren\u010dna pridelava prvovrstnih slovenskih jabolk, pridelanih s sintezo tehnolo\u0161kih ukrepov za zmanj\u0161evanje obremenitev okolja, zmanj\u0161evanje pridelovalnih tveganj zaradi podnebnih sprememb, doseganje najvi\u0161jih tr\u017eenjskih standardov in zadovoljevanje pri\u010dakovanj najzahtevnej\u0161ih kupcev.<\/p><p>\u00a0<\/p><p><strong>Na\u010drtovane aktivnosti projekta<\/strong>:<\/p><ul><li>Izdelane analize sadovnjakov, vklju\u010denih v projekt,<\/li><li>Izdelani na\u010drti za izvedbo predvidenih tehnolo\u0161kih ukrepov za vsak nasad.<\/li><li>Zasnovanje poskusov za izbolj\u0161anje tehnologij v pridelavi jabolk na 8 kmetijskih gospodarstvih.<\/li><li>Vzpostavitev skladi\u0161\u010denja v dinami\u010dni in ULO atmosferi.<\/li><li>Izvajanje tehnologij:<ul><li>oskrba tal,<\/li><li>pomotehni\u010dni ukrepi,<\/li><li>regulacija pridelka,<\/li><li>varstvo rastlin,<\/li><li>spravilo pridelka in<\/li><li>skladi\u0161\u010denje pridelka.<\/li><\/ul><\/li><li>Spremljanje, nadziranje in po strokovni presoji korigiranje nove tehnologije glede na specifi\u010dne okoli\u0161\u010dine na kmetijskem gospodarstvu.<\/li><li>Vrednotenje rezultatov izbolj\u0161anih tehnologij na vsakem kmetijskem gospodarstvu ter objava le-teh na spletni strani vodilnega partnerja.<\/li><li>Na osmih kmetijskih gospodarstvih preizku\u0161eni tehnolo\u0161ki ukrepi<\/li><li>Izvedeni strokovni ogledi za \u0161irjenje izku\u0161enj o zvi\u0161anju produktivnosti pridelave jabolk in varovanja okolja<\/li><li>Izdelana analiza izvedljivosti prenosa<\/li><li>Projektnih re\u0161itev za pove\u010danje produktivnosti kmetijske pridelave in ohranjanja okolja<\/li><li>Izvedba predavanj in tehnolo\u0161kih kro\u017ekov s predstavitvijo pridobljenega znanja v okviru prakti\u010dnega preizkusa za kmetijska gospodarstva, ki niso \u010dlani partnerstva<\/li><li>Izvedba predavanja in delavnice s predstavitvijo pridobljenega znanja v okviru prakti\u010dnega preizkusa, za ostale strokovnjake s podro\u010dja kmetijstva<\/li><li>Izku\u0161nje in znanje o uporabi novega modela pridelave predstavljeno na konferenci oz. simpoziju za \u0161irjenje rezultatov projekta<\/li><li>Izdelana pisna in multimedijska tehnolo\u0161ka navodila za novi model pridelave jabolk.<\/li><\/ul><p>\u00a0<\/p><p><strong>Pri\u010dakovani rezultati projekta<\/strong>:<\/p><ul><li>Izbira ustreznih sadovnjakov in strojev za izvedbo novih tehnologij.<\/li><li>Usposabljanje vseh \u010dlanov partnerstva za uspe\u0161no izvajanje novih tehnologij.<\/li><li>Za\u010detek izvajanje novih tehnolo\u0161kih ukrepov in vrednotenje prvih rezultatov koli\u010dine in kakovosti pridelka.<\/li><li>Rezultati bodo vodilo za izdelavo na\u010drta izvedbe ukrepov za naslednje leto 2021.<\/li><li>Izvedba tehnolo\u0161kih kro\u017ekov za \u0161irjenje znanja v okviru prakti\u010dnega preizkusa.<\/li><li>Rezultati iz osmih kmetijskih gospodarstev bodo vodilo za korekcijo v prvem letu na\u010drtovane tehnologije.<\/li><li>Izvedba tehnolo\u0161kih kro\u017ekov za \u0161irjenje znanja v okviru prakti\u010dnega preizkusa.<\/li><li>Uspe\u0161no izvedeni novi tehnolo\u0161ki ukrepi na ve\u010dini kmetijskih gospodarstev bodo osnova za promocijo \u2013 \u0161irjenje med ostale Slovenske sadjarje in \u0161ir\u0161o javnost.<\/li><li>Analiza in definiranje rezultatov bodo osnova za izdelavo tehnolo\u0161kih navodil.<\/li><\/ul><\/div>\n\t\t\t\t<\/div>\n\t\t\t\t\t\t\t<div class=\"elementor-toggle-item\">\n\t\t\t\t\t<h3 id=\"elementor-tab-title-1312\" class=\"elementor-tab-title\" data-tab=\"2\" role=\"button\" aria-controls=\"elementor-tab-content-1312\" aria-expanded=\"false\">\n\t\t\t\t\t\t\t\t\t\t\t\t<span class=\"elementor-toggle-icon elementor-toggle-icon-right\" aria-hidden=\"true\">\n\t\t\t\t\t\t\t\t\t\t\t\t\t\t\t<span class=\"elementor-toggle-icon-closed\"><i class=\"fas fa-angle-down\"><\/i><\/span>\n\t\t\t\t\t\t\t\t<span class=\"elementor-toggle-icon-opened\"><i class=\"elementor-toggle-icon-opened fas fa-angle-up\"><\/i><\/span>\n\t\t\t\t\t\t\t\t\t\t\t\t\t<\/span>\n\t\t\t\t\t\t\t\t\t\t\t\t<a class=\"elementor-toggle-title\" tabindex=\"0\">Raz\u0161irjanje rezultatov projekta<\/a>\n\t\t\t\t\t<\/h3>\n\n\t\t\t\t\t<div id=\"elementor-tab-content-1312\" class=\"elementor-tab-content elementor-clearfix\" data-tab=\"2\" role=\"region\" aria-labelledby=\"elementor-tab-title-1312\"><ol><li><span style=\"text-decoration: underline;\"><a href=\"https:\/\/www.fkbv.um.si\/wp-content\/uploads\/2023\/09\/1-CASOPIS-EIP-16.2.pdf\">PRISPEVEK O PROJEKTU V \u010cASNIKU VE\u010cER<\/a><\/span><\/li><li>OBJAVA STROKOVNE MONOGRAFIJE Uvajanje trajnostnih in visokostorilnih tehnologij v pridelavo jabolk<\/li><\/ol><p><img fetchpriority=\"high\" decoding=\"async\" class=\"size-medium wp-image-17703 aligncenter\" src=\"https:\/\/www.fkbv.um.si\/wp-content\/uploads\/2023\/09\/2-Monografija-EIP-16.2-210x300.png\" alt=\"\" width=\"210\" height=\"300\" srcset=\"https:\/\/www.fkbv.um.si\/wp-content\/uploads\/2023\/09\/2-Monografija-EIP-16.2-210x300.png 210w, https:\/\/www.fkbv.um.si\/wp-content\/uploads\/2023\/09\/2-Monografija-EIP-16.2.png 647w\" sizes=\"(max-width: 210px) 100vw, 210px\" \/><\/p><p style=\"text-align: center;\"><a href=\"https:\/\/press.um.si\/index.php\/ump\/catalog\/book\/779\"><span style=\"text-decoration: underline;\">Povezava do gradiva<\/span><\/a><\/p><p>\u00a0<\/p><ol start=\"2\"><li style=\"text-align: left;\">TV prispevki o projektu na oddaji Ljudje in zemlja<\/li><\/ol><p style=\"text-align: center;\"><a href=\"https:\/\/365.rtvslo.si\/arhiv\/ljudje-in-zemlja\/174713362\">https:\/\/365.rtvslo.si\/arhiv\/ljudje-in-zemlja\/174713362<\/a><\/p><p style=\"text-align: center;\"><a href=\"https:\/\/365.rtvslo.si\/arhiv\/ljudje-in-zemlja\/174776711\">https:\/\/365.rtvslo.si\/arhiv\/ljudje-in-zemlja\/174776711<\/a><\/p><p style=\"text-align: center;\"><a href=\"https:\/\/365.rtvslo.si\/arhiv\/ljudje-in-zemlja\/174910628\">https:\/\/365.rtvslo.si\/arhiv\/ljudje-in-zemlja\/174910628<\/a><\/p><ol style=\"text-align: center;\" start=\"3\"><li style=\"text-align: left;\">Avdio-video posnetki v okviru projekta \u2013 YouTube videi<\/li><\/ol><p style=\"text-align: center;\">Pridelava po sistemu &#8216;0,0 MRL&#8217; \u00e0 dr. Mario Le\u0161nik (UM FKBV) <br \/><a href=\"https:\/\/www.youtube.com\/watch?v=AzEEKDAXiNg\">https:\/\/www.youtube.com\/watch?v=AzEEKDAXiNg<\/a><\/p><p style=\"text-align: center;\">Izku\u0161nje z DCA skladi\u0161\u010denjem \u00e0 dr. Emil Zlati\u0107 (UL BF)<br \/><a href=\"https:\/\/www.youtube.com\/watch?v=JY7HEKpOIqc\">https:\/\/www.youtube.com\/watch?v=JY7HEKpOIqc<\/a><\/p><p style=\"text-align: center;\">Spravilo pridelka in optimizacija \u00e0 Safet Bra\u010dkovi\u0107 (Agrosad Germany)<br \/><a href=\"https:\/\/www.youtube.com\/watch?v=LJqWfj7FxbY\">https:\/\/www.youtube.com\/watch?v=LJqWfj7FxbY<\/a><\/p><\/div>\n\t\t\t\t<\/div>\n\t\t\t\t\t\t\t<div class=\"elementor-toggle-item\">\n\t\t\t\t\t<h3 id=\"elementor-tab-title-1313\" class=\"elementor-tab-title\" data-tab=\"3\" role=\"button\" aria-controls=\"elementor-tab-content-1313\" aria-expanded=\"false\">\n\t\t\t\t\t\t\t\t\t\t\t\t<span class=\"elementor-toggle-icon elementor-toggle-icon-right\" aria-hidden=\"true\">\n\t\t\t\t\t\t\t\t\t\t\t\t\t\t\t<span class=\"elementor-toggle-icon-closed\"><i class=\"fas fa-angle-down\"><\/i><\/span>\n\t\t\t\t\t\t\t\t<span class=\"elementor-toggle-icon-opened\"><i class=\"elementor-toggle-icon-opened fas fa-angle-up\"><\/i><\/span>\n\t\t\t\t\t\t\t\t\t\t\t\t\t<\/span>\n\t\t\t\t\t\t\t\t\t\t\t\t<a class=\"elementor-toggle-title\" tabindex=\"0\">Pove\u010devanje usposobljenosti<\/a>\n\t\t\t\t\t<\/h3>\n\n\t\t\t\t\t<div id=\"elementor-tab-content-1313\" class=\"elementor-tab-content elementor-clearfix\" data-tab=\"3\" role=\"region\" aria-labelledby=\"elementor-tab-title-1313\"><ol><li>PRVO USPOSABLJANJE \u2013 <span style=\"text-decoration: underline;\"><a href=\"https:\/\/www.fkbv.um.si\/wp-content\/uploads\/2023\/09\/3-PRVO-USPOSABLJANJE.pdf\">Povezava<\/a><\/span><\/li><\/ol><p>Gradivo prvega usposabljanja: <span style=\"text-decoration: underline;\"><a href=\"https:\/\/www.fkbv.um.si\/wp-content\/uploads\/2023\/09\/3-PRVO-USPOSABLJANJE-GRADIVO.pdf\">Povezava<\/a><\/span><\/p><ol start=\"2\"><li>DRUGO USPOSABLJANJE \u2013 <a href=\"https:\/\/www.fkbv.um.si\/wp-content\/uploads\/2023\/09\/4-DRUGO-USPOSABLJANJE.pdf\"><span style=\"text-decoration: underline;\">Povezava<\/span><\/a><\/li><\/ol><p>Gradivo drugega usposabljanja: <a href=\"https:\/\/www.fkbv.um.si\/wp-content\/uploads\/2023\/09\/4-DRUGO-USPOSABLJANJE-GRADIVO.pdf\"><span style=\"text-decoration: underline;\">Povezava<\/span><\/a><\/p><ol start=\"3\"><li>TRETJE USPOSABLJANJE \u2013 <a href=\"https:\/\/www.fkbv.um.si\/wp-content\/uploads\/2023\/09\/5-TRETJE-USPOSABLJANJE.pdf\"><span style=\"text-decoration: underline;\">Povezava<\/span><\/a><\/li><\/ol><p>Gradivo tretjega usposabljanja: <a href=\"https:\/\/www.fkbv.um.si\/wp-content\/uploads\/2023\/09\/5-TRETJE-USPOSABLJANJE-GRADIVO.pdf\"><span style=\"text-decoration: underline;\">Povezava<\/span><\/a><\/p><ol start=\"4\"><li>\u010cETRTO USPOSABLJANJE \u2013 <a href=\"https:\/\/www.fkbv.um.si\/wp-content\/uploads\/2023\/09\/6-CETRTO-USPOSABLJANJE.pdf\"><span style=\"text-decoration: underline;\">Povezava<\/span><\/a><\/li><\/ol><p>Gradivo \u010detrtega usposabljanja: <a href=\"https:\/\/www.fkbv.um.si\/wp-content\/uploads\/2023\/09\/6-CETRTO-USPOSABLJANJE-GRADIVO.pdf\"><span style=\"text-decoration: underline;\">Povezava<\/span><\/a><\/p><ol start=\"5\"><li>PETO USPOSABLJANJE \u2013 <a href=\"https:\/\/www.fkbv.um.si\/wp-content\/uploads\/2023\/09\/7-PETO-USPOSABLJANJE.pdf\"><span style=\"text-decoration: underline;\">Povezava<\/span><\/a><\/li><\/ol><p>Gradivo petega usposabljanja: <a href=\"https:\/\/www.fkbv.um.si\/wp-content\/uploads\/2023\/09\/7-PETO-USPOSABLJANJE-GRADIVO.pdf\"><span style=\"text-decoration: underline;\">Povezava<\/span><\/a><\/p><\/div>\n\t\t\t\t<\/div>\n\t\t\t\t\t\t\t\t<\/div>\n\t\t\t\t\t\t<\/div>\n\t\t\t\t<\/div>\n\t\t\t\t\t<\/div>\n\t\t<\/div>\n\t\t\t\t\t<\/div>\n\t\t<\/section>\n\t\t\t\t<\/div>\n\t\t","protected":false},"excerpt":{"rendered":"<p>PROJEKT EIP 16.2 VISOKOSTORILNA TRAJNOSTNA PRIDELAVA JABOLK Predstavitev projekta www.program-podezelja.si\/ https:\/\/ec.europa.eu\/info\/food-farming-fisheries\/key-policies\/common-agricultural-policy\/rural-development_en https:\/\/www.facebook.com\/visokostorilnatrajnostnapridelavajabolk\/ \u00a0 Projekt EIP (Evropsko partnerstvo za inovacije) z naslovom Visokostorilna trajnostna pridelava jabolk se izvaja v okviru ukrepa M16: Sodelovanje iz Programa razvoja pode\u017eelja 2014-2020, podukrepa 16.2: Razvoj novih proizvodov, praks, procesov in tehnologij. SESTAVA PARTNERSTVA: Vodilni partner: Univerza v Mariboru Vodja projekta: [&hellip;]<\/p>\n","protected":false},"author":1,"featured_media":0,"parent":0,"menu_order":0,"comment_status":"closed","ping_status":"closed","template":"elementor_header_footer","meta":{"ocean_post_layout":"","ocean_both_sidebars_style":"","ocean_both_sidebars_content_width":0,"ocean_both_sidebars_sidebars_width":0,"ocean_sidebar":"","ocean_second_sidebar":"","ocean_disable_margins":"enable","ocean_add_body_class":"","ocean_shortcode_before_top_bar":"","ocean_shortcode_after_top_bar":"","ocean_shortcode_before_header":"","ocean_shortcode_after_header":"","ocean_has_shortcode":"","ocean_shortcode_after_title":"","ocean_shortcode_before_footer_widgets":"","ocean_shortcode_after_footer_widgets":"","ocean_shortcode_before_footer_bottom":"","ocean_shortcode_after_footer_bottom":"","ocean_display_top_bar":"default","ocean_display_header":"default","ocean_header_style":"","ocean_center_header_left_menu":"","ocean_custom_header_template":"","ocean_custom_logo":0,"ocean_custom_retina_logo":0,"ocean_custom_logo_max_width":0,"ocean_custom_logo_tablet_max_width":0,"ocean_custom_logo_mobile_max_width":0,"ocean_custom_logo_max_height":0,"ocean_custom_logo_tablet_max_height":0,"ocean_custom_logo_mobile_max_height":0,"ocean_header_custom_menu":"","ocean_menu_typo_font_family":"","ocean_menu_typo_font_subset":"","ocean_menu_typo_font_size":0,"ocean_menu_typo_font_size_tablet":0,"ocean_menu_typo_font_size_mobile":0,"ocean_menu_typo_font_size_unit":"px","ocean_menu_typo_font_weight":"","ocean_menu_typo_font_weight_tablet":"","ocean_menu_typo_font_weight_mobile":"","ocean_menu_typo_transform":"","ocean_menu_typo_transform_tablet":"","ocean_menu_typo_transform_mobile":"","ocean_menu_typo_line_height":0,"ocean_menu_typo_line_height_tablet":0,"ocean_menu_typo_line_height_mobile":0,"ocean_menu_typo_line_height_unit":"","ocean_menu_typo_spacing":0,"ocean_menu_typo_spacing_tablet":0,"ocean_menu_typo_spacing_mobile":0,"ocean_menu_typo_spacing_unit":"","ocean_menu_link_color":"","ocean_menu_link_color_hover":"","ocean_menu_link_color_active":"","ocean_menu_link_background":"","ocean_menu_link_hover_background":"","ocean_menu_link_active_background":"","ocean_menu_social_links_bg":"","ocean_menu_social_hover_links_bg":"","ocean_menu_social_links_color":"","ocean_menu_social_hover_links_color":"","ocean_disable_title":"default","ocean_disable_heading":"default","ocean_post_title":"","ocean_post_subheading":"","ocean_post_title_style":"","ocean_post_title_background_color":"","ocean_post_title_background":0,"ocean_post_title_bg_image_position":"","ocean_post_title_bg_image_attachment":"","ocean_post_title_bg_image_repeat":"","ocean_post_title_bg_image_size":"","ocean_post_title_height":0,"ocean_post_title_bg_overlay":0.5,"ocean_post_title_bg_overlay_color":"","ocean_disable_breadcrumbs":"default","ocean_breadcrumbs_color":"","ocean_breadcrumbs_separator_color":"","ocean_breadcrumbs_links_color":"","ocean_breadcrumbs_links_hover_color":"","ocean_display_footer_widgets":"default","ocean_display_footer_bottom":"default","ocean_custom_footer_template":"","footnotes":""},"folder":[],"class_list":["post-17682","page","type-page","status-publish","hentry","entry"],"publishpress_future_action":{"enabled":false,"date":"2026-05-09 09:07:30","action":"change-status","newStatus":"draft","terms":[],"taxonomy":"folder","extraData":[]},"publishpress_future_workflow_manual_trigger":{"enabledWorkflows":[]},"_links":{"self":[{"href":"https:\/\/www.fkbv.um.si\/index.php?rest_route=\/wp\/v2\/pages\/17682","targetHints":{"allow":["GET"]}}],"collection":[{"href":"https:\/\/www.fkbv.um.si\/index.php?rest_route=\/wp\/v2\/pages"}],"about":[{"href":"https:\/\/www.fkbv.um.si\/index.php?rest_route=\/wp\/v2\/types\/page"}],"author":[{"embeddable":true,"href":"https:\/\/www.fkbv.um.si\/index.php?rest_route=\/wp\/v2\/users\/1"}],"replies":[{"embeddable":true,"href":"https:\/\/www.fkbv.um.si\/index.php?rest_route=%2Fwp%2Fv2%2Fcomments&post=17682"}],"version-history":[{"count":19,"href":"https:\/\/www.fkbv.um.si\/index.php?rest_route=\/wp\/v2\/pages\/17682\/revisions"}],"predecessor-version":[{"id":17773,"href":"https:\/\/www.fkbv.um.si\/index.php?rest_route=\/wp\/v2\/pages\/17682\/revisions\/17773"}],"wp:attachment":[{"href":"https:\/\/www.fkbv.um.si\/index.php?rest_route=%2Fwp%2Fv2%2Fmedia&parent=17682"}],"wp:term":[{"taxonomy":"folder","embeddable":true,"href":"https:\/\/www.fkbv.um.si\/index.php?rest_route=%2Fwp%2Fv2%2Ffolder&post=17682"}],"curies":[{"name":"wp","href":"https:\/\/api.w.org\/{rel}","templated":true}]}}