{"id":1608,"date":"2021-12-02T18:30:39","date_gmt":"2021-12-02T18:30:39","guid":{"rendered":"http:\/\/fkbv2.um.si\/?page_id=1608"},"modified":"2022-09-05T06:11:16","modified_gmt":"2022-09-05T06:11:16","slug":"koronavirus","status":"publish","type":"page","link":"https:\/\/www.fkbv.um.si\/?page_id=1608","title":{"rendered":"Koronavirus"},"content":{"rendered":"\t\t<div data-elementor-type=\"wp-page\" data-elementor-id=\"1608\" class=\"elementor elementor-1608\" data-elementor-post-type=\"page\">\n\t\t\t\t\t\t<header class=\"elementor-section elementor-top-section elementor-element elementor-element-29387599 elementor-section-height-min-height elementor-section-boxed elementor-section-height-default elementor-section-items-middle elementor-invisible\" data-id=\"29387599\" data-element_type=\"section\" data-e-type=\"section\" data-settings=\"{&quot;background_background&quot;:&quot;classic&quot;,&quot;animation&quot;:&quot;fadeIn&quot;,&quot;animation_delay&quot;:50}\">\n\t\t\t\t\t\t\t<div class=\"elementor-background-overlay\"><\/div>\n\t\t\t\t\t\t\t<div class=\"elementor-container elementor-column-gap-no\">\n\t\t\t\t\t<div class=\"elementor-column elementor-col-33 elementor-top-column elementor-element elementor-element-27bc686b\" data-id=\"27bc686b\" data-element_type=\"column\" data-e-type=\"column\">\n\t\t\t<div class=\"elementor-widget-wrap elementor-element-populated\">\n\t\t\t\t\t\t<div class=\"elementor-element elementor-element-74adce5d elementor-invisible elementor-widget elementor-widget-heading\" data-id=\"74adce5d\" data-element_type=\"widget\" data-e-type=\"widget\" data-settings=\"{&quot;_animation&quot;:&quot;fadeIn&quot;}\" data-widget_type=\"heading.default\">\n\t\t\t\t<div class=\"elementor-widget-container\">\n\t\t\t\t\t<h1 class=\"elementor-heading-title elementor-size-default\">\u0160tudiraj na FKBV<br><span style=\", sans-serif;font-size: 20px;font-style: normal;font-weight: 400;letter-spacing: 0.2px\">Visoko\u0161olski in univerzitetni \u0161tudijski programi prve, druge in tretje stopnje...<\/span><span style=\", sans-serif;font-size: 17px;font-style: normal;font-weight: 400;letter-spacing: 0.2px\"><\/span><\/h1>\t\t\t\t<\/div>\n\t\t\t\t<\/div>\n\t\t\t\t\t<\/div>\n\t\t<\/div>\n\t\t\t\t<div class=\"elementor-column elementor-col-33 elementor-top-column elementor-element elementor-element-71c0e91e\" data-id=\"71c0e91e\" data-element_type=\"column\" data-e-type=\"column\">\n\t\t\t<div class=\"elementor-widget-wrap elementor-element-populated\">\n\t\t\t\t\t\t\t<\/div>\n\t\t<\/div>\n\t\t\t\t<div class=\"elementor-column elementor-col-33 elementor-top-column elementor-element elementor-element-61048e38\" data-id=\"61048e38\" data-element_type=\"column\" data-e-type=\"column\">\n\t\t\t<div class=\"elementor-widget-wrap\">\n\t\t\t\t\t\t\t<\/div>\n\t\t<\/div>\n\t\t\t\t\t<\/div>\n\t\t<\/header>\n\t\t\t\t<section class=\"elementor-section elementor-top-section elementor-element elementor-element-1c98d606 elementor-section-boxed elementor-section-height-default elementor-section-height-default\" data-id=\"1c98d606\" data-element_type=\"section\" data-e-type=\"section\" data-settings=\"{&quot;background_background&quot;:&quot;classic&quot;}\">\n\t\t\t\t\t\t<div class=\"elementor-container elementor-column-gap-default\">\n\t\t\t\t\t<div class=\"elementor-column elementor-col-100 elementor-top-column elementor-element elementor-element-5c146447 elementor-invisible\" data-id=\"5c146447\" data-element_type=\"column\" data-e-type=\"column\" data-settings=\"{&quot;animation&quot;:&quot;fadeIn&quot;}\">\n\t\t\t<div class=\"elementor-widget-wrap elementor-element-populated\">\n\t\t\t\t\t\t<div class=\"elementor-element elementor-element-6dc90f34 elementor-invisible elementor-widget elementor-widget-heading\" data-id=\"6dc90f34\" data-element_type=\"widget\" data-e-type=\"widget\" data-settings=\"{&quot;_animation&quot;:&quot;fadeIn&quot;}\" data-widget_type=\"heading.default\">\n\t\t\t\t<div class=\"elementor-widget-container\">\n\t\t\t\t\t<h2 class=\"elementor-heading-title elementor-size-default\">Koronavirus - SARS\u2013CoV\u20132 - pojasnila in ukrepi<\/h2>\t\t\t\t<\/div>\n\t\t\t\t<\/div>\n\t\t\t\t<div class=\"elementor-element elementor-element-5c9eb000 elementor-widget-divider--view-line elementor-invisible elementor-widget elementor-widget-divider\" data-id=\"5c9eb000\" data-element_type=\"widget\" data-e-type=\"widget\" data-settings=\"{&quot;_animation&quot;:&quot;fadeInUp&quot;}\" data-widget_type=\"divider.default\">\n\t\t\t\t<div class=\"elementor-widget-container\">\n\t\t\t\t\t\t\t<div class=\"elementor-divider\">\n\t\t\t<span class=\"elementor-divider-separator\">\n\t\t\t\t\t\t<\/span>\n\t\t<\/div>\n\t\t\t\t\t\t<\/div>\n\t\t\t\t<\/div>\n\t\t\t\t\t<\/div>\n\t\t<\/div>\n\t\t\t\t\t<\/div>\n\t\t<\/section>\n\t\t\t\t<section class=\"elementor-section elementor-top-section elementor-element elementor-element-7c0905d6 elementor-section-boxed elementor-section-height-default elementor-section-height-default\" data-id=\"7c0905d6\" data-element_type=\"section\" data-e-type=\"section\">\n\t\t\t\t\t\t<div class=\"elementor-container elementor-column-gap-default\">\n\t\t\t\t\t<div class=\"elementor-column elementor-col-100 elementor-top-column elementor-element elementor-element-74822ff\" data-id=\"74822ff\" data-element_type=\"column\" data-e-type=\"column\">\n\t\t\t<div class=\"elementor-widget-wrap elementor-element-populated\">\n\t\t\t\t\t\t<div class=\"elementor-element elementor-element-de26e6b elementor-widget elementor-widget-text-editor\" data-id=\"de26e6b\" data-element_type=\"widget\" data-e-type=\"widget\" data-widget_type=\"text-editor.default\">\n\t\t\t\t<div class=\"elementor-widget-container\">\n\t\t\t\t\t\t\t\t\t<div>Dne 29.6.2020 je bil objavljen na\u010drt Univerze v Mariboru za zagotavljanje kontinuiranega dela v \u010dasu pojavljanja koronavirusa, \u0161t. 012\/2020\/N 1\/515-MP, dne pa 1.9.2020 pa posodobljeni varnostni protokol.<\/div><div>\u00a0<\/div><p>Pri prepre\u010devanju oku\u017ebe z virusom SARS-CoV-2 je tako kot pri drugih nalezljivih bolezni, ki povzro\u010dajo oku\u017ebe dihal, priporo\u010dljivo upo\u0161tevati naslednje vsakodnevne preventivne ukrepe:<\/p><ul><li>Izogibamo se\u00a0<strong>tesnim stiskom z ljudmi, ki ka\u017eejo znake nalezljive bolezni<\/strong>.<\/li><li>Ne dotikamo se\u00a0<strong>o\u010di, nosu in ust<\/strong>.<\/li><li>V primeru, da zbolimo,\u00a0<strong>ostanemo doma<\/strong>.<\/li><li>Upo\u0161tevamo\u00a0<strong>pravila higiene ka\u0161lja<\/strong>.<\/li><li><strong>Redno si umivamo roke<\/strong>\u00a0z milom in vodo.<\/li><li>V primeru, da voda in milo nista dostopna,\u00a0<strong>za razku\u017eevanje rok uporabimo namensko razku\u017eilo za roke<\/strong>. Vsebnost alkohola v razku\u017eilu za roke naj bo najmanj 60 %. Razku\u017eilo za roke je namenjeno samo zunanji uporabi. Sredstva za \u010di\u0161\u010denje\/razku\u017eevanje povr\u0161in niso namenjena \u010di\u0161\u010denju\/razku\u017eevanju ko\u017ee.<\/li><li>V \u010dasu pove\u010danega pojavljanja oku\u017eb dihal se\u00a0<strong>izogibamo zaprtih prostorov<\/strong>, v katerih se zadr\u017euje veliko \u0161tevilo ljudi. Poskrbimo za\u00a0<strong>redno zra\u010denje zaprtih prostorov<\/strong>.\u00ab<\/li><\/ul><p>Glede za\u0161\u010dite zdravja pred \u0161e vedno prisotnim virusom SARS-CoV-2 ter veljavnimi ukrepi, lahko pridobite ve\u010d informacij na spletni strani Nacionalnega in\u0161tituta za javno zdravje: <a href=\"https:\/\/www.nijz.si\/\">https:\/\/www.nijz.si\/\u00a0<\/a><\/p><div><p>Povezava:\u00a0<a href=\"https:\/\/www.fkbv.um.si\/wp-content\/uploads\/2021\/12\/NacrtUM-korona-29-06-2020-10-47-13-017.pdf\">na\u010drt (29.6.2020)<\/a>,\u00a0<a href=\"https:\/\/www.fkbv.um.si\/wp-content\/uploads\/2022\/01\/Varnostni_protokol_za_opravljanje_dela_na_FKBV-UM_1-9-2020.pdf\">varnostni\u00a0protokol (31.8.2020)<\/a><\/p><\/div>\t\t\t\t\t\t\t\t<\/div>\n\t\t\t\t<\/div>\n\t\t\t\t\t<\/div>\n\t\t<\/div>\n\t\t\t\t\t<\/div>\n\t\t<\/section>\n\t\t\t\t<\/div>\n\t\t","protected":false},"excerpt":{"rendered":"<p>\u0160tudiraj na FKBVVisoko\u0161olski in univerzitetni \u0161tudijski programi prve, druge in tretje stopnje&#8230; Koronavirus &#8211; SARS\u2013CoV\u20132 &#8211; pojasnila in ukrepi Dne 29.6.2020 je bil objavljen na\u010drt Univerze v Mariboru za zagotavljanje kontinuiranega dela v \u010dasu pojavljanja koronavirusa, \u0161t. 012\/2020\/N 1\/515-MP, dne pa 1.9.2020 pa posodobljeni varnostni protokol.\u00a0 Pri prepre\u010devanju oku\u017ebe z virusom SARS-CoV-2 je tako kot [&hellip;]<\/p>\n","protected":false},"author":1,"featured_media":0,"parent":0,"menu_order":0,"comment_status":"closed","ping_status":"closed","template":"elementor_header_footer","meta":{"ocean_post_layout":"","ocean_both_sidebars_style":"","ocean_both_sidebars_content_width":0,"ocean_both_sidebars_sidebars_width":0,"ocean_sidebar":"0","ocean_second_sidebar":"0","ocean_disable_margins":"enable","ocean_add_body_class":"","ocean_shortcode_before_top_bar":"","ocean_shortcode_after_top_bar":"","ocean_shortcode_before_header":"","ocean_shortcode_after_header":"","ocean_has_shortcode":"","ocean_shortcode_after_title":"","ocean_shortcode_before_footer_widgets":"","ocean_shortcode_after_footer_widgets":"","ocean_shortcode_before_footer_bottom":"","ocean_shortcode_after_footer_bottom":"","ocean_display_top_bar":"default","ocean_display_header":"default","ocean_header_style":"","ocean_center_header_left_menu":"0","ocean_custom_header_template":"0","ocean_custom_logo":0,"ocean_custom_retina_logo":0,"ocean_custom_logo_max_width":0,"ocean_custom_logo_tablet_max_width":0,"ocean_custom_logo_mobile_max_width":0,"ocean_custom_logo_max_height":0,"ocean_custom_logo_tablet_max_height":0,"ocean_custom_logo_mobile_max_height":0,"ocean_header_custom_menu":"0","ocean_menu_typo_font_family":"0","ocean_menu_typo_font_subset":"","ocean_menu_typo_font_size":0,"ocean_menu_typo_font_size_tablet":0,"ocean_menu_typo_font_size_mobile":0,"ocean_menu_typo_font_size_unit":"px","ocean_menu_typo_font_weight":"","ocean_menu_typo_font_weight_tablet":"","ocean_menu_typo_font_weight_mobile":"","ocean_menu_typo_transform":"","ocean_menu_typo_transform_tablet":"","ocean_menu_typo_transform_mobile":"","ocean_menu_typo_line_height":0,"ocean_menu_typo_line_height_tablet":0,"ocean_menu_typo_line_height_mobile":0,"ocean_menu_typo_line_height_unit":"","ocean_menu_typo_spacing":0,"ocean_menu_typo_spacing_tablet":0,"ocean_menu_typo_spacing_mobile":0,"ocean_menu_typo_spacing_unit":"","ocean_menu_link_color":"","ocean_menu_link_color_hover":"","ocean_menu_link_color_active":"","ocean_menu_link_background":"","ocean_menu_link_hover_background":"","ocean_menu_link_active_background":"","ocean_menu_social_links_bg":"","ocean_menu_social_hover_links_bg":"","ocean_menu_social_links_color":"","ocean_menu_social_hover_links_color":"","ocean_disable_title":"default","ocean_disable_heading":"default","ocean_post_title":"","ocean_post_subheading":"","ocean_post_title_style":"","ocean_post_title_background_color":"","ocean_post_title_background":0,"ocean_post_title_bg_image_position":"","ocean_post_title_bg_image_attachment":"","ocean_post_title_bg_image_repeat":"","ocean_post_title_bg_image_size":"","ocean_post_title_height":0,"ocean_post_title_bg_overlay":0.5,"ocean_post_title_bg_overlay_color":"","ocean_disable_breadcrumbs":"default","ocean_breadcrumbs_color":"","ocean_breadcrumbs_separator_color":"","ocean_breadcrumbs_links_color":"","ocean_breadcrumbs_links_hover_color":"","ocean_display_footer_widgets":"default","ocean_display_footer_bottom":"default","ocean_custom_footer_template":"0","footnotes":""},"folder":[],"class_list":["post-1608","page","type-page","status-publish","hentry","entry"],"publishpress_future_action":{"enabled":false,"date":"2026-05-09 15:31:00","action":"change-status","newStatus":"draft","terms":[],"taxonomy":"folder","extraData":[]},"publishpress_future_workflow_manual_trigger":{"enabledWorkflows":[]},"_links":{"self":[{"href":"https:\/\/www.fkbv.um.si\/index.php?rest_route=\/wp\/v2\/pages\/1608","targetHints":{"allow":["GET"]}}],"collection":[{"href":"https:\/\/www.fkbv.um.si\/index.php?rest_route=\/wp\/v2\/pages"}],"about":[{"href":"https:\/\/www.fkbv.um.si\/index.php?rest_route=\/wp\/v2\/types\/page"}],"author":[{"embeddable":true,"href":"https:\/\/www.fkbv.um.si\/index.php?rest_route=\/wp\/v2\/users\/1"}],"replies":[{"embeddable":true,"href":"https:\/\/www.fkbv.um.si\/index.php?rest_route=%2Fwp%2Fv2%2Fcomments&post=1608"}],"version-history":[{"count":16,"href":"https:\/\/www.fkbv.um.si\/index.php?rest_route=\/wp\/v2\/pages\/1608\/revisions"}],"predecessor-version":[{"id":9385,"href":"https:\/\/www.fkbv.um.si\/index.php?rest_route=\/wp\/v2\/pages\/1608\/revisions\/9385"}],"wp:attachment":[{"href":"https:\/\/www.fkbv.um.si\/index.php?rest_route=%2Fwp%2Fv2%2Fmedia&parent=1608"}],"wp:term":[{"taxonomy":"folder","embeddable":true,"href":"https:\/\/www.fkbv.um.si\/index.php?rest_route=%2Fwp%2Fv2%2Ffolder&post=1608"}],"curies":[{"name":"wp","href":"https:\/\/api.w.org\/{rel}","templated":true}]}}