{"id":15380,"date":"2023-04-20T07:25:57","date_gmt":"2023-04-20T07:25:57","guid":{"rendered":"https:\/\/www.fkbv.um.si\/?page_id=15380"},"modified":"2023-04-20T07:43:45","modified_gmt":"2023-04-20T07:43:45","slug":"dostopnost","status":"publish","type":"page","link":"https:\/\/www.fkbv.um.si\/?page_id=15380","title":{"rendered":"Dostopnost"},"content":{"rendered":"\t\t<div data-elementor-type=\"wp-page\" data-elementor-id=\"15380\" class=\"elementor elementor-15380\" data-elementor-post-type=\"page\">\n\t\t\t\t\t\t<section class=\"elementor-section elementor-top-section elementor-element elementor-element-d2fe190 elementor-section-boxed elementor-section-height-default elementor-section-height-default\" data-id=\"d2fe190\" data-element_type=\"section\" data-e-type=\"section\">\n\t\t\t\t\t\t<div class=\"elementor-container elementor-column-gap-default\">\n\t\t\t\t\t<div class=\"elementor-column elementor-col-33 elementor-top-column elementor-element elementor-element-e2ef0d5\" data-id=\"e2ef0d5\" data-element_type=\"column\" data-e-type=\"column\">\n\t\t\t<div class=\"elementor-widget-wrap\">\n\t\t\t\t\t\t\t<\/div>\n\t\t<\/div>\n\t\t\t\t<div class=\"elementor-column elementor-col-33 elementor-top-column elementor-element elementor-element-517925d\" data-id=\"517925d\" data-element_type=\"column\" data-e-type=\"column\">\n\t\t\t<div class=\"elementor-widget-wrap elementor-element-populated\">\n\t\t\t\t\t\t<div class=\"elementor-element elementor-element-1cf6978 elementor-widget elementor-widget-text-editor\" data-id=\"1cf6978\" data-element_type=\"widget\" data-e-type=\"widget\" data-widget_type=\"text-editor.default\">\n\t\t\t\t<div class=\"elementor-widget-container\">\n\t\t\t\t\t\t\t\t\t\n<p>\u00a0<\/p>\n<h1><strong>Dostopnost<\/strong><\/h1>\n\n<p>Fakulteta za kmetijstvo in biosistemske vede Univerze v Mariboru se zavezuje, da bo omogo\u010dala dostopnost spleti\u0161\u010da v skladu z Zakonom o dostopnosti spleti\u0161\u010d in mobilnih aplikacij vsem uporabnikov.<\/p>\n\n<p><strong>Izjava o dostopnosti<\/strong><\/p>\n\n<p>Ta izjava o dostopnosti se nana\u0161a na spleti\u0161\u010de fkbv.um.si. Za zagotavljanje zahtev glede dostopnosti so bile sistemsko zagotovljene nekatere prilagoditve, kot so:<\/p>\n\n<ul class=\"wp-block-list\">\n<li>odzivno oblikovanje (prilagajanje postavitve vsebine lo\u010dljivosti zaslona),<\/li>\n\n<li>prikaz vsebin za uporabnike podpornih tehnologij (na primer: bralnike zaslona),<\/li>\n\n<li>navigacija s tipkovnico (prilagoditev za uporabnike, ki ne morejo uporabljati mi\u0161ke),<\/li>\n\n<li>ustrezni barvni kontrasti (med besedilom in ozadjem),<\/li>\n\n<li>predvidljivo delovanje spleti\u0161\u010da,<\/li>\n\n<li>omogo\u010deno je opremljanje slik z nadomestnim besedilom,<\/li>\n\n<li>omogo\u010dena je uporaba razli\u010dnih ravni naslovov.<\/li>\n<\/ul>\n\n<p><strong>Stopnja skladnosti<\/strong><\/p>\n\n<p>Spleti\u0161\u010de fkbv.um.si je delno skladno z Zakonom o dostopnosti spleti\u0161\u010d in mobilnih aplikacij zaradi spodaj navedenih izjem.<\/p>\n\n<p><strong>Pojasnilo o morebitni nedostopni oz. neustrezno prikazani vsebini<\/strong><\/p>\n\n<p>Dostopnost spleti\u0161\u010da fkbv.um.si nenehno spremljamo in sproti izbolj\u0161ujemo. Kljub temu nekatere objavljene vsebine zaradi nesorazmernega bremena morda ne izpolnjujejo vseh zahtev glede dostopnosti, kot jih dolo\u010da Zakon o dostopnosti spleti\u0161\u010d in mobilnih aplikacij. Pri spletnih objavah v okviru spleti\u0161\u010da fkbv.um.si uporabnikom z razli\u010dnimi oblikami oviranosti tako niso dostopni tudi nekateri dokumenti, ki so namenjeni strokovnim oziroma ozkim ciljnim javnostim ali pa bi iz razloga svoje kompleksnosti predstavljali nesorazmerno breme.<\/p>\n\n<p>Vendar se na Fakulteti za kmetijstvo in biosistemske vede Univerze v Mariboru kljub temu izdatno trudimo, da bi bile vse na\u0161e vsebine \u010dim bolj prilagojene morebitnim uporabnikom, ki pripadajo ranljivim skupinam. V prihodnje bomo poskrbeli, da bomo dokumente v \u010dim ve\u010dji mo\u017eni meri objavljali v dostopni obliki.\u00a0<\/p>\n\n<p>Primeri takih vsebin so:\u00a0<\/p>\n\n<ul class=\"wp-block-list\">\n<li>skenirani dokumenti v PDF obliki zapisa,\u00a0<\/li>\n\n<li>grafi\u010dni elementi v obliki slik z napisi (npr. infografike),\u00a0<\/li>\n\n<li>videoposnetki,\u00a0<\/li>\n\n<li>razli\u010dne kompleksne tabele s podatki.<\/li>\n<\/ul>\n\n<p><strong>Povratne in kontaktne informacije<\/strong><\/p>\n\n<p>Obiskovalci spletne strani fkbv.um.si lahko kljub prizadevanjem, da bi bile vse spletne strani \u010dim bolj dostopne in uporabnikom prijazne, ob\u010dasno naletijo na te\u017eave z dostopnostjo. Dostopnost bomo lahko \u0161e bolj izbolj\u0161ali, \u010de nam poro\u010date o svojih izku\u0161njah z na\u0161im spleti\u0161\u010dem. \u010ce boste naleteli na kak\u0161no te\u017eavo, \u010de potrebujete dostop do informacij, ki so nedosegljive, nam to sporo\u010dite.<\/p>\n\n<p>Obvestilo o morebitnih primerih neskladnosti objav z dolo\u010dili Zakona o dostopnosti spleti\u0161\u010d in mobilnih aplikacij in zahteve po posredovanju informacij v dostopni obliki lahko po\u0161ljete po navadni ali elektronski po\u0161ti:<\/p>\n<p>\u00a0<\/p>\n\n<p><em>Kontakt:\u00a0\u00a0\u00a0\u00a0\u00a0\u00a0\u00a0\u00a0\u00a0\u00a0\u00a0\u00a0\u00a0 <\/em><\/p>\n<p><em>Fakulteta za kmetijstvo in biosistemske vede Univerze v Mariboru<\/em><\/p>\n<p><em><\/em><\/p>\n<p><em>02\/320 90 00<\/em><\/p>\n<p><em><\/em><\/p>\n<p><em><a href=\"mailto:fkbv@um.si\">fkbv@um.si<\/a><\/em><\/p>\n<p>\u00a0<\/p>\n\n<p>Odgovor boste prejeli v roku osmih dni od prejema obvestila oziroma pro\u0161nje. V kolikor v tem roku ne bomo mogli podati ustreznega odgovora, vam bomo sporo\u010dili kdaj bo odgovor podan in razloge za zakasnitev odgovora.<\/p>\n\n<p>V primeru, da ugotovite odstopanje od dolo\u010dil Zakona o dostopnosti spleti\u0161\u010d in mobilnih aplikacij, lahko podate prijavo in\u0161pektorjem za informacijsko dru\u017ebo po navadni ali elektronski po\u0161ti na naslov:<\/p>\n\n<p>\u00a0<\/p>\n\n<p style=\"margin: 0cm;\"><em>Ministrstvo za digitalno preobrazbo<\/em><\/p>\n<p><em><!-- \/wp:paragraph --><!-- wp:paragraph --><\/em><\/p>\n<p style=\"margin: 0cm;\"><em>In\u0161pektorat Republike Slovenije za informacijsko dru\u017ebo<\/em><\/p>\n<p><em><!-- \/wp:paragraph --><!-- wp:paragraph --><\/em><\/p>\n<p style=\"margin: 0cm;\"><em>Dav\u010dna ulica 1<\/em><\/p>\n<p><em><!-- \/wp:paragraph --><!-- wp:paragraph --><\/em><\/p>\n<p style=\"margin: 0cm;\"><em>1000 Ljubljana<\/em><\/p>\n<p><em><!-- \/wp:paragraph --><!-- wp:paragraph --><\/em><\/p>\n<p style=\"margin: 0cm;\"><em>01\/555 58 48<\/em><\/p>\n<p><em><!-- \/wp:paragraph --><!-- wp:paragraph --><\/em><\/p>\n<p style=\"margin: 0cm;\"><em><a href=\"mailto:gp.irsid@gov.si\">gp.irsid@gov.si<\/a><\/em><\/p>\n<p><!-- \/wp:paragraph --><\/p>\n<!-- wp:paragraph -->\n<p>\u00a0<\/p>\n<!-- \/wp:paragraph --><!-- wp:paragraph -->\n<p><strong>Priprava izjave o dostopnosti<\/strong><\/p>\n<!-- \/wp:paragraph --><!-- wp:paragraph -->\n<p>Izjava je bila objavljena 20. 4.\u00a02023.<\/p>\n<!-- \/wp:paragraph -->\t\t\t\t\t\t\t\t<\/div>\n\t\t\t\t<\/div>\n\t\t\t\t\t<\/div>\n\t\t<\/div>\n\t\t\t\t<div class=\"elementor-column elementor-col-33 elementor-top-column elementor-element elementor-element-94bfb91\" data-id=\"94bfb91\" data-element_type=\"column\" data-e-type=\"column\">\n\t\t\t<div class=\"elementor-widget-wrap\">\n\t\t\t\t\t\t\t<\/div>\n\t\t<\/div>\n\t\t\t\t\t<\/div>\n\t\t<\/section>\n\t\t\t\t<section class=\"elementor-section elementor-top-section elementor-element elementor-element-62e23717 elementor-section-boxed elementor-section-height-default elementor-section-height-default\" data-id=\"62e23717\" data-element_type=\"section\" data-e-type=\"section\">\n\t\t\t\t\t\t<div class=\"elementor-container elementor-column-gap-default\">\n\t\t\t\t\t<div class=\"elementor-column elementor-col-100 elementor-top-column elementor-element elementor-element-6efa4487\" data-id=\"6efa4487\" data-element_type=\"column\" data-e-type=\"column\">\n\t\t\t<div class=\"elementor-widget-wrap\">\n\t\t\t\t\t\t\t<\/div>\n\t\t<\/div>\n\t\t\t\t\t<\/div>\n\t\t<\/section>\n\t\t\t\t<\/div>\n\t\t","protected":false},"excerpt":{"rendered":"<p>\u00a0 Dostopnost Fakulteta za kmetijstvo in biosistemske vede Univerze v Mariboru se zavezuje, da bo omogo\u010dala dostopnost spleti\u0161\u010da v skladu z Zakonom o dostopnosti spleti\u0161\u010d in mobilnih aplikacij vsem uporabnikov. Izjava o dostopnosti Ta izjava o dostopnosti se nana\u0161a na spleti\u0161\u010de fkbv.um.si. Za zagotavljanje zahtev glede dostopnosti so bile sistemsko zagotovljene nekatere prilagoditve, kot so: [&hellip;]<\/p>\n","protected":false},"author":1,"featured_media":0,"parent":0,"menu_order":0,"comment_status":"closed","ping_status":"closed","template":"elementor_header_footer","meta":{"ocean_post_layout":"","ocean_both_sidebars_style":"","ocean_both_sidebars_content_width":0,"ocean_both_sidebars_sidebars_width":0,"ocean_sidebar":"0","ocean_second_sidebar":"0","ocean_disable_margins":"enable","ocean_add_body_class":"","ocean_shortcode_before_top_bar":"","ocean_shortcode_after_top_bar":"","ocean_shortcode_before_header":"","ocean_shortcode_after_header":"","ocean_has_shortcode":"","ocean_shortcode_after_title":"","ocean_shortcode_before_footer_widgets":"","ocean_shortcode_after_footer_widgets":"","ocean_shortcode_before_footer_bottom":"","ocean_shortcode_after_footer_bottom":"","ocean_display_top_bar":"default","ocean_display_header":"default","ocean_header_style":"","ocean_center_header_left_menu":"0","ocean_custom_header_template":"0","ocean_custom_logo":0,"ocean_custom_retina_logo":0,"ocean_custom_logo_max_width":0,"ocean_custom_logo_tablet_max_width":0,"ocean_custom_logo_mobile_max_width":0,"ocean_custom_logo_max_height":0,"ocean_custom_logo_tablet_max_height":0,"ocean_custom_logo_mobile_max_height":0,"ocean_header_custom_menu":"0","ocean_menu_typo_font_family":"0","ocean_menu_typo_font_subset":"","ocean_menu_typo_font_size":0,"ocean_menu_typo_font_size_tablet":0,"ocean_menu_typo_font_size_mobile":0,"ocean_menu_typo_font_size_unit":"px","ocean_menu_typo_font_weight":"","ocean_menu_typo_font_weight_tablet":"","ocean_menu_typo_font_weight_mobile":"","ocean_menu_typo_transform":"","ocean_menu_typo_transform_tablet":"","ocean_menu_typo_transform_mobile":"","ocean_menu_typo_line_height":0,"ocean_menu_typo_line_height_tablet":0,"ocean_menu_typo_line_height_mobile":0,"ocean_menu_typo_line_height_unit":"","ocean_menu_typo_spacing":0,"ocean_menu_typo_spacing_tablet":0,"ocean_menu_typo_spacing_mobile":0,"ocean_menu_typo_spacing_unit":"","ocean_menu_link_color":"","ocean_menu_link_color_hover":"","ocean_menu_link_color_active":"","ocean_menu_link_background":"","ocean_menu_link_hover_background":"","ocean_menu_link_active_background":"","ocean_menu_social_links_bg":"","ocean_menu_social_hover_links_bg":"","ocean_menu_social_links_color":"","ocean_menu_social_hover_links_color":"","ocean_disable_title":"default","ocean_disable_heading":"default","ocean_post_title":"","ocean_post_subheading":"","ocean_post_title_style":"","ocean_post_title_background_color":"","ocean_post_title_background":0,"ocean_post_title_bg_image_position":"","ocean_post_title_bg_image_attachment":"","ocean_post_title_bg_image_repeat":"","ocean_post_title_bg_image_size":"","ocean_post_title_height":0,"ocean_post_title_bg_overlay":0.5,"ocean_post_title_bg_overlay_color":"","ocean_disable_breadcrumbs":"default","ocean_breadcrumbs_color":"","ocean_breadcrumbs_separator_color":"","ocean_breadcrumbs_links_color":"","ocean_breadcrumbs_links_hover_color":"","ocean_display_footer_widgets":"default","ocean_display_footer_bottom":"default","ocean_custom_footer_template":"0","footnotes":""},"folder":[],"class_list":["post-15380","page","type-page","status-publish","hentry","entry"],"publishpress_future_action":{"enabled":false,"date":"2026-05-08 14:34:47","action":"change-status","newStatus":"draft","terms":[],"taxonomy":"folder","extraData":[]},"publishpress_future_workflow_manual_trigger":{"enabledWorkflows":[]},"_links":{"self":[{"href":"https:\/\/www.fkbv.um.si\/index.php?rest_route=\/wp\/v2\/pages\/15380","targetHints":{"allow":["GET"]}}],"collection":[{"href":"https:\/\/www.fkbv.um.si\/index.php?rest_route=\/wp\/v2\/pages"}],"about":[{"href":"https:\/\/www.fkbv.um.si\/index.php?rest_route=\/wp\/v2\/types\/page"}],"author":[{"embeddable":true,"href":"https:\/\/www.fkbv.um.si\/index.php?rest_route=\/wp\/v2\/users\/1"}],"replies":[{"embeddable":true,"href":"https:\/\/www.fkbv.um.si\/index.php?rest_route=%2Fwp%2Fv2%2Fcomments&post=15380"}],"version-history":[{"count":14,"href":"https:\/\/www.fkbv.um.si\/index.php?rest_route=\/wp\/v2\/pages\/15380\/revisions"}],"predecessor-version":[{"id":15420,"href":"https:\/\/www.fkbv.um.si\/index.php?rest_route=\/wp\/v2\/pages\/15380\/revisions\/15420"}],"wp:attachment":[{"href":"https:\/\/www.fkbv.um.si\/index.php?rest_route=%2Fwp%2Fv2%2Fmedia&parent=15380"}],"wp:term":[{"taxonomy":"folder","embeddable":true,"href":"https:\/\/www.fkbv.um.si\/index.php?rest_route=%2Fwp%2Fv2%2Ffolder&post=15380"}],"curies":[{"name":"wp","href":"https:\/\/api.w.org\/{rel}","templated":true}]}}