{"id":1394,"date":"2021-11-28T13:08:59","date_gmt":"2021-11-28T13:08:59","guid":{"rendered":"http:\/\/fkbv2.um.si\/?page_id=1394"},"modified":"2023-11-06T20:28:59","modified_gmt":"2023-11-06T20:28:59","slug":"ceepus-zaposleni","status":"publish","type":"page","link":"https:\/\/www.fkbv.um.si\/?page_id=1394","title":{"rendered":"CEEPUS Zaposleni"},"content":{"rendered":"\t\t<div data-elementor-type=\"wp-page\" data-elementor-id=\"1394\" class=\"elementor elementor-1394\" data-elementor-post-type=\"page\">\n\t\t\t\t\t\t<header class=\"elementor-section elementor-top-section elementor-element elementor-element-3953e698 elementor-section-full_width elementor-section-height-min-height elementor-section-items-bottom elementor-section-height-default elementor-invisible\" data-id=\"3953e698\" data-element_type=\"section\" data-e-type=\"section\" data-settings=\"{&quot;background_background&quot;:&quot;classic&quot;,&quot;animation&quot;:&quot;fadeIn&quot;,&quot;animation_delay&quot;:50}\">\n\t\t\t\t\t\t\t<div class=\"elementor-background-overlay\"><\/div>\n\t\t\t\t\t\t\t<div class=\"elementor-container elementor-column-gap-no\">\n\t\t\t\t\t<div class=\"elementor-column elementor-col-100 elementor-top-column elementor-element elementor-element-2c2199a4\" data-id=\"2c2199a4\" data-element_type=\"column\" data-e-type=\"column\">\n\t\t\t<div class=\"elementor-widget-wrap elementor-element-populated\">\n\t\t\t\t\t\t<section class=\"elementor-section elementor-inner-section elementor-element elementor-element-3b888041 elementor-section-content-bottom elementor-section-boxed elementor-section-height-default elementor-section-height-default\" data-id=\"3b888041\" data-element_type=\"section\" data-e-type=\"section\">\n\t\t\t\t\t\t<div class=\"elementor-container elementor-column-gap-default\">\n\t\t\t\t\t<div class=\"elementor-column elementor-col-100 elementor-inner-column elementor-element elementor-element-1ab0bd54\" data-id=\"1ab0bd54\" data-element_type=\"column\" data-e-type=\"column\">\n\t\t\t<div class=\"elementor-widget-wrap elementor-element-populated\">\n\t\t\t\t\t\t<div class=\"elementor-element elementor-element-306b4ddc elementor-invisible elementor-widget elementor-widget-heading\" data-id=\"306b4ddc\" data-element_type=\"widget\" data-e-type=\"widget\" data-settings=\"{&quot;_animation&quot;:&quot;fadeIn&quot;,&quot;_animation_delay&quot;:100}\" data-widget_type=\"heading.default\">\n\t\t\t\t<div class=\"elementor-widget-container\">\n\t\t\t\t\t<h1 class=\"elementor-heading-title elementor-size-default\">CEEPUS program za zaposlene um fkbv<\/h1>\t\t\t\t<\/div>\n\t\t\t\t<\/div>\n\t\t\t\t\t<\/div>\n\t\t<\/div>\n\t\t\t\t\t<\/div>\n\t\t<\/section>\n\t\t\t\t\t<\/div>\n\t\t<\/div>\n\t\t\t\t\t<\/div>\n\t\t<\/header>\n\t\t\t\t<section class=\"elementor-section elementor-top-section elementor-element elementor-element-d8e937a elementor-section-boxed elementor-section-height-default elementor-section-height-default\" data-id=\"d8e937a\" data-element_type=\"section\" data-e-type=\"section\" data-settings=\"{&quot;background_background&quot;:&quot;classic&quot;}\">\n\t\t\t\t\t\t<div class=\"elementor-container elementor-column-gap-default\">\n\t\t\t\t\t<div class=\"elementor-column elementor-col-100 elementor-top-column elementor-element elementor-element-2feae08\" data-id=\"2feae08\" data-element_type=\"column\" data-e-type=\"column\">\n\t\t\t<div class=\"elementor-widget-wrap elementor-element-populated\">\n\t\t\t\t\t\t<div class=\"elementor-element elementor-element-c3568dd elementor-widget elementor-widget-spacer\" data-id=\"c3568dd\" data-element_type=\"widget\" data-e-type=\"widget\" data-widget_type=\"spacer.default\">\n\t\t\t\t<div class=\"elementor-widget-container\">\n\t\t\t\t\t\t\t<div class=\"elementor-spacer\">\n\t\t\t<div class=\"elementor-spacer-inner\"><\/div>\n\t\t<\/div>\n\t\t\t\t\t\t<\/div>\n\t\t\t\t<\/div>\n\t\t\t\t<div class=\"elementor-element elementor-element-c875fb8 elementor-widget elementor-widget-heading\" data-id=\"c875fb8\" data-element_type=\"widget\" data-e-type=\"widget\" data-widget_type=\"heading.default\">\n\t\t\t\t<div class=\"elementor-widget-container\">\n\t\t\t\t\t<h1 class=\"elementor-heading-title elementor-size-default\">Pomembne informacije<\/h1>\t\t\t\t<\/div>\n\t\t\t\t<\/div>\n\t\t\t\t\t<\/div>\n\t\t<\/div>\n\t\t\t\t\t<\/div>\n\t\t<\/section>\n\t\t\t\t<section class=\"elementor-section elementor-top-section elementor-element elementor-element-1e8b0119 elementor-section-boxed elementor-section-height-default elementor-section-height-default\" data-id=\"1e8b0119\" data-element_type=\"section\" data-e-type=\"section\">\n\t\t\t\t\t\t<div class=\"elementor-container elementor-column-gap-narrow\">\n\t\t\t\t\t<div class=\"elementor-column elementor-col-100 elementor-top-column elementor-element elementor-element-3a0abbda\" data-id=\"3a0abbda\" data-element_type=\"column\" data-e-type=\"column\">\n\t\t\t<div class=\"elementor-widget-wrap elementor-element-populated\">\n\t\t\t\t\t\t<div class=\"elementor-element elementor-element-89448fe elementor-widget elementor-widget-spacer\" data-id=\"89448fe\" data-element_type=\"widget\" data-e-type=\"widget\" data-widget_type=\"spacer.default\">\n\t\t\t\t<div class=\"elementor-widget-container\">\n\t\t\t\t\t\t\t<div class=\"elementor-spacer\">\n\t\t\t<div class=\"elementor-spacer-inner\"><\/div>\n\t\t<\/div>\n\t\t\t\t\t\t<\/div>\n\t\t\t\t<\/div>\n\t\t\t\t<div class=\"elementor-element elementor-element-21e6256 elementor-widget elementor-widget-text-editor\" data-id=\"21e6256\" data-element_type=\"widget\" data-e-type=\"widget\" data-widget_type=\"text-editor.default\">\n\t\t\t\t<div class=\"elementor-widget-container\">\n\t\t\t\t\t\t\t\t\t<div class=\"pager\" style=\"color: #000000; font-family: Tahoma, Arial, Helvetica, sans-serif; font-size: 13px; font-style: normal; font-variant-ligatures: normal; font-variant-caps: normal; font-weight: 400; letter-spacing: normal; orphans: 2; text-align: justify; text-indent: 0px; text-transform: none; white-space: normal; widows: 2; word-spacing: 0px; -webkit-text-stroke-width: 0px; background-color: #ffffff; text-decoration-thickness: initial; text-decoration-style: initial; text-decoration-color: initial;\"><h4 style=\"color: slateblue;\"><strong>1. Kaj pomeni CEEPUS?<\/strong><\/h4><p>CEEPUS (Central European Exchange Program for University Studies) je regionalni program, ki vzpostavlja in spodbuja mobilnosti \u0161tudentov in profesorjev med sodelujo\u010dimi dr\u017eavami ter izkori\u0161\u010da prijateljske povezave in mo\u017enosti za oblikovanje skupnih \u0161tudijskih programov.<\/p><h4 style=\"color: slateblue;\"><strong>2. Kdo sodeluje v CEEPUS programu?<\/strong><\/h4><p>V CEEPUS programu sodelujejo visoko\u0161olske institucije iz 16-ih dr\u017eav: Albanija, Avstrija, Bolgarija, Bosna in Hercegovina, \u010ce\u0161ka, \u010crna Gora, Hrva\u0161ka, Kosovo*, Mad\u017earska, Moldavija, Poljska, Romunija, Severna Makedonija, Slova\u0161ka, Slovenija in Srbija.<\/p><h4 style=\"color: slateblue;\"><strong>3. Katere vrste mobilnosti obstajajo?<\/strong><\/h4><p>a)\u00a0<strong>Mre\u017ena mobilnost (Network mobility)<\/strong>\u00a0\u2013 poteka v okviru mre\u017e, ki jih tvorijo univerze, fakultete ali posamezni oddelki za dolo\u010dena podro\u010dja;<\/p><p>b)\u00a0<strong>Freemover mobilnost<\/strong>\u00a0\u2013 poteka izven mre\u017e, v katere je fakulteta vklju\u010dena.<\/p><p><strong>Opomba: Mre\u017ene mobilnosti imajo vedno prioriteto pri odobritvi \u0161tipendij!<\/strong><\/p><h4 style=\"color: slateblue;\"><strong>4. Ali UM FKBV sodeluje v kak\u0161ni CEEPUS mre\u017ei?<\/strong><\/h4><p>Na\u0161a fakulteta je v \u0161tudijskem letu 2022\/23 \u010dlanica \u0161tirih CEEPUS mre\u017e:<\/p><p>a) <strong>RS-1607-02-2223<\/strong> &#8211; Resilient management of bioactive compounds from plants and organic wastes in Middle-Europe\u00a0<\/p><p>b) <strong>HU-0003-18-2223<\/strong> &#8211; Agriculture and Environment in the 21st Century &#8211; @groen\u00a0<\/p><p>c) <strong>RS-1607-03-2324<\/strong> &#8211; Resilient management of bioactive compounds from plants and organic wastes in Middle-Europe\u00a0<\/p><p>\u010d) <strong>SK-0405-14-2223<\/strong> (Umbrella) &#8211; Renewable energy sources.<\/p><p>Seznam partnerskih institucij, s katerimi sodeluje na\u0161a fakulteta in kam lahko greste na mobilnost v okviru omenjenih mre\u017e najdete na spletnem portalu\u00a0<a href=\"https:\/\/www.ceepus.info\/\">www.ceepus.info<\/a>.<\/p><p><strong>Pomembno: V primeru, da institucije, ki bi vas zanimala, ni v nobeni izmed mre\u017e, se na mobilnost prijavite kot Freemover.<\/strong><\/p><h4 style=\"color: slateblue;\"><strong>5. Koliko \u010dasa lahko ostanem na mobilnosti?<\/strong><\/h4><p><strong>Minimalno trajanje mobilnost v kategoriji Teacher je 5 delovnih dni.<\/strong>\u00a0Izjema je skupna mobilnost z namenom udele\u017ebe na ekskurziji, poletni ali zimski \u0161oli, z minimalnim trajanjem 3 dni.<\/p><p>Omejitve glede maksimalnega trajanja mobilnosti ni.\u00a0<strong>Obveza u\u010ditelja na mobilnosti je izvedba najmanj 6 predavateljskih ali mentorskih ur (lahko kombinirano) za vsakih 5 delovnih dni trajanja mobilnost.<\/strong><\/p><p><strong>Primer: za mobilnost, ki traja 30 dni je potrebno izvesti 24 ur predavateljskih in\/ali mentorskih ur.<\/strong><\/p><h4 style=\"color: slateblue;\"><strong>6.<\/strong>\u00a0<strong>Kak\u0161ni so prijavni roki za \u0161tudijsko leto 2023\/2024?<\/strong><\/h4><p>Za mre\u017ene mobilnosti:\u00a0<strong>15. 6. 2023<\/strong> (zimski semester),\u00a0<strong>30. 10. 2023<\/strong> (poletni semester)<br \/>Za Freemover mobilnosti:\u00a0<strong>30. 11. 2023<\/strong>.<\/p><h4 style=\"color: slateblue;\"><strong>7. Koliko zna\u0161a \u0161tipendija?<\/strong><\/h4><p>\u0160tipendijo dodeljuje dr\u017eava gostiteljica, znesek je odvisen od povpre\u010dnih stro\u0161kov \u017eivljenja v posamezni dr\u017eavi. \u0160tipendija obi\u010dajno vklju\u010duje: brezpla\u010dno namestitev, brezpla\u010dno zdravstveno varstvo ter dolo\u010den znesek \u0161tipendije. Ve\u010d informacij dobite s klikom na zastavico posamezne dr\u017eave na spletnem portalu\u00a0<a href=\"https:\/\/www.ceepus.info\/\">www.ceepus.info<\/a>.\u00a0<\/p><h4 style=\"color: slateblue;\"><strong>8. Ali so vklju\u010deni potni stro\u0161ki?<\/strong><\/h4><p>Potni stro\u0161ki za profesorje niso vklju\u010deni.<\/p><h4 style=\"color: slateblue;\"><strong>9. Kako poteka postopek prijave? Ali potrebujem kak\u0161ne dokumente?<\/strong><\/h4><p>Pred prijavo je obvezno, da kontaktirate CEEPUS kooordinatorja UM FKBV in izrazite svoj interes glede mobilnosti.<\/p><p>Za mobilnosti v okviru mre\u017e je postopek popolnoma elektronski. Ne potrebujete nobenih dokumentov! Potrebno je, da se registrirate na spletnem portalu\u00a0<a href=\"https:\/\/www.ceepus.info\/\">www.ceepus.info<\/a>\u00a0in sledite navodilom.<\/p><p>Za Freemover mobilnosti potrebujete dva priporo\u010dila s strani profesorjev ali asistentov UM FKBV (Letter of recommendation) ter potrjeno pozivno pismo (Letter of confirmation) s strani in\u0161titucije gostiteljice. Oba obrazca dobite pri prijavi na spletni portal\u00a0<a href=\"https:\/\/www.ceepus.info\/\">www.ceepus.info<\/a>.<\/p><p>Za pomo\u010d glede prijave se lahko obrnete na CEEPUS koordinatorja UM FKBV.<\/p><p><strong>10. Kje lahko dobim ve\u010d informacij o CEEPUS programu in kdo mi lahko pomaga glede prijave na CEEPUS mobilnost?<\/strong><\/p><p><strong>CEEPUS koordinator na UM FKBV: <span style=\"text-decoration: underline;\">Ur\u0161ka Lisec, mag. kmet.\u00a0<\/span><\/strong><span style=\"text-decoration: underline;\"> (urska.lisec@um.si<span id=\"cloak14ee72dba30550d469bac6e440750353\"><\/span>);<\/span><\/p><p><strong>Spletna stran CMEPIUSa:<\/strong>\u00a0<a href=\"https:\/\/www.cmepius.si\/visokosolsko-izobrazevanje\/ceepus-2\/;\">https:\/\/www.cmepius.si\/visokosolsko-izobrazevanje\/ceepus-2\/;<\/a><\/p><p><strong>Spletni portal CEEPUS:\u00a0<\/strong><a href=\"https:\/\/www.ceepus.info\/\">www.ceepus.info<\/a>.\u00a0<\/p><\/div><div class=\"art-article\" style=\"color: #000000; font-family: Tahoma, Arial, Helvetica, sans-serif; font-size: 13px; font-style: normal; font-variant-ligatures: normal; font-variant-caps: normal; font-weight: 400; letter-spacing: normal; orphans: 2; text-align: justify; text-indent: 0px; text-transform: none; white-space: normal; widows: 2; word-spacing: 0px; -webkit-text-stroke-width: 0px; background-color: #ffffff; text-decoration-thickness: initial; text-decoration-style: initial; text-decoration-color: initial;\"><p style=\"margin: 13px 0px; padding: 0px;\">\u00a0<\/p><\/div>\t\t\t\t\t\t\t\t<\/div>\n\t\t\t\t<\/div>\n\t\t\t\t\t<\/div>\n\t\t<\/div>\n\t\t\t\t\t<\/div>\n\t\t<\/section>\n\t\t\t\t<section class=\"elementor-section elementor-top-section elementor-element elementor-element-38ab330a elementor-section-boxed elementor-section-height-default elementor-section-height-default\" data-id=\"38ab330a\" data-element_type=\"section\" data-e-type=\"section\">\n\t\t\t\t\t\t<div class=\"elementor-container elementor-column-gap-default\">\n\t\t\t\t\t<div class=\"elementor-column elementor-col-100 elementor-top-column elementor-element elementor-element-1d9aec76\" data-id=\"1d9aec76\" data-element_type=\"column\" data-e-type=\"column\">\n\t\t\t<div class=\"elementor-widget-wrap elementor-element-populated\">\n\t\t\t\t\t\t<div class=\"elementor-element elementor-element-2e50c187 elementor-widget__width-initial elementor-fixed elementor-view-default elementor-widget elementor-widget-icon\" data-id=\"2e50c187\" data-element_type=\"widget\" data-e-type=\"widget\" id=\"scrollToTheTop\" data-settings=\"{&quot;_position&quot;:&quot;fixed&quot;,&quot;_animation&quot;:&quot;none&quot;}\" data-widget_type=\"icon.default\">\n\t\t\t\t<div class=\"elementor-widget-container\">\n\t\t\t\t\t\t\t<div class=\"elementor-icon-wrapper\">\n\t\t\t<a class=\"elementor-icon elementor-animation-grow\" href=\"#scrollToTheTop\">\n\t\t\t<i aria-hidden=\"true\" class=\"fas fa-chevron-circle-up\"><\/i>\t\t\t<\/a>\n\t\t<\/div>\n\t\t\t\t\t\t<\/div>\n\t\t\t\t<\/div>\n\t\t\t\t\t<\/div>\n\t\t<\/div>\n\t\t\t\t\t<\/div>\n\t\t<\/section>\n\t\t\t\t<\/div>\n\t\t","protected":false},"excerpt":{"rendered":"<p>CEEPUS program za zaposlene um fkbv Pomembne informacije 1. Kaj pomeni CEEPUS? CEEPUS (Central European Exchange Program for University Studies) je regionalni program, ki vzpostavlja in spodbuja mobilnosti \u0161tudentov in profesorjev med sodelujo\u010dimi dr\u017eavami ter izkori\u0161\u010da prijateljske povezave in mo\u017enosti za oblikovanje skupnih \u0161tudijskih programov. 2. Kdo sodeluje v CEEPUS programu? V CEEPUS programu sodelujejo [&hellip;]<\/p>\n","protected":false},"author":1,"featured_media":0,"parent":0,"menu_order":0,"comment_status":"closed","ping_status":"closed","template":"elementor_header_footer","meta":{"ocean_post_layout":"","ocean_both_sidebars_style":"","ocean_both_sidebars_content_width":0,"ocean_both_sidebars_sidebars_width":0,"ocean_sidebar":"0","ocean_second_sidebar":"0","ocean_disable_margins":"enable","ocean_add_body_class":"","ocean_shortcode_before_top_bar":"","ocean_shortcode_after_top_bar":"","ocean_shortcode_before_header":"","ocean_shortcode_after_header":"","ocean_has_shortcode":"","ocean_shortcode_after_title":"","ocean_shortcode_before_footer_widgets":"","ocean_shortcode_after_footer_widgets":"","ocean_shortcode_before_footer_bottom":"","ocean_shortcode_after_footer_bottom":"","ocean_display_top_bar":"default","ocean_display_header":"default","ocean_header_style":"","ocean_center_header_left_menu":"0","ocean_custom_header_template":"0","ocean_custom_logo":0,"ocean_custom_retina_logo":0,"ocean_custom_logo_max_width":0,"ocean_custom_logo_tablet_max_width":0,"ocean_custom_logo_mobile_max_width":0,"ocean_custom_logo_max_height":0,"ocean_custom_logo_tablet_max_height":0,"ocean_custom_logo_mobile_max_height":0,"ocean_header_custom_menu":"0","ocean_menu_typo_font_family":"0","ocean_menu_typo_font_subset":"","ocean_menu_typo_font_size":0,"ocean_menu_typo_font_size_tablet":0,"ocean_menu_typo_font_size_mobile":0,"ocean_menu_typo_font_size_unit":"px","ocean_menu_typo_font_weight":"","ocean_menu_typo_font_weight_tablet":"","ocean_menu_typo_font_weight_mobile":"","ocean_menu_typo_transform":"","ocean_menu_typo_transform_tablet":"","ocean_menu_typo_transform_mobile":"","ocean_menu_typo_line_height":0,"ocean_menu_typo_line_height_tablet":0,"ocean_menu_typo_line_height_mobile":0,"ocean_menu_typo_line_height_unit":"","ocean_menu_typo_spacing":0,"ocean_menu_typo_spacing_tablet":0,"ocean_menu_typo_spacing_mobile":0,"ocean_menu_typo_spacing_unit":"","ocean_menu_link_color":"","ocean_menu_link_color_hover":"","ocean_menu_link_color_active":"","ocean_menu_link_background":"","ocean_menu_link_hover_background":"","ocean_menu_link_active_background":"","ocean_menu_social_links_bg":"","ocean_menu_social_hover_links_bg":"","ocean_menu_social_links_color":"","ocean_menu_social_hover_links_color":"","ocean_disable_title":"default","ocean_disable_heading":"default","ocean_post_title":"","ocean_post_subheading":"","ocean_post_title_style":"","ocean_post_title_background_color":"","ocean_post_title_background":0,"ocean_post_title_bg_image_position":"","ocean_post_title_bg_image_attachment":"","ocean_post_title_bg_image_repeat":"","ocean_post_title_bg_image_size":"","ocean_post_title_height":0,"ocean_post_title_bg_overlay":0.5,"ocean_post_title_bg_overlay_color":"","ocean_disable_breadcrumbs":"default","ocean_breadcrumbs_color":"","ocean_breadcrumbs_separator_color":"","ocean_breadcrumbs_links_color":"","ocean_breadcrumbs_links_hover_color":"","ocean_display_footer_widgets":"default","ocean_display_footer_bottom":"default","ocean_custom_footer_template":"0","footnotes":""},"folder":[],"class_list":["post-1394","page","type-page","status-publish","hentry","entry"],"publishpress_future_action":{"enabled":false,"date":"2026-05-08 12:51:31","action":"change-status","newStatus":"draft","terms":[],"taxonomy":"folder","extraData":[]},"publishpress_future_workflow_manual_trigger":{"enabledWorkflows":[]},"_links":{"self":[{"href":"https:\/\/www.fkbv.um.si\/index.php?rest_route=\/wp\/v2\/pages\/1394","targetHints":{"allow":["GET"]}}],"collection":[{"href":"https:\/\/www.fkbv.um.si\/index.php?rest_route=\/wp\/v2\/pages"}],"about":[{"href":"https:\/\/www.fkbv.um.si\/index.php?rest_route=\/wp\/v2\/types\/page"}],"author":[{"embeddable":true,"href":"https:\/\/www.fkbv.um.si\/index.php?rest_route=\/wp\/v2\/users\/1"}],"replies":[{"embeddable":true,"href":"https:\/\/www.fkbv.um.si\/index.php?rest_route=%2Fwp%2Fv2%2Fcomments&post=1394"}],"version-history":[{"count":31,"href":"https:\/\/www.fkbv.um.si\/index.php?rest_route=\/wp\/v2\/pages\/1394\/revisions"}],"predecessor-version":[{"id":18788,"href":"https:\/\/www.fkbv.um.si\/index.php?rest_route=\/wp\/v2\/pages\/1394\/revisions\/18788"}],"wp:attachment":[{"href":"https:\/\/www.fkbv.um.si\/index.php?rest_route=%2Fwp%2Fv2%2Fmedia&parent=1394"}],"wp:term":[{"taxonomy":"folder","embeddable":true,"href":"https:\/\/www.fkbv.um.si\/index.php?rest_route=%2Fwp%2Fv2%2Ffolder&post=1394"}],"curies":[{"name":"wp","href":"https:\/\/api.w.org\/{rel}","templated":true}]}}